
{"id":9249,"date":"2026-04-20T00:15:56","date_gmt":"2026-04-20T00:15:56","guid":{"rendered":"https:\/\/tlalixpan.com\/?product=humus-de-lombriz-organica-5lt-5lts"},"modified":"2026-04-20T00:15:56","modified_gmt":"2026-04-20T00:15:56","slug":"humus-de-lombriz-organica-5lt-5lts","status":"publish","type":"product","link":"https:\/\/tlalixpan.com\/?product=humus-de-lombriz-organica-5lt-5lts","title":{"rendered":"Humus de lombriz org\u00e1nica 5lt &#8211; 5lts"},"content":{"rendered":"<p>Lombricomposta, tambien conocida como vermicomposta o humus de lombriz, se produce en un huerta agroecol\u00f3gica de Nayarit. Es un mejorador de suelos \u00fanico, pues acondiciona, pero tambien es un abono org\u00e1nico que aporta nutrientes al suelo, gracias a los \u00e1cidos humicos y fulvicos que producen las lombrices.<\/p>\n","protected":false},"excerpt":{"rendered":"<p>Lombricomposta, tambien conocida como vermicomposta o humus de lombriz, se produce en un huerta agroecol\u00f3gica de Nayarit. Es un mejorador de suelos \u00fanico, pues acondiciona, pero tambien es un abono org\u00e1nico que aporta nutrientes al suelo, gracias a los \u00e1cidos humicos y fulvicos que producen las lombrices.<\/p>\n","protected":false},"featured_media":0,"comment_status":"open","ping_status":"closed","template":"","meta":[],"product_brand":[],"product_cat":[],"product_tag":[],"class_list":{"0":"post-9249","1":"product","2":"type-product","3":"status-publish","6":"first","7":"instock","8":"shipping-taxable","9":"purchasable","10":"product-type-simple"},"_links":{"self":[{"href":"https:\/\/tlalixpan.com\/index.php?rest_route=\/wp\/v2\/product\/9249","targetHints":{"allow":["GET"]}}],"collection":[{"href":"https:\/\/tlalixpan.com\/index.php?rest_route=\/wp\/v2\/product"}],"about":[{"href":"https:\/\/tlalixpan.com\/index.php?rest_route=\/wp\/v2\/types\/product"}],"replies":[{"embeddable":true,"href":"https:\/\/tlalixpan.com\/index.php?rest_route=%2Fwp%2Fv2%2Fcomments&post=9249"}],"wp:attachment":[{"href":"https:\/\/tlalixpan.com\/index.php?rest_route=%2Fwp%2Fv2%2Fmedia&parent=9249"}],"wp:term":[{"taxonomy":"product_brand","embeddable":true,"href":"https:\/\/tlalixpan.com\/index.php?rest_route=%2Fwp%2Fv2%2Fproduct_brand&post=9249"},{"taxonomy":"product_cat","embeddable":true,"href":"https:\/\/tlalixpan.com\/index.php?rest_route=%2Fwp%2Fv2%2Fproduct_cat&post=9249"},{"taxonomy":"product_tag","embeddable":true,"href":"https:\/\/tlalixpan.com\/index.php?rest_route=%2Fwp%2Fv2%2Fproduct_tag&post=9249"}],"curies":[{"name":"wp","href":"https:\/\/api.w.org\/{rel}","templated":true}]}}