
{"id":8061,"date":"2026-04-19T18:32:49","date_gmt":"2026-04-19T18:32:49","guid":{"rendered":"https:\/\/tlalixpan.com\/?post_type=product&#038;p=8061"},"modified":"2026-04-20T00:11:50","modified_gmt":"2026-04-20T00:11:50","slug":"esponja-facial-1-pza","status":"publish","type":"product","link":"https:\/\/tlalixpan.com\/?product=esponja-facial-1-pza","title":{"rendered":"Esponja Facial 1 pza"},"content":{"rendered":"<h3>Esponja Facial<\/h3>\n<p>n<\/p>\n<h4>&#8211; Presentaci\u00f3n 1 pieza<\/h4>\n<p>nEn tejido en crochet, tipo panal, de fibras naturales de sisal (henequ\u00e9n).<br \/>\nn<br \/>\nnSe recomienda para el lavado de la cara, promoviendo una exfoliaci\u00f3n profunda, para retirar todos los residuos de cremas, maquillajes y dem\u00e1s, acompa\u00f1ada con tu<a href=\"https:\/\/tlalixpan.com\/cosmetico\/jabon-de-tocador\/\"> jab\u00f3n<\/a> preferido, es la mejor forma de obtener una limpieza a profundidad, aportando un \u00f3ptimo cuidado de la piel.<br \/>\nn<br \/>\nnCon ella promueves la circulaci\u00f3n sanguinea, la rehidrataci\u00f3n de la piel al promover las grasas naturales, ayuda a evitar y\/o limpiar de espinillas y puntos negros; en la renovaci\u00f3n celular, con lo que se repara la piel da\u00f1ada, adem\u00e1s de ayudar a eliminar pelos enterrados. Al lavar tu piel con estas fibras puedes disminuir problemas de granos y mejorar la circulaci\u00f3n.<br \/>\nn<br \/>\nnAl ser de fibras naturales no solo son buenas para el cuidado de la piel, tambien son totalmente biodegradables. Estas son elaborados artesanalmente en el Edo. de M\u00e9xico y con tu compra permites y fomentas el cultivo tradicional de estas plantas y la conservaci\u00f3n de trabajos dignos y t\u00e9cnicas artesanales.<br \/>\nn<br \/>\nnpara leer m\u00e1s: <a href=\"https:\/\/www.gob.mx\/agricultura\/es\/articulos\/henequen-la-fibra-que-crea-arte\">fibra que crea arte.<\/a><\/p>\n","protected":false},"excerpt":{"rendered":"<p>Esponja facial de fibra de sisal, tejida en panal con t\u00e9cnica crochet, para uso facial, para una limpieza y exfoliaci\u00f3n profunda. Con tu compra permites la continudad de los trabajos artesanales a base de fibras naturales. Totalmente biodegradable.<\/p>\n","protected":false},"featured_media":451,"comment_status":"open","ping_status":"closed","template":"","meta":[],"product_brand":[],"product_cat":[612],"product_tag":[622],"class_list":{"0":"post-8061","1":"product","2":"type-product","3":"status-publish","4":"has-post-thumbnail","6":"product_cat-cosmetica-limpieza-vida-cero","7":"product_tag-bano-cuidado-de-la-piel-estropajo-exfoliacion-fibra-natural-henequen-jabonera-kigen-productos-para-el-cuidado-de-la-piel-sisal","9":"first","10":"instock","11":"shipping-taxable","12":"purchasable","13":"product-type-simple"},"_links":{"self":[{"href":"https:\/\/tlalixpan.com\/index.php?rest_route=\/wp\/v2\/product\/8061","targetHints":{"allow":["GET"]}}],"collection":[{"href":"https:\/\/tlalixpan.com\/index.php?rest_route=\/wp\/v2\/product"}],"about":[{"href":"https:\/\/tlalixpan.com\/index.php?rest_route=\/wp\/v2\/types\/product"}],"replies":[{"embeddable":true,"href":"https:\/\/tlalixpan.com\/index.php?rest_route=%2Fwp%2Fv2%2Fcomments&post=8061"}],"wp:featuredmedia":[{"embeddable":true,"href":"https:\/\/tlalixpan.com\/index.php?rest_route=\/wp\/v2\/media\/451"}],"wp:attachment":[{"href":"https:\/\/tlalixpan.com\/index.php?rest_route=%2Fwp%2Fv2%2Fmedia&parent=8061"}],"wp:term":[{"taxonomy":"product_brand","embeddable":true,"href":"https:\/\/tlalixpan.com\/index.php?rest_route=%2Fwp%2Fv2%2Fproduct_brand&post=8061"},{"taxonomy":"product_cat","embeddable":true,"href":"https:\/\/tlalixpan.com\/index.php?rest_route=%2Fwp%2Fv2%2Fproduct_cat&post=8061"},{"taxonomy":"product_tag","embeddable":true,"href":"https:\/\/tlalixpan.com\/index.php?rest_route=%2Fwp%2Fv2%2Fproduct_tag&post=8061"}],"curies":[{"name":"wp","href":"https:\/\/api.w.org\/{rel}","templated":true}]}}