
{"id":8058,"date":"2026-04-19T18:32:17","date_gmt":"2026-04-19T18:32:17","guid":{"rendered":"https:\/\/tlalixpan.com\/?post_type=product&#038;p=8058"},"modified":"2026-04-20T00:11:50","modified_gmt":"2026-04-20T00:11:50","slug":"estropajo-papalote-15x15","status":"publish","type":"product","link":"https:\/\/tlalixpan.com\/?product=estropajo-papalote-15x15","title":{"rendered":"Estropajo Papalote 15&#215;15"},"content":{"rendered":"<h2>Estropajo Papalote 15&#215;15<\/h2>\n<p>n<\/p>\n<h4>&#8211; Presentaci\u00f3n 1 pieza<\/h4>\n<p>nEsta fibra multiproposito de tejido en crochet, de elaborada de sisal, 100% natural.<br \/>\nn<br \/>\nnPuede servir, tanto para lavar trastes como para el lavado corporal, en tejido en forma romboide tiene un excelente agarre y es \u00f3ptimo para una buena exfoliaci\u00f3n, el henequ\u00e9n es suave con la piel.<br \/>\nn<br \/>\nnPuedes utilizarlo con tu\u00a0 <a href=\"https:\/\/tlalixpan.com\/cosmetico\/jabon-de-tocador\/\">jab\u00f3n<\/a> favorito para lavar tu cuerpo, o bien con <a href=\"https:\/\/tlalixpan.com\/limpieza\/jabon-de-lavanderia\/\">jab\u00f3n de lavander\u00eda<\/a> y desinfectantes para lavar\u00a0 otras superficies o loza.<br \/>\nn<br \/>\nnAl lavar tu piel con estas fibras puedes disminuir problemas de celulitis y mejorar la circulaci\u00f3n, por lo que puedes tallar comodamente tus piernas, brazos o espalda con \u00e9l.<br \/>\nn<br \/>\nnEs totalmente biodegradable, por lo que una vez que termina su vida \u00fatil, puedes compostearlos y se reintegraran en el ambiente. Son elaborados artesanalmente en el Edo. de M\u00e9xico.<br \/>\nn<br \/>\nnCon tu compra permites la continuidad de la siembra del cultivo tradicional del henequ\u00e9n as\u00ed como, de la producci\u00f3n de herramientas artesanales.<br \/>\nn<br \/>\nnPara leer m\u00e1s sobre<a href=\"https:\/\/www.botanical-online.com\/plantas-medicinales\/sisal-propiedades\"> el sisal o henequ\u00e9n<\/a><\/p>\n","protected":false},"excerpt":{"rendered":"<p>Estropajo papalote, es una fibra multiusos, hecha artesanalmente de material 100% natural de sisal, ideal para lavado de supercies y cuerpo entero, es suave con la piel mientras ayuda a exfoliar y mejorar la ciculaci\u00f3n de la piel que se masajea con ella.<\/p>\n","protected":false},"featured_media":456,"comment_status":"open","ping_status":"closed","template":"","meta":[],"product_brand":[],"product_cat":[612],"product_tag":[613],"class_list":{"0":"post-8058","1":"product","2":"type-product","3":"status-publish","4":"has-post-thumbnail","6":"product_cat-cosmetica-limpieza-vida-cero","7":"product_tag-bano-estropajo-fibra-natural-henequen-jabonera-kigen-sisal","9":"first","10":"instock","11":"shipping-taxable","12":"purchasable","13":"product-type-simple"},"_links":{"self":[{"href":"https:\/\/tlalixpan.com\/index.php?rest_route=\/wp\/v2\/product\/8058","targetHints":{"allow":["GET"]}}],"collection":[{"href":"https:\/\/tlalixpan.com\/index.php?rest_route=\/wp\/v2\/product"}],"about":[{"href":"https:\/\/tlalixpan.com\/index.php?rest_route=\/wp\/v2\/types\/product"}],"replies":[{"embeddable":true,"href":"https:\/\/tlalixpan.com\/index.php?rest_route=%2Fwp%2Fv2%2Fcomments&post=8058"}],"wp:featuredmedia":[{"embeddable":true,"href":"https:\/\/tlalixpan.com\/index.php?rest_route=\/wp\/v2\/media\/456"}],"wp:attachment":[{"href":"https:\/\/tlalixpan.com\/index.php?rest_route=%2Fwp%2Fv2%2Fmedia&parent=8058"}],"wp:term":[{"taxonomy":"product_brand","embeddable":true,"href":"https:\/\/tlalixpan.com\/index.php?rest_route=%2Fwp%2Fv2%2Fproduct_brand&post=8058"},{"taxonomy":"product_cat","embeddable":true,"href":"https:\/\/tlalixpan.com\/index.php?rest_route=%2Fwp%2Fv2%2Fproduct_cat&post=8058"},{"taxonomy":"product_tag","embeddable":true,"href":"https:\/\/tlalixpan.com\/index.php?rest_route=%2Fwp%2Fv2%2Fproduct_tag&post=8058"}],"curies":[{"name":"wp","href":"https:\/\/api.w.org\/{rel}","templated":true}]}}