
{"id":8025,"date":"2026-04-19T18:31:45","date_gmt":"2026-04-19T18:31:45","guid":{"rendered":"https:\/\/tlalixpan.com\/?post_type=product&#038;p=8025"},"modified":"2026-04-20T00:11:49","modified_gmt":"2026-04-20T00:11:49","slug":"toalla-sanitaria-maxi1-pza","status":"publish","type":"product","link":"https:\/\/tlalixpan.com\/?product=toalla-sanitaria-maxi1-pza","title":{"rendered":"Toalla Sanitaria Maxi1 pza."},"content":{"rendered":"<h2>Toalla Sanitaria Maxi -Higiene Femenina &#8211;<\/h2>\n<p>n<\/p>\n<h4>Marca Toalla Sana &#8211; Presentaci\u00f3n 1 pza<\/h4>\n<p>nSon confeccionadas de manera artesanal por mujeres de por uin colectivo feminista de educadoras y activistas menstruales,.que trabajan desde casa con textiles especializados y de la m\u00e1s alta calidad. El proceso artesanal que se realiza con cada pieza le otorga un car\u00e1cter de c\u00e1lido y \u00fanico.<br \/>\nn<br \/>\nnTama\u00f1o grande, ideal para flujos abundantes, vienen con estampados variables.<br \/>\nn<br \/>\nnSe utilizan insumos de la m\u00e1s alta calidad, el principal par\u00e1metro que Toalla Sana elige siempre es la salud. elaboradas de forma artesanal en tela de algod\u00f3n org\u00e1nico.<br \/>\nn<br \/>\nnCUBIERTA SUPERIOR (tela en contacto con tu piel) compuesta de 70% bamb\u00fa y 30% algod\u00f3n org\u00e1nico, libre de glifosato, blanqueadores, tintas y perfumes. Esta tela est\u00e1 certificada por Oeko Tex y GOTS las cuales tiene criterios muy claros de cuidado del medio ambiente a lo largo de toda la cadena productiva, adem\u00e1s de incluir criterios sociales.<br \/>\nn<br \/>\nnCAPA ABSORBENTE de algod\u00f3n crudo compactado, libre de absorbentes qu\u00edmicos, geles absorbentes resinas o pegamentos.<br \/>\nn<br \/>\nnCAPA IMPERMEABLE 100% poliuretano laminado (pul) s\u00faper efectivo contra goteos.<br \/>\nn<br \/>\nnCUBIERTA INFERIOR popelina estampada 100% coqueta y 100% algod\u00f3n.<br \/>\nn<br \/>\nnSe lavan muy bien con el <a href=\"https:\/\/tlalixpan.com\/limpieza\/jabon-de-lavanderia\/\">jab\u00f3n garcia<\/a>.<br \/>\nn<br \/>\nnContamos con varios tama\u00f1os, no dejes que tus hijas usen toallas llenas de t\u00f3xinas.<br \/>\nn<br \/>\nnM\u00e1s informaci\u00f3n entra <a href=\"https:\/\/www.rutinasustentable.cl\/el-gran-problema-de-las-toallas-higienicas-y-los-tampones\">aqui.<\/a><\/p>\n","protected":false},"excerpt":{"rendered":"<p>Toalla sanitaria maxi, toalla femenina con puente de algod\u00f3n org\u00e1nico, elaboradas de forma artesanal, ideales para tener un periodo libre de basura y de t\u00f3xicos, comodas y absorbentes, por su tama\u00f1o grande es ideal para flujos abundantes.<\/p>\n","protected":false},"featured_media":555,"comment_status":"open","ping_status":"closed","template":"","meta":[],"product_brand":[],"product_cat":[618],"product_tag":[619],"class_list":{"0":"post-8025","1":"product","2":"type-product","3":"status-publish","4":"has-post-thumbnail","6":"product_cat-alternativas-y-microdosis-vida-cero","7":"product_tag-cuidado-femenino-toallas-femeninas-toallas-sanitarias-toallitas","9":"first","10":"instock","11":"shipping-taxable","12":"purchasable","13":"product-type-simple"},"_links":{"self":[{"href":"https:\/\/tlalixpan.com\/index.php?rest_route=\/wp\/v2\/product\/8025","targetHints":{"allow":["GET"]}}],"collection":[{"href":"https:\/\/tlalixpan.com\/index.php?rest_route=\/wp\/v2\/product"}],"about":[{"href":"https:\/\/tlalixpan.com\/index.php?rest_route=\/wp\/v2\/types\/product"}],"replies":[{"embeddable":true,"href":"https:\/\/tlalixpan.com\/index.php?rest_route=%2Fwp%2Fv2%2Fcomments&post=8025"}],"wp:featuredmedia":[{"embeddable":true,"href":"https:\/\/tlalixpan.com\/index.php?rest_route=\/wp\/v2\/media\/555"}],"wp:attachment":[{"href":"https:\/\/tlalixpan.com\/index.php?rest_route=%2Fwp%2Fv2%2Fmedia&parent=8025"}],"wp:term":[{"taxonomy":"product_brand","embeddable":true,"href":"https:\/\/tlalixpan.com\/index.php?rest_route=%2Fwp%2Fv2%2Fproduct_brand&post=8025"},{"taxonomy":"product_cat","embeddable":true,"href":"https:\/\/tlalixpan.com\/index.php?rest_route=%2Fwp%2Fv2%2Fproduct_cat&post=8025"},{"taxonomy":"product_tag","embeddable":true,"href":"https:\/\/tlalixpan.com\/index.php?rest_route=%2Fwp%2Fv2%2Fproduct_tag&post=8025"}],"curies":[{"name":"wp","href":"https:\/\/api.w.org\/{rel}","templated":true}]}}