
{"id":7573,"date":"2026-04-19T18:30:51","date_gmt":"2026-04-19T18:30:51","guid":{"rendered":"https:\/\/tlalixpan.com\/?post_type=product&#038;p=7573"},"modified":"2026-04-20T00:10:47","modified_gmt":"2026-04-20T00:10:47","slug":"aceite-esencial-cbd-10ml","status":"publish","type":"product","link":"https:\/\/tlalixpan.com\/?product=aceite-esencial-cbd-10ml","title":{"rendered":"Aceite esencial CBD 10ml"},"content":{"rendered":"<h3>CBD<\/h3>\n<p>n<\/p>\n<h4>&#8211; Presentaci\u00f3n Gotero 10 ml<\/h4>\n<p>nAceite esencial Cannabidiol, puede ayudar a calmar y controlar la ansiedad con los efectos de reducci\u00f3n del estr\u00e9s, reducci\u00f3n del ritmo cardiaco, de s\u00edntomas del desorden de estr\u00e9s post-traum\u00e1tico, e inducci\u00f3n del sue\u00f1o.<br \/>\nn<br \/>\nnPuede ayudar a evitar ataques como en caso de epilepsia y otras enfermedades o problemas neuronales.<br \/>\nn<br \/>\nnPuede reducir la inflamaci\u00f3n en problemas neurodegenerativos y se ha usado para tratar, alzh\u00e9imer, esclerosis m\u00faltiple, Parkinson e infartos.<br \/>\nn<br \/>\nnTambi\u00e9n puede ayudar a controlar el dolor en tratamientos de quimioterapia, esclerosis m\u00faltiple, artritis, lesiones de la columna, dolores musculares y dolores cr\u00f3nicos. Puede tener efectos ben\u00e9ficos en tratamientos <a href=\"https:\/\/tlalixpan.com\/alternativas\/cm6-cancer\/\">de cancer<\/a>.<br \/>\nn<br \/>\nnY controlar problemas de acn\u00e9.<br \/>\nn<br \/>\nnPara leer m\u00e1s sobre el <a href=\"https:\/\/www.fundacion-canna.es\/cannabidiol-cbd\">cannabidiol<\/a><br \/>\nn<br \/>\nn&nbsp;<br \/>\nn<br \/>\nn&nbsp;<\/p>\n","protected":false},"excerpt":{"rendered":"<p>CBD, Aceite escencial de Cannabidol, ideal para controlar problemas de insomnio y controlar ansiedad.<\/p>\n","protected":false},"featured_media":0,"comment_status":"open","ping_status":"closed","template":"","meta":[],"product_brand":[],"product_cat":[133],"product_tag":[617],"class_list":{"0":"post-7573","1":"product","2":"type-product","3":"status-publish","5":"product_cat-alternativas-y-microdosis","6":"product_tag-agroecologico-ansiedad-cancer-medicina-alternativa-microdosis-natural-organico-prevencion-de-enfermedades-quimioterapia-salud","8":"first","9":"instock","10":"shipping-taxable","11":"purchasable","12":"product-type-simple"},"_links":{"self":[{"href":"https:\/\/tlalixpan.com\/index.php?rest_route=\/wp\/v2\/product\/7573","targetHints":{"allow":["GET"]}}],"collection":[{"href":"https:\/\/tlalixpan.com\/index.php?rest_route=\/wp\/v2\/product"}],"about":[{"href":"https:\/\/tlalixpan.com\/index.php?rest_route=\/wp\/v2\/types\/product"}],"replies":[{"embeddable":true,"href":"https:\/\/tlalixpan.com\/index.php?rest_route=%2Fwp%2Fv2%2Fcomments&post=7573"}],"wp:attachment":[{"href":"https:\/\/tlalixpan.com\/index.php?rest_route=%2Fwp%2Fv2%2Fmedia&parent=7573"}],"wp:term":[{"taxonomy":"product_brand","embeddable":true,"href":"https:\/\/tlalixpan.com\/index.php?rest_route=%2Fwp%2Fv2%2Fproduct_brand&post=7573"},{"taxonomy":"product_cat","embeddable":true,"href":"https:\/\/tlalixpan.com\/index.php?rest_route=%2Fwp%2Fv2%2Fproduct_cat&post=7573"},{"taxonomy":"product_tag","embeddable":true,"href":"https:\/\/tlalixpan.com\/index.php?rest_route=%2Fwp%2Fv2%2Fproduct_tag&post=7573"}],"curies":[{"name":"wp","href":"https:\/\/api.w.org\/{rel}","templated":true}]}}