
{"id":7271,"date":"2026-04-19T18:30:19","date_gmt":"2026-04-19T18:30:19","guid":{"rendered":"https:\/\/tlalixpan.com\/?post_type=product&#038;p=7271"},"modified":"2026-04-20T00:10:17","modified_gmt":"2026-04-20T00:10:17","slug":"arroz-blanco-100-grs","status":"publish","type":"product","link":"https:\/\/tlalixpan.com\/?product=arroz-blanco-100-grs","title":{"rendered":"Arroz Blanco 100 grs"},"content":{"rendered":"<h3>Arroz Blanco<\/h3>\n<p>n<\/p>\n<h4>&#8211; Presentaci\u00f3n a granel 100 Grs<\/h4>\n<p>nProducto en Morelos,\u00a0 libre de Agro t\u00f3xicos, metales pesados y ars\u00e9nico. De grano medio &#8211; grande.<br \/>\nn<br \/>\nnEl arroz es un cultivo conocido desde hace 8000 a\u00f1os, y unos de los principales alimentos en el mundo, aunque no es alto en contenido de fibra como el integral, si conserva algunas de las vitaminas B1 y B6 y minerales como: Magnesio, F\u00f3sforo, Manganeso y Selenio. Adem\u00e1s este arroz no es ultra procesado.<br \/>\nn<br \/>\nnPor su bajo \u00edndice de carbohidratos fermentables, suele ser un alimento bien aceptado en las personas con sindrome de intestino irritado.<br \/>\nn<br \/>\nnEs un alimento que combina bien con todo y que puedes preparar de muchas formas por ser muy din\u00e1mico; eloborar tu platillo favorito con arroz, risotto, paella, hervido, a la mexicana, con frijoles, con<a href=\"https:\/\/tlalixpan.com\/alimenticio\/cereales-y-semillas\/coco-rallado\/\"> coco<\/a>, o con leche, es muy sencillo y su cocci\u00f3n tarda de 20 a 30 min, cocinando al vapor una porci\u00f3n de arroz x 1 de agua.<br \/>\nn<br \/>\nnSi a\u00fan no dominas el arroz blanco <a href=\"https:\/\/comedera.com\/como-hacer-arroz-blanco-perfecto\/\">aqui<\/a> una forma f\u00e1cil de hacerlo.<br \/>\nn<br \/>\nn&nbsp;<br \/>\nn<\/p>\n<h3><\/h3>\n","protected":false},"excerpt":{"rendered":"<p>Arroz blanco de producci\u00f3n agroecol\u00f3gica, producido en el Estado de Morelos, ideal para preparar tus platillo favorito; f\u00e1cil de cocinar de 20 a 30 min en propociones iguales agua y arroz.<\/p>\n","protected":false},"featured_media":357,"comment_status":"open","ping_status":"closed","template":"","meta":[],"product_brand":[],"product_cat":[516],"product_tag":[],"class_list":{"0":"post-7271","1":"product","2":"type-product","3":"status-publish","4":"has-post-thumbnail","6":"product_cat-cereales-y-semillas-granos-y-derivados-productos-alimenticios","8":"first","9":"instock","10":"shipping-taxable","11":"purchasable","12":"product-type-simple"},"_links":{"self":[{"href":"https:\/\/tlalixpan.com\/index.php?rest_route=\/wp\/v2\/product\/7271","targetHints":{"allow":["GET"]}}],"collection":[{"href":"https:\/\/tlalixpan.com\/index.php?rest_route=\/wp\/v2\/product"}],"about":[{"href":"https:\/\/tlalixpan.com\/index.php?rest_route=\/wp\/v2\/types\/product"}],"replies":[{"embeddable":true,"href":"https:\/\/tlalixpan.com\/index.php?rest_route=%2Fwp%2Fv2%2Fcomments&post=7271"}],"wp:featuredmedia":[{"embeddable":true,"href":"https:\/\/tlalixpan.com\/index.php?rest_route=\/wp\/v2\/media\/357"}],"wp:attachment":[{"href":"https:\/\/tlalixpan.com\/index.php?rest_route=%2Fwp%2Fv2%2Fmedia&parent=7271"}],"wp:term":[{"taxonomy":"product_brand","embeddable":true,"href":"https:\/\/tlalixpan.com\/index.php?rest_route=%2Fwp%2Fv2%2Fproduct_brand&post=7271"},{"taxonomy":"product_cat","embeddable":true,"href":"https:\/\/tlalixpan.com\/index.php?rest_route=%2Fwp%2Fv2%2Fproduct_cat&post=7271"},{"taxonomy":"product_tag","embeddable":true,"href":"https:\/\/tlalixpan.com\/index.php?rest_route=%2Fwp%2Fv2%2Fproduct_tag&post=7271"}],"curies":[{"name":"wp","href":"https:\/\/api.w.org\/{rel}","templated":true}]}}