
{"id":608,"date":"2026-04-17T17:21:56","date_gmt":"2026-04-17T17:21:56","guid":{"rendered":"https:\/\/tlalixpan.com\/?post_type=product&#038;p=608"},"modified":"2026-04-17T17:32:38","modified_gmt":"2026-04-17T17:32:38","slug":"desodorante-natural-artesanal-en-crema","status":"publish","type":"product","link":"https:\/\/tlalixpan.com\/?product=desodorante-natural-artesanal-en-crema","title":{"rendered":"Desodorante Natural Artesanal en crema"},"content":{"rendered":"<p><span style=\"font-weight: 400;\">Marca Deo Tersum &#8211; Presentaci\u00f3n frasco o lata 30 grs.<\/span><\/p>\n<p><span style=\"font-weight: 400;\">Sin aluminio ni parabenos, apto para toda la familia, suave con la piel, no mancha ni la piel ni la ropa, aroma agradable y suave.<\/span><\/p>\n<p><span style=\"font-weight: 400;\">Adem\u00e1s de ser m\u00e1s sustentable (ecol\u00f3gico) es m\u00e1s suave con la piel, por lo que es ideal para personas con piel delicada y sensible, controla los olores y permite a la piel respirar por lo que no hay concentraci\u00f3n de toxinas que puedan acarrear riesgos como, c\u00e1ncer de mama.<\/span><\/p>\n","protected":false},"excerpt":{"rendered":"<p>Desodorante libre de aluminio totalmente natural y artesanal hecho con productos naturales como cera de abeja <span class=\"html-span xexx8yu xyri2b x18d9i69 x1c1uobl x1hl2dhg x16tdsg8 x1vvkbs x3nfvp2 x1j61x8r x1fcty0u xdj266r xat24cr xm2jcoa x1mpyi22 xxymvpz xlup9mm x1kky2od\"><img loading=\"lazy\" decoding=\"async\" class=\"xz74otr x15mokao x1ga7v0g x16uus16 xbiv7yw\" src=\"https:\/\/static.xx.fbcdn.net\/images\/emoji.php\/v9\/t1f\/1\/16\/1f41d.png\" alt=\"\ud83d\udc1d\" width=\"16\" height=\"16\" \/><\/span> manteca de karite Organico, aceite de coco org\u00e1nico, vitamina E, aceite de lavanda 100% natural y org\u00e1nico, bicarbonato, maicena, apto para ni\u00f1os y adultos.<\/p>\n","protected":false},"featured_media":609,"comment_status":"open","ping_status":"closed","template":"","meta":[],"product_brand":[],"product_cat":[332],"product_tag":[],"class_list":{"0":"post-608","1":"product","2":"type-product","3":"status-publish","4":"has-post-thumbnail","6":"product_cat-cosmetica","8":"first","9":"instock","10":"shipping-taxable","11":"purchasable","12":"product-type-simple"},"_links":{"self":[{"href":"https:\/\/tlalixpan.com\/index.php?rest_route=\/wp\/v2\/product\/608","targetHints":{"allow":["GET"]}}],"collection":[{"href":"https:\/\/tlalixpan.com\/index.php?rest_route=\/wp\/v2\/product"}],"about":[{"href":"https:\/\/tlalixpan.com\/index.php?rest_route=\/wp\/v2\/types\/product"}],"replies":[{"embeddable":true,"href":"https:\/\/tlalixpan.com\/index.php?rest_route=%2Fwp%2Fv2%2Fcomments&post=608"}],"wp:featuredmedia":[{"embeddable":true,"href":"https:\/\/tlalixpan.com\/index.php?rest_route=\/wp\/v2\/media\/609"}],"wp:attachment":[{"href":"https:\/\/tlalixpan.com\/index.php?rest_route=%2Fwp%2Fv2%2Fmedia&parent=608"}],"wp:term":[{"taxonomy":"product_brand","embeddable":true,"href":"https:\/\/tlalixpan.com\/index.php?rest_route=%2Fwp%2Fv2%2Fproduct_brand&post=608"},{"taxonomy":"product_cat","embeddable":true,"href":"https:\/\/tlalixpan.com\/index.php?rest_route=%2Fwp%2Fv2%2Fproduct_cat&post=608"},{"taxonomy":"product_tag","embeddable":true,"href":"https:\/\/tlalixpan.com\/index.php?rest_route=%2Fwp%2Fv2%2Fproduct_tag&post=608"}],"curies":[{"name":"wp","href":"https:\/\/api.w.org\/{rel}","templated":true}]}}