
{"id":5879,"date":"2026-04-20T00:06:40","date_gmt":"2026-04-20T00:06:40","guid":{"rendered":"https:\/\/tlalixpan.com\/?product=champu-shampoo-solido-50-grs"},"modified":"2026-04-20T00:06:40","modified_gmt":"2026-04-20T00:06:40","slug":"champu-shampoo-solido-50-grs","status":"publish","type":"product","link":"https:\/\/tlalixpan.com\/?product=champu-shampoo-solido-50-grs","title":{"rendered":"Champ\u00fa \/Shampoo S\u00f3lido 50 grs"},"content":{"rendered":"<h2>Champ\u00fa\/Shampoo s\u00f3lido<\/h2>\n<p>n<\/p>\n<h4>Marca La Fortuna &#8211; Presentaci\u00f3n 1 pieza, 50 Grs<\/h4>\n<p>nElaborado de forma artesanal en Jalisco a base de ingredientes naturales, sin parabenos, sin sulfatos y sin pl\u00e1stico; es una excelente alternativa para reducir el uso del pl\u00e1stico, con cada compra.<br \/>\nn<br \/>\nnEs sencillo de usar, solo aplica sobre el cabello mojado, cerca del las raices, dando un ligero masaje en el cuero cabelludo, el resto del cabello se lava con el enjuage y listo.<br \/>\nn<br \/>\nnRinde aproximadamente 30 lavadas, cabellos cortos y largos, mantenlo en un lugar seco despu\u00e9s del ba\u00f1o o lavado.<br \/>\nn<br \/>\nnIdeal para viajes en avi\u00f3n, para llevar en tu mochila, para el gimnasio, o cualquier otra salida, acompa\u00f1alo de la <a href=\"https:\/\/tlalixpan.com\/cosmetico\/crema-corporal\/\">crema s\u00f3lida<\/a> y hazlos el paquete perfecto.<br \/>\nn<br \/>\nnEstos champ\u00fas utilizan menor cantidad de agua en su <a href=\"https:\/\/www.elle.com\/es\/belleza\/cara-cuerpo\/a30510727\/que-es-el-champu-solido-y-que-ventajas-tiene\/\">elaboraci\u00f3n<\/a>, por lo que son m\u00e1s sustentables para el medio ambiente, adem\u00e1s este ayuda a mantener la salud de tu cuero cabelludo y cabello mientras lo deja suave al tacto, manejable y saludable.<br \/>\nn<br \/>\nnAcompa\u00f1alo de <a href=\"https:\/\/tlalixpan.com\/vida-cero\/acondicionador-en-lata\/\">acondicionador en crema<\/a> si tu cabello es d\u00edf\u00edcil de manejar.<br \/>\nn<br \/>\nn&nbsp;<\/p>\n","protected":false},"excerpt":{"rendered":"<p>Cham\u00fa o Shampoo s\u00f3lido de producci\u00f3n tapatia artesanal, presentaci\u00f3n a granel barra de 50 grs, rinde aproximadamente 30 lavadas, deja tu cabello suave y manejable. Ideal para viajes.<\/p>\n","protected":false},"featured_media":0,"comment_status":"open","ping_status":"closed","template":"","meta":[],"product_brand":[],"product_cat":[587],"product_tag":[649],"class_list":{"0":"post-5879","1":"product","2":"type-product","3":"status-publish","5":"product_cat-cosmetica-vida-cero","6":"product_tag-coco-jojoba-la-fortuna-lavanda-manzanilla-maracuya-mentha-romero-shampoo-shampoo-solido-zerowaste","8":"first","9":"instock","10":"shipping-taxable","11":"product-type-variable"},"_links":{"self":[{"href":"https:\/\/tlalixpan.com\/index.php?rest_route=\/wp\/v2\/product\/5879","targetHints":{"allow":["GET"]}}],"collection":[{"href":"https:\/\/tlalixpan.com\/index.php?rest_route=\/wp\/v2\/product"}],"about":[{"href":"https:\/\/tlalixpan.com\/index.php?rest_route=\/wp\/v2\/types\/product"}],"replies":[{"embeddable":true,"href":"https:\/\/tlalixpan.com\/index.php?rest_route=%2Fwp%2Fv2%2Fcomments&post=5879"}],"wp:attachment":[{"href":"https:\/\/tlalixpan.com\/index.php?rest_route=%2Fwp%2Fv2%2Fmedia&parent=5879"}],"wp:term":[{"taxonomy":"product_brand","embeddable":true,"href":"https:\/\/tlalixpan.com\/index.php?rest_route=%2Fwp%2Fv2%2Fproduct_brand&post=5879"},{"taxonomy":"product_cat","embeddable":true,"href":"https:\/\/tlalixpan.com\/index.php?rest_route=%2Fwp%2Fv2%2Fproduct_cat&post=5879"},{"taxonomy":"product_tag","embeddable":true,"href":"https:\/\/tlalixpan.com\/index.php?rest_route=%2Fwp%2Fv2%2Fproduct_tag&post=5879"}],"curies":[{"name":"wp","href":"https:\/\/api.w.org\/{rel}","templated":true}]}}