
{"id":5868,"date":"2026-04-19T18:28:39","date_gmt":"2026-04-19T18:28:39","guid":{"rendered":"https:\/\/tlalixpan.com\/?post_type=product&#038;p=5868"},"modified":"2026-04-20T00:06:30","modified_gmt":"2026-04-20T00:06:30","slug":"cm4-diabetes","status":"publish","type":"product","link":"https:\/\/tlalixpan.com\/?product=cm4-diabetes","title":{"rendered":"CM4. Diabetes"},"content":{"rendered":"<h3>Diabetes<\/h3>\n<p>n<\/p>\n<h4>Marca Lebom &#8211; Presentaci\u00f3n gotero 37 ml<\/h4>\n<p>nCompuesto en microdosis para diabetes, ri\u00f1ones, digesti\u00f3n, colesterol, \u00e1cido \u00farico. Uso oral.<br \/>\nn<br \/>\nnEste compuesto de 16 plantas:<br \/>\nn<\/p>\n<ul>\nn \t<\/p>\n<li>Ayuda al cuerpo a reducir el exceso de az\u00facar, \u00e1cido \u00farico y l\u00edquidos (edemas).<\/li>\n<p>n \t<\/p>\n<li>Limpia los ri\u00f1ones, eliminando el \u00e1cido \u00farico y los beneficia en caso de insuficiencia renal, nefropat\u00eda diab\u00e9tica y di\u00e1lisis, por los compuestos sulfurosos y la alicina.<\/li>\n<p>n \t<\/p>\n<li>Estimula al pancreas para que produzca insulina, gracias a la fenugrecina, trigonelina y los terpenos.<\/li>\n<p>n \t<\/p>\n<li>Reduce el nivel de az\u00facar en la sangre, incluso cuando hay resistencia a la insulina, y ayuda a mantener estable este nivel sin riesgo de producir hipoglucemia, por el manganeso, la milimarina, los cortenoides, el daucosterol, la quercitina, el \u00e1cido urs\u00f3lico y el omega 6.<\/li>\n<p>n \t<\/p>\n<li>Mejora la sensibilidad en pies y manos, cuando hay perdida, y mejora la visi\u00f3n.<\/li>\n<p>n<\/ul>\n<p>nIngredientes: Ajo, Alfalfa, Alpiste, Apio, Azafr\u00e1n, C\u00farcuma, Cardo mariano, Cola de caballo, Comino, Pimienta, Diente de le\u00f3n, Eucalipto, Fenogreco, Gu\u00e1sima, Moringa, Naranjo dulce.<br \/>\nn<br \/>\nn&nbsp;<\/p>\n","protected":false},"excerpt":{"rendered":"<p>MARCA LEBOM. COMPUESTO EN MICRODOSIS PARA DIABETES, RI\u00d1ONES, DIGESTI\u00d3N, COLESTEROL, \u00c1CIDO \u00daRICO. USO ORAL\u00a0 &#8211; PRESENTACI\u00d3N GOTERO 37 ML<\/p>\n","protected":false},"featured_media":0,"comment_status":"open","ping_status":"closed","template":"","meta":[],"product_brand":[],"product_cat":[133],"product_tag":[604],"class_list":{"0":"post-5868","1":"product","2":"type-product","3":"status-publish","5":"product_cat-alternativas-y-microdosis","6":"product_tag-azucar-diabetes-microdosis-organico-organicos-prevencion-salud","8":"first","9":"instock","10":"shipping-taxable","11":"purchasable","12":"product-type-simple"},"_links":{"self":[{"href":"https:\/\/tlalixpan.com\/index.php?rest_route=\/wp\/v2\/product\/5868","targetHints":{"allow":["GET"]}}],"collection":[{"href":"https:\/\/tlalixpan.com\/index.php?rest_route=\/wp\/v2\/product"}],"about":[{"href":"https:\/\/tlalixpan.com\/index.php?rest_route=\/wp\/v2\/types\/product"}],"replies":[{"embeddable":true,"href":"https:\/\/tlalixpan.com\/index.php?rest_route=%2Fwp%2Fv2%2Fcomments&post=5868"}],"wp:attachment":[{"href":"https:\/\/tlalixpan.com\/index.php?rest_route=%2Fwp%2Fv2%2Fmedia&parent=5868"}],"wp:term":[{"taxonomy":"product_brand","embeddable":true,"href":"https:\/\/tlalixpan.com\/index.php?rest_route=%2Fwp%2Fv2%2Fproduct_brand&post=5868"},{"taxonomy":"product_cat","embeddable":true,"href":"https:\/\/tlalixpan.com\/index.php?rest_route=%2Fwp%2Fv2%2Fproduct_cat&post=5868"},{"taxonomy":"product_tag","embeddable":true,"href":"https:\/\/tlalixpan.com\/index.php?rest_route=%2Fwp%2Fv2%2Fproduct_tag&post=5868"}],"curies":[{"name":"wp","href":"https:\/\/api.w.org\/{rel}","templated":true}]}}