
{"id":5865,"date":"2026-04-19T18:27:34","date_gmt":"2026-04-19T18:27:34","guid":{"rendered":"https:\/\/tlalixpan.com\/?post_type=product&#038;p=5865"},"modified":"2026-04-20T00:06:29","modified_gmt":"2026-04-20T00:06:29","slug":"cm1-sistema-inmune","status":"publish","type":"product","link":"https:\/\/tlalixpan.com\/?product=cm1-sistema-inmune","title":{"rendered":"CM1. Sistema Inmune"},"content":{"rendered":"<h2>Microdosis CM1 Sistema inmune<\/h2>\n<p>n<\/p>\n<h4>Marca LEBOM &#8211; Presentaci\u00f3n gotero 37ml<\/h4>\n<p>nCompuesto en microdosis para el sistema inmunol\u00f3gico, bacterias, hongos, amibas, coccidia, asma, sinusitis. Uso oral.<br \/>\nn<br \/>\nnEl sistema de defensas del cuerpo se puede debilitar por estr\u00e9s, mala alimentaci\u00f3no falta de ejercicio; para que pueda afrontar de manera r\u00e1pida y eficaz los pat\u00f3genos que la amenazan, este compuesto:<br \/>\nn<\/p>\n<ul>\nn \t<\/p>\n<li>Fortalece el sistema inmunol\u00f3gico, estimula la producci\u00f3n de gl\u00f3bulos blancos, mavr\u00f3fagos, lifocitos T, e interfer\u00f3n.<\/li>\n<p>n \t<\/p>\n<li>Descongestiona y desinflama, lo que ayuda en asma, sinusitis, artritis, colitis, gastritis y otras inflamaciones, por la quercilina, camaxuleno, flavonoides y \u00e1cidos fen\u00f3licos.<\/li>\n<p>n \t<\/p>\n<li>Detine el currimiento nasal y la diarrea, por el carnasol, alicina, compuestos azufrados, taninos, mentol y anetol.<\/li>\n<p>n<\/ul>\n<p>nIngredientes: Palo azul, Moringa, Guam\u00fachil, Verdolaga, Ajenjo o Artemisa, Cebolla morada, Manzanilla, Hinojo o eneldo, Equinacea, Menta, Lavanda, Romero, Ajo, R\u00e1bano.<\/p>\n","protected":false},"excerpt":{"rendered":"<p>Compuesto en microdosis para reforzar el sistema inmune, puede ayudar en problemas de infecci\u00f3nes con bacterias, hongos, amibas, coccidia, asma, sinusitis. De uso oral, gotero de 37 ml. 3 gotas 4 veces al d\u00eda.<\/p>\n","protected":false},"featured_media":0,"comment_status":"open","ping_status":"closed","template":"","meta":[],"product_brand":[],"product_cat":[133],"product_tag":[601],"class_list":{"0":"post-5865","1":"product","2":"type-product","3":"status-publish","5":"product_cat-alternativas-y-microdosis","6":"product_tag-microdosis-prevencion-prevencion-de-enfermedades-salud-sistema-inmunologico","8":"first","9":"instock","10":"shipping-taxable","11":"purchasable","12":"product-type-simple"},"_links":{"self":[{"href":"https:\/\/tlalixpan.com\/index.php?rest_route=\/wp\/v2\/product\/5865","targetHints":{"allow":["GET"]}}],"collection":[{"href":"https:\/\/tlalixpan.com\/index.php?rest_route=\/wp\/v2\/product"}],"about":[{"href":"https:\/\/tlalixpan.com\/index.php?rest_route=\/wp\/v2\/types\/product"}],"replies":[{"embeddable":true,"href":"https:\/\/tlalixpan.com\/index.php?rest_route=%2Fwp%2Fv2%2Fcomments&post=5865"}],"wp:attachment":[{"href":"https:\/\/tlalixpan.com\/index.php?rest_route=%2Fwp%2Fv2%2Fmedia&parent=5865"}],"wp:term":[{"taxonomy":"product_brand","embeddable":true,"href":"https:\/\/tlalixpan.com\/index.php?rest_route=%2Fwp%2Fv2%2Fproduct_brand&post=5865"},{"taxonomy":"product_cat","embeddable":true,"href":"https:\/\/tlalixpan.com\/index.php?rest_route=%2Fwp%2Fv2%2Fproduct_cat&post=5865"},{"taxonomy":"product_tag","embeddable":true,"href":"https:\/\/tlalixpan.com\/index.php?rest_route=%2Fwp%2Fv2%2Fproduct_tag&post=5865"}],"curies":[{"name":"wp","href":"https:\/\/api.w.org\/{rel}","templated":true}]}}