
{"id":5795,"date":"2026-04-20T00:06:09","date_gmt":"2026-04-20T00:06:09","guid":{"rendered":"https:\/\/tlalixpan.com\/?product=planta-en-maceta"},"modified":"2026-04-20T00:06:09","modified_gmt":"2026-04-20T00:06:09","slug":"planta-en-maceta","status":"publish","type":"product","link":"https:\/\/tlalixpan.com\/?product=planta-en-maceta","title":{"rendered":"Planta en maceta"},"content":{"rendered":"<h3>Planta en maceta<\/h3>\n<p>n<\/p>\n<h4>&#8211; Presentaci\u00f3n: maceta de 2&#8243;<\/h4>\n<p>nPlanta producida agroecol\u00f3gicamente en Nayarit\/Jalisco, de distintas especies<br \/>\nn<br \/>\nnExcelentes para condimentar salsas, carnes y para usarse en panader\u00eda, o bien para utilizar en infusiones (t\u00e9s), realizar macerados, mezclar en el huerto para controlar plagas.<br \/>\nn<br \/>\nnComienza tu farmacia viva en casa.<br \/>\nn<br \/>\nnEl cuidar plantas en casa ayuda con problemas de ansiedad y estres, adem\u00e1s aportan parte de la dieta diaria, a las personas m\u00e1s peque\u00f1as de la familia les ayuda a aprender sobre la empatia, los cuidados y a tener paciencia, adem\u00e1s que aprenden a comer mejor.<br \/>\nn<br \/>\nnPuedes necesitar productos de nuestro catalogo de huertos, como tierras diatomeas, <a href=\"https:\/\/tlalixpan.com\/jardineria-y-huertos\/lombricomposta\/\">compostas<\/a> o <a href=\"https:\/\/tlalixpan.com\/jardineria-y-huertos\/lixiviado-de-lombriz\/\">lixiviado<\/a>.<br \/>\nn<br \/>\nnPara saber m\u00e1s entra<a href=\"https:\/\/www.gob.mx\/bienestar%7Csembrandovida\/articulos\/seis-plantas-aromaticas-faciles-de-sembrar-en-casa\"> aqui.<\/a><br \/>\nn<br \/>\nnPor sus cuidados y manejos se recomienda en entregas en la ZMG.<br \/>\nn<br \/>\nnEstas plantas se pueden elaborar sobre pedido, tambi\u00e9n pueden ser de otras vairedades, tardando entre 1 mes y 1.5 meses, pregunta por un mensaje en la <a href=\"https:\/\/tlalixpan.com\/contacto\/\">pagina de contacto.<\/a><\/p>\n","protected":false},"excerpt":{"rendered":"<p>Planta en maceta, de producci\u00f3n agroecol\u00f3gicas de la zona del occidente de M\u00e9xico. Ideales para empezar el huerto o la farmacia viva en casa. chicas en presentaci\u00f3n de 2&#8243;. Otras variedades pregunta.<\/p>\n","protected":false},"featured_media":0,"comment_status":"open","ping_status":"closed","template":"","meta":[],"product_brand":[],"product_cat":[142],"product_tag":[643],"class_list":{"0":"post-5795","1":"product","2":"type-product","3":"status-publish","5":"product_cat-jardinerias-y-huertos","6":"product_tag-aromaticas-cocina-farmacia-viva-hierbas-olores-planta-romero","8":"first","9":"instock","10":"shipping-taxable","11":"product-type-variable"},"_links":{"self":[{"href":"https:\/\/tlalixpan.com\/index.php?rest_route=\/wp\/v2\/product\/5795","targetHints":{"allow":["GET"]}}],"collection":[{"href":"https:\/\/tlalixpan.com\/index.php?rest_route=\/wp\/v2\/product"}],"about":[{"href":"https:\/\/tlalixpan.com\/index.php?rest_route=\/wp\/v2\/types\/product"}],"replies":[{"embeddable":true,"href":"https:\/\/tlalixpan.com\/index.php?rest_route=%2Fwp%2Fv2%2Fcomments&post=5795"}],"wp:attachment":[{"href":"https:\/\/tlalixpan.com\/index.php?rest_route=%2Fwp%2Fv2%2Fmedia&parent=5795"}],"wp:term":[{"taxonomy":"product_brand","embeddable":true,"href":"https:\/\/tlalixpan.com\/index.php?rest_route=%2Fwp%2Fv2%2Fproduct_brand&post=5795"},{"taxonomy":"product_cat","embeddable":true,"href":"https:\/\/tlalixpan.com\/index.php?rest_route=%2Fwp%2Fv2%2Fproduct_cat&post=5795"},{"taxonomy":"product_tag","embeddable":true,"href":"https:\/\/tlalixpan.com\/index.php?rest_route=%2Fwp%2Fv2%2Fproduct_tag&post=5795"}],"curies":[{"name":"wp","href":"https:\/\/api.w.org\/{rel}","templated":true}]}}