
{"id":5786,"date":"2026-04-20T00:06:07","date_gmt":"2026-04-20T00:06:07","guid":{"rendered":"https:\/\/tlalixpan.com\/?product=lixiviado-de-lombriz-1-20-lt"},"modified":"2026-04-20T00:06:07","modified_gmt":"2026-04-20T00:06:07","slug":"lixiviado-de-lombriz-1-20-lt","status":"publish","type":"product","link":"https:\/\/tlalixpan.com\/?product=lixiviado-de-lombriz-1-20-lt","title":{"rendered":"Lixiviado de lombriz 1 &#8211; 20 lt"},"content":{"rendered":"<h2>Lixiviado de lombriz<\/h2>\n<p>n<\/p>\n<h4>&#8211; Presentaci\u00f3n frasco<\/h4>\n<p>nTambi\u00e9n conocido como humus l\u00edquido, este es producido agroecol\u00f3gicamente en Nayarit, es un mejorador del suelo, para su nutrici\u00f3n y en la biolog\u00eda del suelo.<br \/>\nn<br \/>\nnFunciona como abono para tus plantas, gracias a sus \u00e1cidos h\u00famicos y f\u00falvicos y micronutrientes<br \/>\nn<br \/>\nnDebe aplicarse diluido en agua, empezando con dosis de 1-3 ml por litro de agua y aument\u00e1ndolo de a poco o seg\u00fan el tama\u00f1o de la planta, es posible aplicarlo foliarmente y a la ra\u00edz, se puede mezclar con otros microorganismo.<br \/>\nn<br \/>\nnTambi\u00e9n puedes adquirir el <a href=\"https:\/\/tlalixpan.com\/jardineria-y-huertos\/lombricomposta\/\">humus de lombriz<\/a> en nuestra tienda<br \/>\nn<br \/>\nnPara leer m\u00e1s<a href=\"https:\/\/www.gob.mx\/cms\/uploads\/attachment\/file\/737316\/15_Lixiviado_de_lombriz.pdf\"> aqui<\/a><\/p>\n","protected":false},"excerpt":{"rendered":"<p>LIixiviado de lombriz\u00a0 (abono l\u00edquido para plantas) Elaborado en huertas agroecol\u00f3gicas del estado de Nayarit \/ Jalisco.<br \/>\nnDiluir en agua antes de utilizar en el riego o en aspersi\u00f3n, dosis 1 a 5 ml por litro de agua<\/p>\n","protected":false},"featured_media":0,"comment_status":"open","ping_status":"closed","template":"","meta":[],"product_brand":[],"product_cat":[142],"product_tag":[642],"class_list":{"0":"post-5786","1":"product","2":"type-product","3":"status-publish","5":"product_cat-jardinerias-y-huertos","6":"product_tag-presentacion-5-lts-abono-liquido-fertilizante-humus-liquido-lixiviado-lombriz-roja-californiana-nutiente-organico","8":"first","9":"instock","10":"shipping-taxable","11":"product-type-variable"},"_links":{"self":[{"href":"https:\/\/tlalixpan.com\/index.php?rest_route=\/wp\/v2\/product\/5786","targetHints":{"allow":["GET"]}}],"collection":[{"href":"https:\/\/tlalixpan.com\/index.php?rest_route=\/wp\/v2\/product"}],"about":[{"href":"https:\/\/tlalixpan.com\/index.php?rest_route=\/wp\/v2\/types\/product"}],"replies":[{"embeddable":true,"href":"https:\/\/tlalixpan.com\/index.php?rest_route=%2Fwp%2Fv2%2Fcomments&post=5786"}],"wp:attachment":[{"href":"https:\/\/tlalixpan.com\/index.php?rest_route=%2Fwp%2Fv2%2Fmedia&parent=5786"}],"wp:term":[{"taxonomy":"product_brand","embeddable":true,"href":"https:\/\/tlalixpan.com\/index.php?rest_route=%2Fwp%2Fv2%2Fproduct_brand&post=5786"},{"taxonomy":"product_cat","embeddable":true,"href":"https:\/\/tlalixpan.com\/index.php?rest_route=%2Fwp%2Fv2%2Fproduct_cat&post=5786"},{"taxonomy":"product_tag","embeddable":true,"href":"https:\/\/tlalixpan.com\/index.php?rest_route=%2Fwp%2Fv2%2Fproduct_tag&post=5786"}],"curies":[{"name":"wp","href":"https:\/\/api.w.org\/{rel}","templated":true}]}}