
{"id":5778,"date":"2026-04-19T18:25:37","date_gmt":"2026-04-19T18:25:37","guid":{"rendered":"https:\/\/tlalixpan.com\/?post_type=product&#038;p=5778"},"modified":"2026-04-20T00:05:57","modified_gmt":"2026-04-20T00:05:57","slug":"desodorante-natural-30-grs","status":"publish","type":"product","link":"https:\/\/tlalixpan.com\/producto\/desodorante-natural-30-grs\/","title":{"rendered":"Desodorante Natural 30 grs"},"content":{"rendered":"<h3>Desodorante Natural Artesanal en crema<\/h3>\n<p>n<\/p>\n<h4>Marca Deo Tersum &#8211; Presentaci\u00f3n frasco o lata 30 grs<\/h4>\n<p>nSin aluminio, ni parabenos, apto para toda la familia, suave con la piel, no mancha ni la piel ni la ropa, aroma agradable y suave.<br \/>\nn<br \/>\nnAdem\u00e1s de ser m\u00e1s sustentable (ecol\u00f3gico) es m\u00e1s suave con la piel, por lo que es ideal para personas con piel delicada y sensible, controla los olores y permite a la piel respirar por lo que no hay concentraci\u00f3n de t\u00f3xinas que puedan acarrear riesgos como, cancer de mama.<br \/>\nn<br \/>\nnIngredientes. <a href=\"https:\/\/tlalixpan.com\/alimenticio\/panaderia-y-harinas\/bicarbonato-de-sodio\/\">Bicarbonato de sodio<\/a>, manteca de karit\u00e9, aceite de coco, cera de abeja, f\u00e9cula de ma\u00edz, vitamina E y esencia natural<br \/>\nn<br \/>\nnpara leer mas entra<a href=\"http:\/\/FORMULADO A PARTIR DE C\u00cdTRICOS Y \u00c1CIDOS ORG\u00c1NICOS NO T\u00d3XICO (no contiene cloro, yodo ni plata coloidal) ORG\u00c1NICO BIODEGRADABLE Usos de Desinfecci\u00f3n: UNA TAPA EQUIVALE A 7ml. - Agua y Hielo: Agregar 2 tapas por cada 20 Litros de agua. - Frutas y verduras: Agregar 1 tapa por cada Litro de agua. - Carnes rojas, Aves, Pescados y Mariscos: Agregar 1 tapa por cada Litro de agua. - Utensilios y equipo de cocina (No corroe y elimina malos olores): Agregar 3\/4 de tapa por cada Litro de agua. -Otros usos: Agregar 3\/4 de tapa por cada Litro de agua.\"> aqui<\/a><\/p>\n","protected":false},"excerpt":{"rendered":"<p>Desodorante natural en crema, ingredientes naturales, no bloquea los poros, suave con la piel, aptop para toda la familia, aroma suave y agradable. controlar olor, no mancha la ropa.<\/p>\n","protected":false},"featured_media":0,"comment_status":"open","ping_status":"closed","template":"","meta":[],"product_brand":[],"product_cat":[332],"product_tag":[592],"class_list":{"0":"post-5778","1":"product","2":"type-product","3":"status-publish","5":"product_cat-cosmetica","6":"product_tag-desodorante-desodorante-natural-organico-refill-sin-alergias-sin-parabenos","8":"first","9":"instock","10":"shipping-taxable","11":"purchasable","12":"product-type-simple"},"_links":{"self":[{"href":"https:\/\/tlalixpan.com\/wp-json\/wp\/v2\/product\/5778","targetHints":{"allow":["GET"]}}],"collection":[{"href":"https:\/\/tlalixpan.com\/wp-json\/wp\/v2\/product"}],"about":[{"href":"https:\/\/tlalixpan.com\/wp-json\/wp\/v2\/types\/product"}],"replies":[{"embeddable":true,"href":"https:\/\/tlalixpan.com\/wp-json\/wp\/v2\/comments?post=5778"}],"wp:attachment":[{"href":"https:\/\/tlalixpan.com\/wp-json\/wp\/v2\/media?parent=5778"}],"wp:term":[{"taxonomy":"product_brand","embeddable":true,"href":"https:\/\/tlalixpan.com\/wp-json\/wp\/v2\/product_brand?post=5778"},{"taxonomy":"product_cat","embeddable":true,"href":"https:\/\/tlalixpan.com\/wp-json\/wp\/v2\/product_cat?post=5778"},{"taxonomy":"product_tag","embeddable":true,"href":"https:\/\/tlalixpan.com\/wp-json\/wp\/v2\/product_tag?post=5778"}],"curies":[{"name":"wp","href":"https:\/\/api.w.org\/{rel}","templated":true}]}}