
{"id":5762,"date":"2026-04-19T18:23:19","date_gmt":"2026-04-19T18:23:19","guid":{"rendered":"https:\/\/tlalixpan.com\/?post_type=product&#038;p=5762"},"modified":"2026-04-20T00:05:16","modified_gmt":"2026-04-20T00:05:16","slug":"cepillo-capilar-grande-1-pza","status":"publish","type":"product","link":"https:\/\/tlalixpan.com\/?product=cepillo-capilar-grande-1-pza","title":{"rendered":"Cepillo Capilar Grande 1 pza"},"content":{"rendered":"<h2>Cepillo Capilar Grande<\/h2>\n<p>n<\/p>\n<h3>Cerdas naturales &#8211; Artesanal<\/h3>\n<p>nElaborado en el estado de M\u00e9xico, de forma artesanal.<br \/>\nn<br \/>\nnLos cepillos de cerdas naturales adem\u00e1s de ser biodegradables y retornar al ambiente sin dejar residuos, son tambien buenos para controlar el frizz del cabello y para esos cabellos que amanecen con intenciones propias. La madera y las cerdas naturales funcionan un poco como aislantes y por eso ayudan a controlar estas condiciones.<br \/>\nn<br \/>\nnEl masaje que aportan las fibras naturales en el cuero cabelludo ayudan a distribiur los aceites que se general naturalmente en el cuero cabelludo, con lo cual mejora la elasticidad del mismo, y sus caracteristicas de resistencia al agua y por lo tanto promueven un crecimiento sano del cabello.<br \/>\nn<br \/>\nnEl maseje tambien permite una mejor circulaci\u00f3n de la sangre en el cuero y por lo tanto ayuda a tener poros limpios y descongestionados.<br \/>\nn<br \/>\nnAdem\u00e1s es un cepillo artesanal, que se elabora en el pais y con su compra apoyas la continuidad de las labores artesanael mexicanas, adem\u00e1s es elaborado con fibras vegatales, por lo que es\u00a0 completamente vegano<br \/>\nn<br \/>\nnPuedes ver otros productos de fibras naturales\u00a0 en nuetra <a href=\"http:\/\/tlalixpan.com\/tienda\">tienda.<\/a><br \/>\nn<br \/>\nnPara leer m\u00e1s y saber escoger el mejor cepillo de acuerdo a tu tipo de cabello lee <a href=\"https:\/\/www.ceroresiduo.com\/como-elegir-cepillo-pelo\/?srsltid=AfmBOor8E1AIwLnFHi7vxvVzDoBx4p2ufrP0Lo1M_-wXm4Di2Cob8AFP\">aqui.<\/a><br \/>\nn<br \/>\nn&nbsp;<br \/>\nn<br \/>\nn&nbsp;<\/p>\n","protected":false},"excerpt":{"rendered":"<p>Novedoso cepillo capilar grande, de cerdas naturales, totalmente vegano y de producci\u00f3n nacional, ayuda a mantener tu cuero cabelludo en equilibrio y un cabello m\u00e1s majestuoso. Ideal para el tocador de casa y para toda la familia, tama\u00f1o mediano &#8211; grande de 21 a 22 cm.<\/p>\n","protected":false},"featured_media":381,"comment_status":"open","ping_status":"closed","template":"","meta":[],"product_brand":[],"product_cat":[587],"product_tag":[588],"class_list":{"0":"post-5762","1":"product","2":"type-product","3":"status-publish","4":"has-post-thumbnail","6":"product_cat-cosmetica-vida-cero","7":"product_tag-artesanal-cepillo-de-cabello-vegano-cepillo-de-madera-cepillo-para-cabello-comercio-justo-consumo-local-fibras-naturales-producto-mexicano-sisal-vegano","9":"first","10":"instock","11":"shipping-taxable","12":"purchasable","13":"product-type-simple"},"_links":{"self":[{"href":"https:\/\/tlalixpan.com\/index.php?rest_route=\/wp\/v2\/product\/5762","targetHints":{"allow":["GET"]}}],"collection":[{"href":"https:\/\/tlalixpan.com\/index.php?rest_route=\/wp\/v2\/product"}],"about":[{"href":"https:\/\/tlalixpan.com\/index.php?rest_route=\/wp\/v2\/types\/product"}],"replies":[{"embeddable":true,"href":"https:\/\/tlalixpan.com\/index.php?rest_route=%2Fwp%2Fv2%2Fcomments&post=5762"}],"wp:featuredmedia":[{"embeddable":true,"href":"https:\/\/tlalixpan.com\/index.php?rest_route=\/wp\/v2\/media\/381"}],"wp:attachment":[{"href":"https:\/\/tlalixpan.com\/index.php?rest_route=%2Fwp%2Fv2%2Fmedia&parent=5762"}],"wp:term":[{"taxonomy":"product_brand","embeddable":true,"href":"https:\/\/tlalixpan.com\/index.php?rest_route=%2Fwp%2Fv2%2Fproduct_brand&post=5762"},{"taxonomy":"product_cat","embeddable":true,"href":"https:\/\/tlalixpan.com\/index.php?rest_route=%2Fwp%2Fv2%2Fproduct_cat&post=5762"},{"taxonomy":"product_tag","embeddable":true,"href":"https:\/\/tlalixpan.com\/index.php?rest_route=%2Fwp%2Fv2%2Fproduct_tag&post=5762"}],"curies":[{"name":"wp","href":"https:\/\/api.w.org\/{rel}","templated":true}]}}