
{"id":5756,"date":"2026-04-19T18:21:43","date_gmt":"2026-04-19T18:21:43","guid":{"rendered":"https:\/\/tlalixpan.com\/?post_type=product&#038;p=5756"},"modified":"2026-04-20T00:05:16","modified_gmt":"2026-04-20T00:05:16","slug":"propoleo-30-ml","status":"publish","type":"product","link":"https:\/\/tlalixpan.com\/?product=propoleo-30-ml","title":{"rendered":"Propoleo 30 ML"},"content":{"rendered":"<h3>Propoleo<\/h3>\n<p>n<\/p>\n<h4>Marca Monte Largo &#8211; Presentaci\u00f3n gotero, 30 ml<\/h4>\n<p>n<a href=\"https:\/\/medlineplus.gov\/spanish\/druginfo\/natural\/390.html#:~:text=El%20prop%C3%B3leo%20parece%20ayudar%20a,se%20obtiene%20de%20las%20colmenas.\">Extracto puro<\/a>, elaborado artesanalmente en Jalisco.<br \/>\nn<br \/>\nnSe han encontrado cerca de 300 compuestos en \u00e9l, la mayor\u00eda pertenecen al grupo de los polifenoles, que son antioxidantes que ayudan combatir las enfermedades y da\u00f1os del cuerpo.<br \/>\nn<br \/>\nnPuede ayudar a sanar heridas y herpes labial y genital, en tratamientos de c\u00e1ncer puede ayudar a evitar la propagaci\u00f3n y la comunicaci\u00f3n entre c\u00e9lulas cancerosas.<br \/>\nn<br \/>\nnPuedes mezclarlo con tu <a href=\"https:\/\/tlalixpan.com\/alimenticio\/especias-e-infusiones\/aromaticas\/\">infusi\u00f3n favorita<\/a>, en una dosis de 20 gotas al d\u00eda.<\/p>\n","protected":false},"excerpt":{"rendered":"<p>Extracto puro de propoleo, extraido de las cajas de abejas, ideal para reforzar el sistema inmune, adem\u00e1s de aportar antioxidantes.<\/p>\n","protected":false},"featured_media":0,"comment_status":"open","ping_status":"closed","template":"","meta":[],"product_brand":[],"product_cat":[133],"product_tag":[582],"class_list":{"0":"post-5756","1":"product","2":"type-product","3":"status-publish","5":"product_cat-alternativas-y-microdosis","6":"product_tag-artesanal-medicina-alternativa-organico-prevencion-prevencion-de-enfermedades-salud-sin-toxicos-super-foods","8":"first","9":"instock","10":"shipping-taxable","11":"purchasable","12":"product-type-simple"},"_links":{"self":[{"href":"https:\/\/tlalixpan.com\/index.php?rest_route=\/wp\/v2\/product\/5756","targetHints":{"allow":["GET"]}}],"collection":[{"href":"https:\/\/tlalixpan.com\/index.php?rest_route=\/wp\/v2\/product"}],"about":[{"href":"https:\/\/tlalixpan.com\/index.php?rest_route=\/wp\/v2\/types\/product"}],"replies":[{"embeddable":true,"href":"https:\/\/tlalixpan.com\/index.php?rest_route=%2Fwp%2Fv2%2Fcomments&post=5756"}],"wp:attachment":[{"href":"https:\/\/tlalixpan.com\/index.php?rest_route=%2Fwp%2Fv2%2Fmedia&parent=5756"}],"wp:term":[{"taxonomy":"product_brand","embeddable":true,"href":"https:\/\/tlalixpan.com\/index.php?rest_route=%2Fwp%2Fv2%2Fproduct_brand&post=5756"},{"taxonomy":"product_cat","embeddable":true,"href":"https:\/\/tlalixpan.com\/index.php?rest_route=%2Fwp%2Fv2%2Fproduct_cat&post=5756"},{"taxonomy":"product_tag","embeddable":true,"href":"https:\/\/tlalixpan.com\/index.php?rest_route=%2Fwp%2Fv2%2Fproduct_tag&post=5756"}],"curies":[{"name":"wp","href":"https:\/\/api.w.org\/{rel}","templated":true}]}}