
{"id":5739,"date":"2026-04-19T18:16:33","date_gmt":"2026-04-19T18:16:33","guid":{"rendered":"https:\/\/tlalixpan.com\/?post_type=product&#038;p=5739"},"modified":"2026-04-20T00:05:04","modified_gmt":"2026-04-20T00:05:04","slug":"pepitas-de-calabaza-100-grs","status":"publish","type":"product","link":"https:\/\/tlalixpan.com\/?product=pepitas-de-calabaza-100-grs","title":{"rendered":"Pepitas de Calabaza 100 grs"},"content":{"rendered":"<h2>Pepitas de Calabaza (Semilla de Calabaza)<\/h2>\n<p>n<\/p>\n<h4>\u00a0&#8211; Presentaci\u00f3n a granel 100 grs<\/h4>\n<p>n<a href=\"https:\/\/www.tuasaude.com\/es\/semillas-de-calabaza\/\">Semilla<\/a> pelada, de producci\u00f3n agroecol\u00f3gica del estado de Tlaxcala. \u00dasalas en licuados y smoothies, en <a href=\"https:\/\/tlalixpan.com\/alimenticio\/frescos\/ensalada\/\">ensaladas<\/a> y guisados o s\u00f3lo como entrem\u00e9s.<br \/>\nn<br \/>\nnPara reducir los efectos de los antinutrientes puedes remojarlas o tostarlas un poco.<br \/>\nn<br \/>\nnEs un alimento muy nutritivo, tan s\u00f3lo 28 grs contienen 7 grs de prote\u00ednas, 13 grs de grasas de los cuales 6 son de omegas-6, contienen tambi\u00e9n minerales como: Manganeso, Magnesio, Hierro, F\u00f3sforo, Zinc, Cobre y un poco de Potasio, vitaminas K y un poco de B2, entre otros nutrientes y antioxidantes.<br \/>\nn<br \/>\nnLas dietas altas en este alimento pueden reducir riesgos de c\u00e1ncer de est\u00f3mago, pulm\u00f3n, mama, pr\u00f3stata y colon.<br \/>\nn<br \/>\nnPor contener tript\u00f3fano, pueden ayudarte a dormir mejor comiendo un poco antes de acostarte.<\/p>\n","protected":false},"excerpt":{"rendered":"<p>Pepitas de calabaza, semilla pelada, de producci\u00f3n agroecol\u00f3gica de Tlaxcala, alimento con alto contenido de prote\u00ednas, omegas 6, minerales y antioxidantes.<\/p>\n","protected":false},"featured_media":519,"comment_status":"open","ping_status":"closed","template":"","meta":[],"product_brand":[],"product_cat":[516],"product_tag":[568],"class_list":{"0":"post-5739","1":"product","2":"type-product","3":"status-publish","4":"has-post-thumbnail","6":"product_cat-cereales-y-semillas-granos-y-derivados-productos-alimenticios","7":"product_tag-agroecologico-calabaza-natural-organico-organicos-pepitas-pepitas-de-calabaza-proteinas-salud-semilla-de-calabaza-super-alimentos-super-foods-vegano-vida-cero-zerowaste","9":"first","10":"instock","11":"shipping-taxable","12":"purchasable","13":"product-type-simple"},"_links":{"self":[{"href":"https:\/\/tlalixpan.com\/index.php?rest_route=\/wp\/v2\/product\/5739","targetHints":{"allow":["GET"]}}],"collection":[{"href":"https:\/\/tlalixpan.com\/index.php?rest_route=\/wp\/v2\/product"}],"about":[{"href":"https:\/\/tlalixpan.com\/index.php?rest_route=\/wp\/v2\/types\/product"}],"replies":[{"embeddable":true,"href":"https:\/\/tlalixpan.com\/index.php?rest_route=%2Fwp%2Fv2%2Fcomments&post=5739"}],"wp:featuredmedia":[{"embeddable":true,"href":"https:\/\/tlalixpan.com\/index.php?rest_route=\/wp\/v2\/media\/519"}],"wp:attachment":[{"href":"https:\/\/tlalixpan.com\/index.php?rest_route=%2Fwp%2Fv2%2Fmedia&parent=5739"}],"wp:term":[{"taxonomy":"product_brand","embeddable":true,"href":"https:\/\/tlalixpan.com\/index.php?rest_route=%2Fwp%2Fv2%2Fproduct_brand&post=5739"},{"taxonomy":"product_cat","embeddable":true,"href":"https:\/\/tlalixpan.com\/index.php?rest_route=%2Fwp%2Fv2%2Fproduct_cat&post=5739"},{"taxonomy":"product_tag","embeddable":true,"href":"https:\/\/tlalixpan.com\/index.php?rest_route=%2Fwp%2Fv2%2Fproduct_tag&post=5739"}],"curies":[{"name":"wp","href":"https:\/\/api.w.org\/{rel}","templated":true}]}}