
{"id":5737,"date":"2026-04-19T18:15:41","date_gmt":"2026-04-19T18:15:41","guid":{"rendered":"https:\/\/tlalixpan.com\/?post_type=product&#038;p=5737"},"modified":"2026-04-20T00:04:54","modified_gmt":"2026-04-20T00:04:54","slug":"ajonjoli-blanco-100-grs","status":"publish","type":"product","link":"https:\/\/tlalixpan.com\/?product=ajonjoli-blanco-100-grs","title":{"rendered":"Ajonjol\u00ed Blanco 100 grs"},"content":{"rendered":"<h3>Ajonjol\u00ed Blanco Natural y Crudo<\/h3>\n<p>n<\/p>\n<h4>&#8211; Presentaci\u00f3n a granel, 100 Grs<\/h4>\n<p>nAjonjol\u00ed blanco, agroecol\u00f3gico producido en Guerrero, natural sin tostar, sin aditivos ni conservadores, para usarse en alimentos, ensaladas, panader\u00eda, como condimento o sazonador.<br \/>\nn<br \/>\nnHa sido utilizado en la medicina tradicional para muchas enfermedades, puede ser bueno para proteger contra enfermedades del coraz\u00f3n, diabetes y artritis, consumi\u00e9ndolo en grandes cantidades diarias.<br \/>\nn<br \/>\nnSin embargo es una semilla muy nutritiva conteniendo bastante fibra y con s\u00f3lo 30 gramos tienes un aporte de 5 grs de prote\u00edna, por lo que es un alimento apropiado para tratar anemia y en dietas veganas y vegetarianas, mezclado con <a href=\"https:\/\/tlalixpan.com\/alimenticio\/cereales-y-semillas\/lenteja\/\">leguminosas<\/a> que puedan aportar la lisina de la que \u00e9ste carece.<br \/>\nn<br \/>\nnAdem\u00e1s contienen Calcio, Magnesio, Manganeso y Zinc. Para evitar los antinutrientes se recomienda que se remojen o tuesten.<br \/>\nn<br \/>\nnRevisa <a href=\"https:\/\/www.bonviveur.es\/recetas\/tag\/sesamo\/\">recetas con sesamo aqui<\/a><\/p>\n","protected":false},"excerpt":{"rendered":"<p>Ajonjol\u00ed blanco de producci\u00f3n agroecol\u00f3gica del Estado de Guerrero, semilla altamente nutritiva y f\u00e1cil de integrar a los alimentos. se vende a granel desde 100 grs. Esta cruda y totalmente natural.<\/p>\n","protected":false},"featured_media":0,"comment_status":"open","ping_status":"closed","template":"","meta":[],"product_brand":[],"product_cat":[17],"product_tag":[567],"class_list":{"0":"post-5737","1":"product","2":"type-product","3":"status-publish","5":"product_cat-cereales-y-semillas-granos-y-derivados","6":"product_tag-agroecologico-ajonjoli-alimentos-limpios-natural-organico-organicos-proteina-vegana-proteinas-salud-sin-toxicos-super-alimentos-tahini-vegano-vida-cero-zerowaste","8":"first","9":"instock","10":"shipping-taxable","11":"purchasable","12":"product-type-simple"},"_links":{"self":[{"href":"https:\/\/tlalixpan.com\/index.php?rest_route=\/wp\/v2\/product\/5737","targetHints":{"allow":["GET"]}}],"collection":[{"href":"https:\/\/tlalixpan.com\/index.php?rest_route=\/wp\/v2\/product"}],"about":[{"href":"https:\/\/tlalixpan.com\/index.php?rest_route=\/wp\/v2\/types\/product"}],"replies":[{"embeddable":true,"href":"https:\/\/tlalixpan.com\/index.php?rest_route=%2Fwp%2Fv2%2Fcomments&post=5737"}],"wp:attachment":[{"href":"https:\/\/tlalixpan.com\/index.php?rest_route=%2Fwp%2Fv2%2Fmedia&parent=5737"}],"wp:term":[{"taxonomy":"product_brand","embeddable":true,"href":"https:\/\/tlalixpan.com\/index.php?rest_route=%2Fwp%2Fv2%2Fproduct_brand&post=5737"},{"taxonomy":"product_cat","embeddable":true,"href":"https:\/\/tlalixpan.com\/index.php?rest_route=%2Fwp%2Fv2%2Fproduct_cat&post=5737"},{"taxonomy":"product_tag","embeddable":true,"href":"https:\/\/tlalixpan.com\/index.php?rest_route=%2Fwp%2Fv2%2Fproduct_tag&post=5737"}],"curies":[{"name":"wp","href":"https:\/\/api.w.org\/{rel}","templated":true}]}}