
{"id":5706,"date":"2026-04-20T00:04:24","date_gmt":"2026-04-20T00:04:24","guid":{"rendered":"https:\/\/tlalixpan.com\/?product=miel-de-abeja-400-1200-grs"},"modified":"2026-04-20T00:04:24","modified_gmt":"2026-04-20T00:04:24","slug":"miel-de-abeja-400-1200-grs","status":"publish","type":"product","link":"https:\/\/tlalixpan.com\/?product=miel-de-abeja-400-1200-grs","title":{"rendered":"Miel de Abeja 400-1200 grs"},"content":{"rendered":"<h3>Miel de Abeja<\/h3>\n<p>n<\/p>\n<h4>&#8211; Presentaci\u00f3n Frasco, 400 grs y 1200 grs<\/h4>\n<p>nEs cruda multifloral, 100% pura<br \/>\nn<br \/>\nnAunque la mayor parte de su contenido es de azucares y s\u00f3lo tiene trazas minerales y de vitaminas, su mejor parte es su contenido en antioxidantes. Recuerda que mientras mas oscura sea mayor la cantidad de estos compuestos.<br \/>\nn<br \/>\nnAunque puede aumentar el nivel de az\u00facar en la sangre puede ayudar a reducir los niveles de colesterol y triglic\u00e9ridos, as\u00ed como la presi\u00f3n arterial y riesgos de infartos; puede adem\u00e1s ayudar a controlar la tos.<br \/>\nn<br \/>\nnComiendose con moderaci\u00f3n puede tener efectos ben\u00e9ficos en la salud del coraz\u00f3n.<br \/>\nn<br \/>\nnSi se usa t\u00f3picamente puede ayudar a tratar quemaduras y heridas.<br \/>\nn<br \/>\nnSus usos en el cuidado de la piel y el cabello tambi\u00e9n son ampliamente conocidos como rehidratante, repaci\u00f3n y renovaci\u00f3n de c\u00e9lulas, ayuda a desinflamar, calmar irritaci\u00f3n, controlar acn\u00e9.<br \/>\nn<br \/>\nnPara el cuidado del cabello aplicada como<a href=\"https:\/\/www.vogue.mx\/belleza\/articulo\/miel-para-el-cabello-beneficios-como-aplicarla\"> mascarilla ayuda a revitalizarlo<\/a>, hidratar el cuero cabelludo, mejorar la salud en general, tambi\u00e9n puede usarse en <a href=\"https:\/\/tlalixpan.com\/cosmetico\/shampoo-de-miel\/\">shampoo como el que tenemos en la tienda.<\/a><br \/>\nn<br \/>\nnEste producto al ser 100% natural no tiene una fecha de caducidad, pues no expira, siempre y cuando se mantenga en condiciones de limpieza propias.<br \/>\nn<br \/>\nnComo alimento combina muy bien con <a href=\"https:\/\/tlalixpan.com\/alimenticio\/especias-e-infusiones\/canela-en-bara\/\">canela<\/a> y <a href=\"https:\/\/tlalixpan.com\/alimenticio\/super-food\/jengibre-molido\/\">jengibre.<\/a><\/p>\n","protected":false},"excerpt":{"rendered":"<p>Miel de abeja cruda 100% natural, cosechada en monta\u00f1a, Multiflora, recolectada en el occidente de M\u00e9xico, las abejas, ni sus cajas cuentan con tratamientos qu\u00edmicos.<\/p>\n","protected":false},"featured_media":0,"comment_status":"open","ping_status":"closed","template":"","meta":[],"product_brand":[],"product_cat":[519],"product_tag":[636],"class_list":{"0":"post-5706","1":"product","2":"type-product","3":"status-publish","5":"product_cat-dulces-endulzantes-y-botanas-productos-alimenticios","6":"product_tag-abejas-alimentacion-artesanal-cruda-miel-de-abeja-natural-salud-saludable-sin-toxicos-sistema-inmunologico","8":"first","9":"instock","10":"shipping-taxable","11":"product-type-variable"},"_links":{"self":[{"href":"https:\/\/tlalixpan.com\/index.php?rest_route=\/wp\/v2\/product\/5706","targetHints":{"allow":["GET"]}}],"collection":[{"href":"https:\/\/tlalixpan.com\/index.php?rest_route=\/wp\/v2\/product"}],"about":[{"href":"https:\/\/tlalixpan.com\/index.php?rest_route=\/wp\/v2\/types\/product"}],"replies":[{"embeddable":true,"href":"https:\/\/tlalixpan.com\/index.php?rest_route=%2Fwp%2Fv2%2Fcomments&post=5706"}],"wp:attachment":[{"href":"https:\/\/tlalixpan.com\/index.php?rest_route=%2Fwp%2Fv2%2Fmedia&parent=5706"}],"wp:term":[{"taxonomy":"product_brand","embeddable":true,"href":"https:\/\/tlalixpan.com\/index.php?rest_route=%2Fwp%2Fv2%2Fproduct_brand&post=5706"},{"taxonomy":"product_cat","embeddable":true,"href":"https:\/\/tlalixpan.com\/index.php?rest_route=%2Fwp%2Fv2%2Fproduct_cat&post=5706"},{"taxonomy":"product_tag","embeddable":true,"href":"https:\/\/tlalixpan.com\/index.php?rest_route=%2Fwp%2Fv2%2Fproduct_tag&post=5706"}],"curies":[{"name":"wp","href":"https:\/\/api.w.org\/{rel}","templated":true}]}}