
{"id":5702,"date":"2026-04-19T18:13:42","date_gmt":"2026-04-19T18:13:42","guid":{"rendered":"https:\/\/tlalixpan.com\/?post_type=product&#038;p=5702"},"modified":"2026-04-20T00:04:24","modified_gmt":"2026-04-20T00:04:24","slug":"lenteja-100gr","status":"publish","type":"product","link":"https:\/\/tlalixpan.com\/?product=lenteja-100gr","title":{"rendered":"Lenteja 100gr"},"content":{"rendered":"<h2>Lenteja<\/h2>\n<p>n<\/p>\n<h4>&#8211;\u00a0 Presentaci\u00f3n a granel 100 Grs<\/h4>\n<p>nProducida agroecol\u00f3gicamente en Michoac\u00e1n para consumo o para germinar. Son un buen sustituto de carne en las dietas veganas y vegetarianas pues tienen hasta 23% de prote\u00ednas y altas cantidades de Hierro.<br \/>\nn<br \/>\nnTambi\u00e9n contienen otros minerales como: Magnesio, F\u00f3sforo, Potasio, Zinc, Cobre y Manganeso, vitaminas del complejo B, fibra y mucho \u00e1cido f\u00f3lico, lo cual lo confierte en un alimento apropiado para el periodo de gestaci\u00f3n. Por sus antioxidantes y fitonutrientes, pueden ser ben\u00e9ficas para la salud del cerebro, mejorar los niveles de az\u00facar en la sangre y proteger el coraz\u00f3n.<br \/>\nn<br \/>\nnSin embargo como la mayoria de las <a href=\"https:\/\/tlalixpan.com\/alimenticio\/cereales-semillas-granos-y-derivados\/frijol-rojo\/\">leguminosas<\/a> la presencia de antinutiente como son las lectinas, el \u00e1cico f\u00edtico, inhibidores de tripsina y taninos puedes tener dificultad en la absorci\u00f3n de algunos de sus nutrientes por lo que aunque no es del todo necesario, pues se equilibran con la cocci\u00f3n, se recomienda remojar antes de cocer y\/o cocinarlas.<br \/>\nn<br \/>\nnUna forma diferente de <a href=\"https:\/\/www.paulinacocina.net\/germinados-germinar-lentejas-brotes\/10390#:~:text=Qu%C3%A9%20son%20las%20lentejas%20germinadas,pueden%20comer%20crudos%20o%20cocidos.\">consumirlas es germinandolas<\/a>, lo cual les ayuda a mantener todos sus nutrientes de forma asimilable y aporta un sabor y experiencia diferente.<\/p>\n","protected":false},"excerpt":{"rendered":"<p>Lenteja de producc\u00f3n agroecol\u00f3gica, del Estado de Michoacan, alimento altamente nutritivo, con hasta 23% de prote\u00ednas, es una fuente importante de prote\u00ednas en las dietas veganas y vegetarianas y hay inumerables formas de cocinarlas.<\/p>\n","protected":false},"featured_media":495,"comment_status":"open","ping_status":"closed","template":"","meta":[],"product_brand":[],"product_cat":[516],"product_tag":[564],"class_list":{"0":"post-5702","1":"product","2":"type-product","3":"status-publish","4":"has-post-thumbnail","6":"product_cat-cereales-y-semillas-granos-y-derivados-productos-alimenticios","7":"product_tag-agroecologico-agroecologicos-natural-nutricion-nutritivo-organico-organicos-proteina-vegana-salud-semillas-super-foods-vegano-vida-cero-zerowaste","9":"first","10":"instock","11":"shipping-taxable","12":"purchasable","13":"product-type-simple"},"_links":{"self":[{"href":"https:\/\/tlalixpan.com\/index.php?rest_route=\/wp\/v2\/product\/5702","targetHints":{"allow":["GET"]}}],"collection":[{"href":"https:\/\/tlalixpan.com\/index.php?rest_route=\/wp\/v2\/product"}],"about":[{"href":"https:\/\/tlalixpan.com\/index.php?rest_route=\/wp\/v2\/types\/product"}],"replies":[{"embeddable":true,"href":"https:\/\/tlalixpan.com\/index.php?rest_route=%2Fwp%2Fv2%2Fcomments&post=5702"}],"wp:featuredmedia":[{"embeddable":true,"href":"https:\/\/tlalixpan.com\/index.php?rest_route=\/wp\/v2\/media\/495"}],"wp:attachment":[{"href":"https:\/\/tlalixpan.com\/index.php?rest_route=%2Fwp%2Fv2%2Fmedia&parent=5702"}],"wp:term":[{"taxonomy":"product_brand","embeddable":true,"href":"https:\/\/tlalixpan.com\/index.php?rest_route=%2Fwp%2Fv2%2Fproduct_brand&post=5702"},{"taxonomy":"product_cat","embeddable":true,"href":"https:\/\/tlalixpan.com\/index.php?rest_route=%2Fwp%2Fv2%2Fproduct_cat&post=5702"},{"taxonomy":"product_tag","embeddable":true,"href":"https:\/\/tlalixpan.com\/index.php?rest_route=%2Fwp%2Fv2%2Fproduct_tag&post=5702"}],"curies":[{"name":"wp","href":"https:\/\/api.w.org\/{rel}","templated":true}]}}