
{"id":5692,"date":"2026-04-19T18:11:26","date_gmt":"2026-04-19T18:11:26","guid":{"rendered":"https:\/\/tlalixpan.com\/?post_type=product&#038;p=5692"},"modified":"2026-04-20T00:03:53","modified_gmt":"2026-04-20T00:03:53","slug":"cacahuate-natural-100-grs","status":"publish","type":"product","link":"https:\/\/tlalixpan.com\/?product=cacahuate-natural-100-grs","title":{"rendered":"Cacahuate Natural 100 grs"},"content":{"rendered":"<h3>Cacahuate Natural Agroecol\u00f3gico<\/h3>\n<p>n<\/p>\n<h4>&#8211; Pcresentaci\u00f3n a granel 100 grs<\/h4>\n<p>nTambi\u00e9n conocido como man\u00ed es de producci\u00f3n agroecol\u00f3gica del estado de Guerrero, 100% natural sin aditivos ni sal, pelado y ligeramente tostado, ideal para agregar en ensaladas o guisados, preparar crema \/mantequilla de cacahuate y mas.<br \/>\nn<br \/>\nnEst\u00e1 legumbre es rica en grasas no saturadas y prote\u00ednas 100 grs de ellos aportan 25.8 grs de prote\u00ednas (aunque altamente alergenicas), adem\u00e1s de una alta cantidad de Manganeso y Magnesio, vitaminas del complejo B y vitamina E. Algunos estudios han observado que al comerlos sufres menor riesgo de morir por infartos, c\u00e1ncer o diabetes.<br \/>\nn<br \/>\nnTiene un alto contenido de grasas, aproximadamente el 49% mayormente constituidas por \u00e1cidos oleicos y linoleicos, de esas grasas una importante parte es omega 6.<br \/>\nn<br \/>\nnEste es un alimento apto para personas diab\u00e9ticas gracias a su bajo contenido de carbohidratos. Adem\u00e1s ayuda en el control de peso, por su contenido de fibra, es tambi\u00e9n una botana que genera saciedad y su contenido de grasas y prote\u00ednas insita el consumo de carbohidratos.<br \/>\nn<br \/>\nnInt\u00e9gralos en dietas vegetarianas, veganas y en la alimentaci\u00f3n de infancias o personas adultoas mayores.<br \/>\nn<br \/>\nnEncuentra <a href=\"https:\/\/tlalixpan.com\/alimenticio\/frutos-secos\/nuez-criolla\/\">nueces y frutos<\/a> secos en nuestra tienda<br \/>\nn<br \/>\nnPara leer mas: <a href=\"https:\/\/www.gob.mx\/agricultura\/articulos\/biografia-del-cacahuate#:~:text=El%20cacahuate%20es%20una%20oleaginosa,expandiera%20por%20todo%20el%20mundo.\">biograf\u00eda del cacahuate<\/a><\/p>\n","protected":false},"excerpt":{"rendered":"<p>Cacahuate natural, de producci\u00f3n agroecol\u00f3gica en Guerrero, ligeramente tostado, botana saludable, sin sal u otros aditivos da\u00f1inos para la salud. Elabora tu propia crema de cacahuate con ellos.<\/p>\n","protected":false},"featured_media":0,"comment_status":"open","ping_status":"closed","template":"","meta":[],"product_brand":[],"product_cat":[516],"product_tag":[562],"class_list":{"0":"post-5692","1":"product","2":"type-product","3":"status-publish","5":"product_cat-cereales-y-semillas-granos-y-derivados-productos-alimenticios","6":"product_tag-agroecologico-agroecologicos-cacahuate-cacahuate-natural-natural-nutricion-organico-organicos-proteina-vegana-proteinas-salud-super-alimentos-super-foods-vegano-vida-cero-zerowaste","8":"first","9":"instock","10":"shipping-taxable","11":"purchasable","12":"product-type-simple"},"_links":{"self":[{"href":"https:\/\/tlalixpan.com\/index.php?rest_route=\/wp\/v2\/product\/5692","targetHints":{"allow":["GET"]}}],"collection":[{"href":"https:\/\/tlalixpan.com\/index.php?rest_route=\/wp\/v2\/product"}],"about":[{"href":"https:\/\/tlalixpan.com\/index.php?rest_route=\/wp\/v2\/types\/product"}],"replies":[{"embeddable":true,"href":"https:\/\/tlalixpan.com\/index.php?rest_route=%2Fwp%2Fv2%2Fcomments&post=5692"}],"wp:attachment":[{"href":"https:\/\/tlalixpan.com\/index.php?rest_route=%2Fwp%2Fv2%2Fmedia&parent=5692"}],"wp:term":[{"taxonomy":"product_brand","embeddable":true,"href":"https:\/\/tlalixpan.com\/index.php?rest_route=%2Fwp%2Fv2%2Fproduct_brand&post=5692"},{"taxonomy":"product_cat","embeddable":true,"href":"https:\/\/tlalixpan.com\/index.php?rest_route=%2Fwp%2Fv2%2Fproduct_cat&post=5692"},{"taxonomy":"product_tag","embeddable":true,"href":"https:\/\/tlalixpan.com\/index.php?rest_route=%2Fwp%2Fv2%2Fproduct_tag&post=5692"}],"curies":[{"name":"wp","href":"https:\/\/api.w.org\/{rel}","templated":true}]}}