
{"id":5684,"date":"2026-04-19T18:10:02","date_gmt":"2026-04-19T18:10:02","guid":{"rendered":"https:\/\/tlalixpan.com\/?post_type=product&#038;p=5684"},"modified":"2026-04-20T00:03:43","modified_gmt":"2026-04-20T00:03:43","slug":"polvo-para-hornear-50-grs","status":"publish","type":"product","link":"https:\/\/tlalixpan.com\/?product=polvo-para-hornear-50-grs","title":{"rendered":"Polvo para hornear 50 grs"},"content":{"rendered":"<h2>Polvo para hornear<\/h2>\n<p>n<\/p>\n<h4>&#8211; presentaci\u00f3n a granel 50 grs<\/h4>\n<p>nProducto libre de aluminio y metales pesados, haz delicias en casa sin t\u00f3xicos y sin sabor met\u00e1lico.<br \/>\nn<br \/>\nnIdeal para leudar panes, panques y pasteles caseros.<br \/>\nn<br \/>\nnEl f<span class=\"Y2IQFc\" lang=\"es\">osfato de <a href=\"https:\/\/www.reddit.com\/r\/Baking\/comments\/sbx7g3\/baking_powder_vs_aluminumfree_baking_powder\/?tl=es#:~:text=El%20aluminio%20en%20el%20polvo,comenzar%C3%A1%20a%20actuar%20m%C3%A1s%20r%C3%A1pidamente.\">sodio y aluminio, y el sulfato de sodio y aluminio,<\/a> suelen ser los ingredientes que acompa\u00f1an al bicarbonato en estos materiales leudantes.\u00a0<\/span><br \/>\nn<br \/>\nnAunque seg\u00fan los estudios no es cancer\u00edgeno, si es acumulable en huesos, cerebro, higado y ri\u00f1ones, por lo que puede permanecer en el cuerpo por mucho tiempo.<br \/>\nn<br \/>\nnCuando utilizas este, para tener mejores resultados es preferible que trabajes r\u00e1pidamente y metas tus mezclas al horno en cuanto est\u00e9n hechas pues este se activa m\u00e1s pronto que los que contiene alumnio.<br \/>\nn<br \/>\nn\u00dasalo con nuestra<a href=\"https:\/\/tlalixpan.com\/alimenticio\/panaderia-y-harinas\/harina-blanca\/\"> harinas<\/a> en nuestra tienda.<\/p>\n","protected":false},"excerpt":{"rendered":"<p>Polvo para hornear libre de aluminio y metales pesados, ideal para leudar panes, panques, bisquets sin dejar un sabor met\u00e1lico en los panes.<\/p>\n","protected":false},"featured_media":0,"comment_status":"open","ping_status":"closed","template":"","meta":[],"product_brand":[],"product_cat":[554],"product_tag":[561],"class_list":{"0":"post-5684","1":"product","2":"type-product","3":"status-publish","5":"product_cat-panaderia-y-harinas-productos-alimenticios-productos-alimenticios","6":"product_tag-leudante-levadura-levadura-quimica-natural-polvo-para-hornear-salud-sin-aluminio-sin-toxicos-vegano-vida-cero-zerowaste","8":"first","9":"instock","10":"shipping-taxable","11":"purchasable","12":"product-type-simple"},"_links":{"self":[{"href":"https:\/\/tlalixpan.com\/index.php?rest_route=\/wp\/v2\/product\/5684","targetHints":{"allow":["GET"]}}],"collection":[{"href":"https:\/\/tlalixpan.com\/index.php?rest_route=\/wp\/v2\/product"}],"about":[{"href":"https:\/\/tlalixpan.com\/index.php?rest_route=\/wp\/v2\/types\/product"}],"replies":[{"embeddable":true,"href":"https:\/\/tlalixpan.com\/index.php?rest_route=%2Fwp%2Fv2%2Fcomments&post=5684"}],"wp:attachment":[{"href":"https:\/\/tlalixpan.com\/index.php?rest_route=%2Fwp%2Fv2%2Fmedia&parent=5684"}],"wp:term":[{"taxonomy":"product_brand","embeddable":true,"href":"https:\/\/tlalixpan.com\/index.php?rest_route=%2Fwp%2Fv2%2Fproduct_brand&post=5684"},{"taxonomy":"product_cat","embeddable":true,"href":"https:\/\/tlalixpan.com\/index.php?rest_route=%2Fwp%2Fv2%2Fproduct_cat&post=5684"},{"taxonomy":"product_tag","embeddable":true,"href":"https:\/\/tlalixpan.com\/index.php?rest_route=%2Fwp%2Fv2%2Fproduct_tag&post=5684"}],"curies":[{"name":"wp","href":"https:\/\/api.w.org\/{rel}","templated":true}]}}