
{"id":5675,"date":"2026-04-19T18:09:30","date_gmt":"2026-04-19T18:09:30","guid":{"rendered":"https:\/\/tlalixpan.com\/?post_type=product&#038;p=5675"},"modified":"2026-04-20T00:03:43","modified_gmt":"2026-04-20T00:03:43","slug":"harina-blanca-100-grs","status":"publish","type":"product","link":"https:\/\/tlalixpan.com\/?product=harina-blanca-100-grs","title":{"rendered":"Harina Blanca 100 grs"},"content":{"rendered":"<h2>Harina Blanca Org\u00e1nica<\/h2>\n<p>n<\/p>\n<h4>&#8211; Presentaci\u00f3n Bolsa, 100 grs<\/h4>\n<p>nHarina blanca hecha a partir de trigo org\u00e1nico, de todo uso.<br \/>\nn<br \/>\nnNatural sin conservadores o aditivos. Se elabora bajo un proceso de cernidos multiples tras descandos para que quede blanca, por lo que es una harina \u00fanica y natural. Aunque su calidad nutritiva no es tan completa como la integral al conseguirse de este proceso totalmente artesanal es una harina mucho m\u00e1s completa que las harinas comerciales.<br \/>\nn<br \/>\nnEl trigo se produce en Tlaxcala de variedades criollas del Bajio, de forma agroecol\u00f3gica y se certifica como org\u00e1nico por un sistema participativo de garant\u00eda local.<br \/>\nn<br \/>\nnPuedes preparar pan blanco o mezclarlo con harina integral para hacer tus panes mas suaves, puedes elaborar pastas casera, agregarla a salsas para espesar y mas, recuerda utilizar nuestro <a href=\"https:\/\/tlalixpan.com\/alimenticio\/panaderia-y-harinas\/polvo-para-hornear\/\">polvo de hornear<\/a> sin metales pesados.<br \/>\nn<br \/>\nnSu medida es 000 que se puede utilizar para panificaci\u00f3n con una buena amasada, pero es ideal para hojaldres o para hacer tartas.<br \/>\nn<br \/>\nnEs un producto con gluten por lo que no es apto para personas celiacas.\u00a0Para otro tipo de harinas, envianos un mensaje y te cotizamos.<br \/>\nn<br \/>\nnPara leer m\u00e1s sobre harinas <a href=\"https:\/\/cooperativasimbiosis.com\/harinas\/\">entra aqui.<\/a><br \/>\nn<br \/>\nn&nbsp;<\/p>\n","protected":false},"excerpt":{"rendered":"<p>Harina Blanca por multiples cernidos, de trigo org\u00e1nico criollo producido en Tlaxcala. ideal para tartas y hojaldres funional para panes, al ser una harina que proviene de la molienda del grano entero, conserva parte de sus nutrientes y cualidades.<\/p>\n","protected":false},"featured_media":470,"comment_status":"open","ping_status":"closed","template":"","meta":[],"product_brand":[],"product_cat":[554],"product_tag":[560],"class_list":{"0":"post-5675","1":"product","2":"type-product","3":"status-publish","4":"has-post-thumbnail","6":"product_cat-panaderia-y-harinas-productos-alimenticios-productos-alimenticios","7":"product_tag-agroecologico-agroecologicos-artesanal-natural-organico-organicos-salud-sin-toxicos-vegano-vida-cero-zerowaste","9":"first","10":"instock","11":"shipping-taxable","12":"purchasable","13":"product-type-simple"},"_links":{"self":[{"href":"https:\/\/tlalixpan.com\/index.php?rest_route=\/wp\/v2\/product\/5675","targetHints":{"allow":["GET"]}}],"collection":[{"href":"https:\/\/tlalixpan.com\/index.php?rest_route=\/wp\/v2\/product"}],"about":[{"href":"https:\/\/tlalixpan.com\/index.php?rest_route=\/wp\/v2\/types\/product"}],"replies":[{"embeddable":true,"href":"https:\/\/tlalixpan.com\/index.php?rest_route=%2Fwp%2Fv2%2Fcomments&post=5675"}],"wp:featuredmedia":[{"embeddable":true,"href":"https:\/\/tlalixpan.com\/index.php?rest_route=\/wp\/v2\/media\/470"}],"wp:attachment":[{"href":"https:\/\/tlalixpan.com\/index.php?rest_route=%2Fwp%2Fv2%2Fmedia&parent=5675"}],"wp:term":[{"taxonomy":"product_brand","embeddable":true,"href":"https:\/\/tlalixpan.com\/index.php?rest_route=%2Fwp%2Fv2%2Fproduct_brand&post=5675"},{"taxonomy":"product_cat","embeddable":true,"href":"https:\/\/tlalixpan.com\/index.php?rest_route=%2Fwp%2Fv2%2Fproduct_cat&post=5675"},{"taxonomy":"product_tag","embeddable":true,"href":"https:\/\/tlalixpan.com\/index.php?rest_route=%2Fwp%2Fv2%2Fproduct_tag&post=5675"}],"curies":[{"name":"wp","href":"https:\/\/api.w.org\/{rel}","templated":true}]}}