
{"id":5673,"date":"2026-04-19T18:08:25","date_gmt":"2026-04-19T18:08:25","guid":{"rendered":"https:\/\/tlalixpan.com\/?post_type=product&#038;p=5673"},"modified":"2026-04-20T00:03:43","modified_gmt":"2026-04-20T00:03:43","slug":"harina-de-tapioca-100-grs","status":"publish","type":"product","link":"https:\/\/tlalixpan.com\/?product=harina-de-tapioca-100-grs","title":{"rendered":"Harina de Tapioca 100 grs"},"content":{"rendered":"<h3>Tapioca Molida (Harina de Tapioca)<\/h3>\n<p>n<\/p>\n<h4>&#8211; Presentaci\u00f3n a Granel, 100 grs<\/h4>\n<p>nLa tapioca es una alimento alto en almid\u00f3n que se extrae de la ra\u00edz de la Yuca, alimento com\u00fan de Mesoam\u00e9rica prehisp\u00e1nica, sirve para hacer tortitas, espesar salsas, y en reposter\u00eda y postres. Es apta para celiacos pues est\u00e1 totalmente libre de gluten<br \/>\nn<br \/>\nn&nbsp;<\/p>\n","protected":false},"excerpt":{"rendered":"<p>HARINA DE TAPIOCA 100 % GLUTEN FREE<\/p>\n","protected":false},"featured_media":0,"comment_status":"open","ping_status":"closed","template":"","meta":[],"product_brand":[],"product_cat":[554],"product_tag":[558],"class_list":{"0":"post-5673","1":"product","2":"type-product","3":"status-publish","5":"product_cat-panaderia-y-harinas-productos-alimenticios-productos-alimenticios","6":"product_tag-agroecologico-celiaca-celiacos-gluten-free-harina-de-yuca-natural-nutricion-salud-sin-gluten-sin-toxicos-super-foods-tapioca-vegano-vida-cero-zerowaste","8":"first","9":"instock","10":"shipping-taxable","11":"purchasable","12":"product-type-simple"},"_links":{"self":[{"href":"https:\/\/tlalixpan.com\/index.php?rest_route=\/wp\/v2\/product\/5673","targetHints":{"allow":["GET"]}}],"collection":[{"href":"https:\/\/tlalixpan.com\/index.php?rest_route=\/wp\/v2\/product"}],"about":[{"href":"https:\/\/tlalixpan.com\/index.php?rest_route=\/wp\/v2\/types\/product"}],"replies":[{"embeddable":true,"href":"https:\/\/tlalixpan.com\/index.php?rest_route=%2Fwp%2Fv2%2Fcomments&post=5673"}],"wp:attachment":[{"href":"https:\/\/tlalixpan.com\/index.php?rest_route=%2Fwp%2Fv2%2Fmedia&parent=5673"}],"wp:term":[{"taxonomy":"product_brand","embeddable":true,"href":"https:\/\/tlalixpan.com\/index.php?rest_route=%2Fwp%2Fv2%2Fproduct_brand&post=5673"},{"taxonomy":"product_cat","embeddable":true,"href":"https:\/\/tlalixpan.com\/index.php?rest_route=%2Fwp%2Fv2%2Fproduct_cat&post=5673"},{"taxonomy":"product_tag","embeddable":true,"href":"https:\/\/tlalixpan.com\/index.php?rest_route=%2Fwp%2Fv2%2Fproduct_tag&post=5673"}],"curies":[{"name":"wp","href":"https:\/\/api.w.org\/{rel}","templated":true}]}}