
{"id":5590,"date":"2026-04-19T17:57:32","date_gmt":"2026-04-19T17:57:32","guid":{"rendered":"https:\/\/tlalixpan.com\/?post_type=product&#038;p=5590"},"modified":"2026-04-20T00:03:12","modified_gmt":"2026-04-20T00:03:12","slug":"pimienta-negra-50-grs","status":"publish","type":"product","link":"https:\/\/tlalixpan.com\/?product=pimienta-negra-50-grs","title":{"rendered":"Pimienta Negra 50 grs"},"content":{"rendered":"<h2>Pimienta Negra Entera<\/h2>\n<p>n<\/p>\n<h4>&#8211; Presentaci\u00f3n a granel de 50 grs<\/h4>\n<p>nEs de producci\u00f3n agroecol\u00f3gica del estado de Puebla, completamente natural. Es el condimento por excelencia. Adem\u00e1s uno de los insumos b\u00e1sicos de la medicina ayurv\u00e9dica.<br \/>\nn<br \/>\nnTiene propiedades antioxidantes y anti inflamatorias, puede ayudar para mejorar las funciones cerebrales, a incrementar la absorci\u00f3n de algunos minerales, lo cu\u00e1l es muy \u00fatil cuando se agrega a los platillos en casa.<br \/>\nn<br \/>\nnTiene ponenes propiedades antioxidantes, adem\u00e1s puede ayudar al control del metabolismo del az\u00facar en sangre.<br \/>\nn<br \/>\nnCombina bien con otros condimentos como <a href=\"https:\/\/tlalixpan.com\/alimenticio\/super-food\/curcuma-en-polvo\/\">c\u00farcuma<\/a>, cardamomo, <a href=\"https:\/\/tlalixpan.com\/alimenticio\/especias-e-infusiones\/comino\/\">comino<\/a> y ralladura de lim\u00f3n, pues amplia los beneficios de ellas.<br \/>\nn<br \/>\nnPara saber m\u00e1s de este producto <a href=\"https:\/\/www.salud.mapfre.es\/nutricion\/alimentos\/beneficios-pimienta\/#:~:text=Pimienta%20y%20protecci%C3%B3n%20cardiovascular%3A%20se,%2C%20por%20ejemplo%2C%20el%20calcio.\">entra aqui.<\/a><br \/>\nn<br \/>\nn&nbsp;<br \/>\nn<br \/>\nn&nbsp;<br \/>\nn<br \/>\nn&nbsp;<\/p>\n","protected":false},"excerpt":{"rendered":"<p>Pimienta negra entera de producci\u00f3n agroecol\u00f3gica del estado de Puebla, es un condimento con beneficios en las funciones cerebrales y con beneficios antiinflamatorios; permite la absorsi\u00f3n de minerales. Ideal para condimentar todo tipo de platillo y combina muy bien con la curcuma potenciliz\u00e1ndola.<\/p>\n","protected":false},"featured_media":0,"comment_status":"open","ping_status":"closed","template":"","meta":[],"product_brand":[],"product_cat":[540],"product_tag":[],"class_list":{"0":"post-5590","1":"product","2":"type-product","3":"status-publish","5":"product_cat-especias-e-infusiones-productos-alimenticios-productos-alimenticios","7":"first","8":"instock","9":"shipping-taxable","10":"purchasable","11":"product-type-simple"},"_links":{"self":[{"href":"https:\/\/tlalixpan.com\/index.php?rest_route=\/wp\/v2\/product\/5590","targetHints":{"allow":["GET"]}}],"collection":[{"href":"https:\/\/tlalixpan.com\/index.php?rest_route=\/wp\/v2\/product"}],"about":[{"href":"https:\/\/tlalixpan.com\/index.php?rest_route=\/wp\/v2\/types\/product"}],"replies":[{"embeddable":true,"href":"https:\/\/tlalixpan.com\/index.php?rest_route=%2Fwp%2Fv2%2Fcomments&post=5590"}],"wp:attachment":[{"href":"https:\/\/tlalixpan.com\/index.php?rest_route=%2Fwp%2Fv2%2Fmedia&parent=5590"}],"wp:term":[{"taxonomy":"product_brand","embeddable":true,"href":"https:\/\/tlalixpan.com\/index.php?rest_route=%2Fwp%2Fv2%2Fproduct_brand&post=5590"},{"taxonomy":"product_cat","embeddable":true,"href":"https:\/\/tlalixpan.com\/index.php?rest_route=%2Fwp%2Fv2%2Fproduct_cat&post=5590"},{"taxonomy":"product_tag","embeddable":true,"href":"https:\/\/tlalixpan.com\/index.php?rest_route=%2Fwp%2Fv2%2Fproduct_tag&post=5590"}],"curies":[{"name":"wp","href":"https:\/\/api.w.org\/{rel}","templated":true}]}}