
{"id":5578,"date":"2026-04-20T00:03:02","date_gmt":"2026-04-20T00:03:02","guid":{"rendered":"https:\/\/tlalixpan.com\/?product=canela-30-100grs"},"modified":"2026-04-20T00:03:02","modified_gmt":"2026-04-20T00:03:02","slug":"canela-30-100grs","status":"publish","type":"product","link":"https:\/\/tlalixpan.com\/?product=canela-30-100grs","title":{"rendered":"Canela 30-100grs"},"content":{"rendered":"<h3>Canela en Bara<\/h3>\n<p>n<\/p>\n<h4>&#8211;\u00a0 Presentaci\u00f3n 1 Pieza aprox. 30-40 grs o a granel 100 grs<\/h4>\n<p>nAgroecol\u00f3gica producida en el estado de Veracruz. Tipo Ceil\u00e1n, exquisito sabor y aroma. Se puede tomar en t\u00e9 e infusiones con distintas funciones, usarse en maceraciones en alimentos en problemas digestivos, masticada para mejorar el aliento.<br \/>\nn<br \/>\nnSe recomienda para enfermedades respiratorias, para la circulaci\u00f3n, regular la menstruaci\u00f3n, en uso externo principalmente para tratar infecciones.<br \/>\nn<br \/>\nnLa canela tiene efectos antiinflamatorios y algunos antioxidantes. Puede adem\u00e1s tener beneficios para los da\u00f1os de degeneraci\u00f3n oxidativa y para problemas neurodegenerativos.<br \/>\nn<br \/>\nnPara usarse en panader\u00eda y reposter\u00eda, como saborizante y condimento, como en el curry con <a href=\"https:\/\/tlalixpan.com\/alimenticio\/super-food\/curcuma-en-polvo\/\">curcuma<\/a> o incluso en cosm\u00e9tica.<br \/>\nn<br \/>\nnEn infusi\u00f3n 1 cucharadita x 1 litro de agua, 2 vasos al d\u00eda.<br \/>\nn<br \/>\nnPara leer m\u00e1s: <a href=\"https:\/\/elpoderdelconsumidor.org\/2020\/12\/el-poder-de-la-canela\/\">el poder de &#8230;<\/a><\/p>\n","protected":false},"excerpt":{"rendered":"<p>Canela en bara tipo ceil\u00e1n, exquisito sabor y aroma. de producci\u00f3n agroecol\u00f3gica del estado de Veracruz o Chiapas, se vende por pieza o a granel desde 100 grs<\/p>\n","protected":false},"featured_media":0,"comment_status":"open","ping_status":"closed","template":"","meta":[],"product_brand":[],"product_cat":[540],"product_tag":[],"class_list":{"0":"post-5578","1":"product","2":"type-product","3":"status-publish","5":"product_cat-especias-e-infusiones-productos-alimenticios-productos-alimenticios","7":"first","8":"instock","9":"shipping-taxable","10":"product-type-variable"},"_links":{"self":[{"href":"https:\/\/tlalixpan.com\/index.php?rest_route=\/wp\/v2\/product\/5578","targetHints":{"allow":["GET"]}}],"collection":[{"href":"https:\/\/tlalixpan.com\/index.php?rest_route=\/wp\/v2\/product"}],"about":[{"href":"https:\/\/tlalixpan.com\/index.php?rest_route=\/wp\/v2\/types\/product"}],"replies":[{"embeddable":true,"href":"https:\/\/tlalixpan.com\/index.php?rest_route=%2Fwp%2Fv2%2Fcomments&post=5578"}],"wp:attachment":[{"href":"https:\/\/tlalixpan.com\/index.php?rest_route=%2Fwp%2Fv2%2Fmedia&parent=5578"}],"wp:term":[{"taxonomy":"product_brand","embeddable":true,"href":"https:\/\/tlalixpan.com\/index.php?rest_route=%2Fwp%2Fv2%2Fproduct_brand&post=5578"},{"taxonomy":"product_cat","embeddable":true,"href":"https:\/\/tlalixpan.com\/index.php?rest_route=%2Fwp%2Fv2%2Fproduct_cat&post=5578"},{"taxonomy":"product_tag","embeddable":true,"href":"https:\/\/tlalixpan.com\/index.php?rest_route=%2Fwp%2Fv2%2Fproduct_tag&post=5578"}],"curies":[{"name":"wp","href":"https:\/\/api.w.org\/{rel}","templated":true}]}}