
{"id":5573,"date":"2026-04-19T17:54:20","date_gmt":"2026-04-19T17:54:20","guid":{"rendered":"https:\/\/tlalixpan.com\/?post_type=product&#038;p=5573"},"modified":"2026-04-20T00:03:02","modified_gmt":"2026-04-20T00:03:02","slug":"taro-en-polvo-50-grs","status":"publish","type":"product","link":"https:\/\/tlalixpan.com\/?product=taro-en-polvo-50-grs","title":{"rendered":"Taro en polvo 50 grs"},"content":{"rendered":"<h2>Taro en polvo<\/h2>\n<p>n<\/p>\n<h4>&#8211; Presentaci\u00f3n a granel 50grs<\/h4>\n<p>nOrg\u00e1nico natural sin edulcorantes, tambi\u00e9n conocido como Malanga, <em>Colocasia esculenta,\u00a0<\/em>se usa en la comida tradicional polinesia y en \u00c1frica, es un tub\u00e9rculo que se come como la pap\u00e1, estimula el sistema inmune, ayuda en la digesti\u00f3n y los ojos.<br \/>\nn<br \/>\nnPor su cantidad de hierro y cobre, es ideal para evitar la anemia, es alto en carbohidratos, por lo que es un alimento propio para deportistas y personas que sufren de anemia.<br \/>\nn<br \/>\nnSu cantidad de fibra ayuda a mejorar los procesos digestivos<br \/>\nn<br \/>\nnPor su sabor dulce, puedes usarlo en licuados, malteadas, jugos, pero tambi\u00e9n en helados, postres, y pasteler\u00eda. Para hacer unos hot cakes o pancakes <a href=\"https:\/\/tlalixpan.com\/alimenticio\/panaderia-y-harinas\/harina-integral\/\">integrales<\/a>, solo agrega una o dos cucharaditas a tu mezcla favorita.<br \/>\nn<br \/>\nnIdeal para que prepares <a href=\"https:\/\/www.kiwilimon.com\/receta\/bebidas\/bebidas-sin-alcohol\/recetas-de-bebidas-frias\/bubble-tea-de-taro\">bubble tea<\/a> en casa.<\/p>\n","protected":false},"excerpt":{"rendered":"<p>Taro en polvo org\u00e1nico, natural sin aditivos ni colorantes. Ideal para elaborar postres, licuados, smoothies, con alto contenido de hierro y cobre, ideal para tratar anemia y controlar problemas digestivos.<\/p>\n","protected":false},"featured_media":0,"comment_status":"open","ping_status":"closed","template":"","meta":[],"product_brand":[],"product_cat":[540],"product_tag":[],"class_list":{"0":"post-5573","1":"product","2":"type-product","3":"status-publish","5":"product_cat-especias-e-infusiones-productos-alimenticios-productos-alimenticios","7":"first","8":"instock","9":"shipping-taxable","10":"purchasable","11":"product-type-simple"},"_links":{"self":[{"href":"https:\/\/tlalixpan.com\/index.php?rest_route=\/wp\/v2\/product\/5573","targetHints":{"allow":["GET"]}}],"collection":[{"href":"https:\/\/tlalixpan.com\/index.php?rest_route=\/wp\/v2\/product"}],"about":[{"href":"https:\/\/tlalixpan.com\/index.php?rest_route=\/wp\/v2\/types\/product"}],"replies":[{"embeddable":true,"href":"https:\/\/tlalixpan.com\/index.php?rest_route=%2Fwp%2Fv2%2Fcomments&post=5573"}],"wp:attachment":[{"href":"https:\/\/tlalixpan.com\/index.php?rest_route=%2Fwp%2Fv2%2Fmedia&parent=5573"}],"wp:term":[{"taxonomy":"product_brand","embeddable":true,"href":"https:\/\/tlalixpan.com\/index.php?rest_route=%2Fwp%2Fv2%2Fproduct_brand&post=5573"},{"taxonomy":"product_cat","embeddable":true,"href":"https:\/\/tlalixpan.com\/index.php?rest_route=%2Fwp%2Fv2%2Fproduct_cat&post=5573"},{"taxonomy":"product_tag","embeddable":true,"href":"https:\/\/tlalixpan.com\/index.php?rest_route=%2Fwp%2Fv2%2Fproduct_tag&post=5573"}],"curies":[{"name":"wp","href":"https:\/\/api.w.org\/{rel}","templated":true}]}}