
{"id":5562,"date":"2026-04-19T17:52:22","date_gmt":"2026-04-19T17:52:22","guid":{"rendered":"https:\/\/tlalixpan.com\/?post_type=product&#038;p=5562"},"modified":"2026-04-20T00:02:52","modified_gmt":"2026-04-20T00:02:52","slug":"tostada-raspada-5pzas","status":"publish","type":"product","link":"https:\/\/tlalixpan.com\/?product=tostada-raspada-5pzas","title":{"rendered":"Tostada Raspada 5pzas"},"content":{"rendered":"<h2>Tostada Raspada chica o botanera<\/h2>\n<p>n<\/p>\n<h4>Marca Tochpan- Presentaci\u00f3n a granel 5 piezas<\/h4>\n<p>nElaboradas artesanalmente en Jalisco, con ma\u00edz criollo agroecol\u00f3gico negro de Tuxpan, nixtamalizado. totalmente artesanales, sin grasa, ni sal excesiva, naturales sin conservadores.<br \/>\nn<br \/>\nnEs un alimento sin gluten, y por las caracterisicas del ma\u00edz negro (morado), cuenta con un alto contenido de antioxidantes, por lo que ayudan en el control de peso y de enfermedades cardiovasculares.<br \/>\nn<br \/>\nnAdem\u00e1s tienen un \u00edndice gluc\u00e9mico (IG) bajo, por lo que puede ser apto para personas que viven con diabetes.<br \/>\nn<br \/>\nnPrepara tus tostadas de panela, tinga, ensalada, son gruesas, grandes y resistentes, c\u00f3melas como m\u00e1s te guste y que nunca le falt\u00e9n los<a href=\"https:\/\/tlalixpan.com\/alimenticio\/cereales-y-semillas\/frijol-agroecologico\/\"> frijoles.<\/a><br \/>\nn<br \/>\nnPara saber m\u00e1s entra a <a href=\"https:\/\/elpoderdelconsumidor.org\/2022\/09\/el-poder-de-las-tostadas\/\">El porder de&#8230;<\/a><\/p>\n","protected":false},"excerpt":{"rendered":"<p>Tostada raspada chica, elaborada de forma artesanal, de ma\u00edz morado criollo agroecol\u00f3gico nixtamalizado de Jalisco. Alimento libre de gluten, apto para toda la familia, para prepararlas con lo que m\u00e1s te guste, ideales para personas que quieren mantener su peso, bajas en grasas y sodio. Paquete de 5 piezas, se venden a granel, si pides 2 tendras un paquete de 10 piezas.<\/p>\n","protected":false},"featured_media":0,"comment_status":"open","ping_status":"closed","template":"","meta":[],"product_brand":[],"product_cat":[17],"product_tag":[541],"class_list":{"0":"post-5562","1":"product","2":"type-product","3":"status-publish","5":"product_cat-cereales-y-semillas-granos-y-derivados","6":"product_tag-agroecologico-agroecologicos-alimentos-limpios-artesanal-maiz-criollo-salud-sin-toxicos-tostada-azul-tostada-raspada-vegano-zerowaste","8":"first","9":"instock","10":"shipping-taxable","11":"purchasable","12":"product-type-simple"},"_links":{"self":[{"href":"https:\/\/tlalixpan.com\/index.php?rest_route=\/wp\/v2\/product\/5562","targetHints":{"allow":["GET"]}}],"collection":[{"href":"https:\/\/tlalixpan.com\/index.php?rest_route=\/wp\/v2\/product"}],"about":[{"href":"https:\/\/tlalixpan.com\/index.php?rest_route=\/wp\/v2\/types\/product"}],"replies":[{"embeddable":true,"href":"https:\/\/tlalixpan.com\/index.php?rest_route=%2Fwp%2Fv2%2Fcomments&post=5562"}],"wp:attachment":[{"href":"https:\/\/tlalixpan.com\/index.php?rest_route=%2Fwp%2Fv2%2Fmedia&parent=5562"}],"wp:term":[{"taxonomy":"product_brand","embeddable":true,"href":"https:\/\/tlalixpan.com\/index.php?rest_route=%2Fwp%2Fv2%2Fproduct_brand&post=5562"},{"taxonomy":"product_cat","embeddable":true,"href":"https:\/\/tlalixpan.com\/index.php?rest_route=%2Fwp%2Fv2%2Fproduct_cat&post=5562"},{"taxonomy":"product_tag","embeddable":true,"href":"https:\/\/tlalixpan.com\/index.php?rest_route=%2Fwp%2Fv2%2Fproduct_tag&post=5562"}],"curies":[{"name":"wp","href":"https:\/\/api.w.org\/{rel}","templated":true}]}}