
{"id":5555,"date":"2026-04-19T17:50:58","date_gmt":"2026-04-19T17:50:58","guid":{"rendered":"https:\/\/tlalixpan.com\/?post_type=product&#038;p=5555"},"modified":"2026-04-20T00:02:39","modified_gmt":"2026-04-20T00:02:39","slug":"vinagre-de-manzana-350ml","status":"publish","type":"product","link":"https:\/\/tlalixpan.com\/?product=vinagre-de-manzana-350ml","title":{"rendered":"Vinagre de manzana 350ml"},"content":{"rendered":"<h2>Vinagre de manzana<\/h2>\n<p>n<\/p>\n<h4>&#8211; Presentaci\u00f3n frasco 350 ML<\/h4>\n<p>n100% natural, hecho a partir de productos agroecol\u00f3gicos, mediante fermentaci\u00f3n natural, sin aditivos \u00e1cidos, ni conservadores. No se encuentra filtrado por lo que puede tener un poco de restos de madre.<br \/>\nn<br \/>\nnIdeal para conservar alimentos, se puede agregar en salsas,<a href=\"https:\/\/tlalixpan.com\/alimenticio\/panaderia-y-harinas\/sopa-de-pasta\/\"> sopas<\/a>, en vinagretas, curtidos y como conservador de verduras, para lavar carnes y mas.<br \/>\nn<br \/>\nnEs una excelente desinfectante pues mata pat\u00f3genos y algunas bacterias, puede funcionar para limpiar heridas, fungosis, y algunas otras infecciones, pero tambi\u00e9n para limpiar superficies y pisos.<br \/>\nn<br \/>\nnPuede ayudar a reducir los niveles de <a href=\"https:\/\/www.tuasaude.com\/es\/beneficios-del-vinagre-de-manzana\/\">insulina y az\u00facar<\/a> en la sangre, adem\u00e1s de sentir saciedad al comer y ayudar a reducir la grasa abdominal.<br \/>\nn<br \/>\nnTambi\u00e9n puede ayudar a mejorar los niveles de colesterol de 1 a 2 cucharaditas al d\u00eda, en un vaso de agua.<br \/>\nn<br \/>\nnDe forma t\u00f3pica y diluida se puede usar para mejorar la salud de la piel, y como acondicionador para el cabello, despu\u00e9s del <a href=\"https:\/\/tlalixpan.com\/vida-cero\/shampoo-solido\/\">lavado habitual<\/a>.<br \/>\nn<br \/>\nn**Nota: Al ser un fermento, continua con su proceso de fermentaci\u00f3n por lo que se recomienda guardar en refrigeraci\u00f3n o abrirlo ocasionalmente para dejar salir el gas.<br \/>\nn<br \/>\nn&nbsp;<\/p>\n","protected":false},"excerpt":{"rendered":"<p>Vinagre de manzana (sidra) 100% natural no filtrado, por lo que puede tener restos de madre, elaborado de forma artesanal a partir de insumos agroecol\u00f3gicos. Ideal para conservar y desinfectar alimentos.<br \/>\nn<br \/>\nn&nbsp;<\/p>\n","protected":false},"featured_media":0,"comment_status":"open","ping_status":"closed","template":"","meta":[],"product_brand":[],"product_cat":[540],"product_tag":[],"class_list":{"0":"post-5555","1":"product","2":"type-product","3":"status-publish","5":"product_cat-especias-e-infusiones-productos-alimenticios-productos-alimenticios","7":"first","8":"instock","9":"shipping-taxable","10":"purchasable","11":"product-type-simple"},"_links":{"self":[{"href":"https:\/\/tlalixpan.com\/index.php?rest_route=\/wp\/v2\/product\/5555","targetHints":{"allow":["GET"]}}],"collection":[{"href":"https:\/\/tlalixpan.com\/index.php?rest_route=\/wp\/v2\/product"}],"about":[{"href":"https:\/\/tlalixpan.com\/index.php?rest_route=\/wp\/v2\/types\/product"}],"replies":[{"embeddable":true,"href":"https:\/\/tlalixpan.com\/index.php?rest_route=%2Fwp%2Fv2%2Fcomments&post=5555"}],"wp:attachment":[{"href":"https:\/\/tlalixpan.com\/index.php?rest_route=%2Fwp%2Fv2%2Fmedia&parent=5555"}],"wp:term":[{"taxonomy":"product_brand","embeddable":true,"href":"https:\/\/tlalixpan.com\/index.php?rest_route=%2Fwp%2Fv2%2Fproduct_brand&post=5555"},{"taxonomy":"product_cat","embeddable":true,"href":"https:\/\/tlalixpan.com\/index.php?rest_route=%2Fwp%2Fv2%2Fproduct_cat&post=5555"},{"taxonomy":"product_tag","embeddable":true,"href":"https:\/\/tlalixpan.com\/index.php?rest_route=%2Fwp%2Fv2%2Fproduct_tag&post=5555"}],"curies":[{"name":"wp","href":"https:\/\/api.w.org\/{rel}","templated":true}]}}