
{"id":5546,"date":"2026-04-20T00:02:39","date_gmt":"2026-04-20T00:02:39","guid":{"rendered":"https:\/\/tlalixpan.com\/?product=chocolate-de-mesa"},"modified":"2026-04-20T00:02:39","modified_gmt":"2026-04-20T00:02:39","slug":"chocolate-de-mesa","status":"publish","type":"product","link":"https:\/\/tlalixpan.com\/?product=chocolate-de-mesa","title":{"rendered":"Chocolate de mesa"},"content":{"rendered":"<h3>Chocolate de mesa<\/h3>\n<p>n<\/p>\n<h4>Marca Ma&#8217;nena &#8211; Presentaci\u00f3n a granel 1 pieza o paquete<\/h4>\n<p>nChocolate artesanal con almendra, canela y az\u00facar, elaborado en el sur Nayarit, con la receta de la abuela Manina, totalmente natural sin conservadores ni aditivos.<br \/>\nn<br \/>\nnIdeal para preparar bebidas calientes o fr\u00edas, en leche u agua, puedes usarlo tambi\u00e9n en reposter\u00eda y alimentos, excelente para elaborar mole dulce.<br \/>\nn<br \/>\nnPara conocer m\u00e1s de <a href=\"https:\/\/www.instagram.com\/manena_chocolate_artesanal\/\">este proyecto.<\/a><br \/>\nn<br \/>\nnPuedes elaborar otros productos de chocolate con nuestra <a href=\"https:\/\/tlalixpan.com\/alimenticio\/cacao-en-polvo\/\">cocoa<\/a> agroecol\u00f3gica.<\/p>\n","protected":false},"excerpt":{"rendered":"<p>Chocolate de mesa, elaborado con almendra\u00a0 y az\u00facar convencional o piloncillo agroecol\u00f3gico, elaborado de forma artesanal producido en el sur de Nayarit. Ideal para preparar en leche o agua, para hacer un mole o alg\u00fan postre.<\/p>\n","protected":false},"featured_media":0,"comment_status":"open","ping_status":"closed","template":"","meta":[],"product_brand":[],"product_cat":[519],"product_tag":[631],"class_list":{"0":"post-5546","1":"product","2":"type-product","3":"status-publish","5":"product_cat-dulces-endulzantes-y-botanas-productos-alimenticios","6":"product_tag-alimentos-limpios-artesanal-chocolate-abuelita-chocolate-almendrado-chocolate-de-mesa-chocolate-tradicional-energia-sin-toxicos-tablilla-de-chocolate-vegano-vida-cero-zerowaste","8":"first","9":"instock","10":"shipping-taxable","11":"product-type-variable"},"_links":{"self":[{"href":"https:\/\/tlalixpan.com\/index.php?rest_route=\/wp\/v2\/product\/5546","targetHints":{"allow":["GET"]}}],"collection":[{"href":"https:\/\/tlalixpan.com\/index.php?rest_route=\/wp\/v2\/product"}],"about":[{"href":"https:\/\/tlalixpan.com\/index.php?rest_route=\/wp\/v2\/types\/product"}],"replies":[{"embeddable":true,"href":"https:\/\/tlalixpan.com\/index.php?rest_route=%2Fwp%2Fv2%2Fcomments&post=5546"}],"wp:attachment":[{"href":"https:\/\/tlalixpan.com\/index.php?rest_route=%2Fwp%2Fv2%2Fmedia&parent=5546"}],"wp:term":[{"taxonomy":"product_brand","embeddable":true,"href":"https:\/\/tlalixpan.com\/index.php?rest_route=%2Fwp%2Fv2%2Fproduct_brand&post=5546"},{"taxonomy":"product_cat","embeddable":true,"href":"https:\/\/tlalixpan.com\/index.php?rest_route=%2Fwp%2Fv2%2Fproduct_cat&post=5546"},{"taxonomy":"product_tag","embeddable":true,"href":"https:\/\/tlalixpan.com\/index.php?rest_route=%2Fwp%2Fv2%2Fproduct_tag&post=5546"}],"curies":[{"name":"wp","href":"https:\/\/api.w.org\/{rel}","templated":true}]}}