
{"id":5527,"date":"2026-04-19T23:45:01","date_gmt":"2026-04-19T23:45:01","guid":{"rendered":"https:\/\/tlalixpan.com\/?product=chile-100-grs"},"modified":"2026-04-20T00:02:09","modified_gmt":"2026-04-20T00:02:09","slug":"chile-100-grs","status":"publish","type":"product","link":"https:\/\/tlalixpan.com\/?product=chile-100-grs","title":{"rendered":"Chile 100 grs"},"content":{"rendered":"<h2>Chile \/ Pimientos secos<\/h2>\n<p>n<\/p>\n<h4>&#8211; Presentaci\u00f3n a granel, 100 Grs<\/h4>\n<p>nLos chiles y pimientos son de la misma especie, capsicum annum; los secos, son una parte escencial de la comida mexicana, ellos cuentan con altas cantidades de vitaminas A, C, adem\u00e1s de E, B6, K , un poco de prote\u00ednas y algunos minerales como Magnesio y Potasio,\u00a0 pueden generar saciedad al comer menos, calmar el dolor y mejorar sistemas digestivos. A pesar de sus beneficios, es generalmente dificil comerlos en cantidades altas. Todos tienen beneficios a la salud general, consumiendose como parte de una dieta sana, y siendo productos naturales, como reducir inflamaciones y da\u00f1o oxidativo.<br \/>\nn<br \/>\nnSon buenos para limpiar las v\u00edas respiratorias, ayuda a favorece el quemado promueve una menor absorci\u00f3n de calorias, as\u00ed como reducir el apetito, por lo que es bueno para bajar de peso. Adem\u00e1s pueden tener un buen efecto en el control de dolor.<br \/>\nn<br \/>\nnPuedes agregarla en el desayuno, sopas y guisados, para hacer papas gajos y otras botanas saludables, o tomarla con agua tibia, tambi\u00e9n se puede utilizar en cosm\u00e9tica s\u00f3lida para ayudar en problemas de psoriasis o dolores musculares.<br \/>\nn<br \/>\nnAl rehidratarlos, cocerlos o freirlos, puedes licuarlos y agregarlos como adobo a carnes o en opciones vegetarianas en guisos de <a href=\"https:\/\/tlalixpan.com\/alimenticio\/cereales-y-semillas\/garbanzo\/\">garbanzos<\/a>, adem\u00e1s mezclado con <a href=\"https:\/\/tlalixpan.com\/alimenticio\/endulzantes\/chocolate-de-mesa\/\">chocolate<\/a> y nueces el la base del delicioso <a href=\"https:\/\/www.gob.mx\/siap\/articulos\/el-mole-obra-de-la-casualidad-o-la-inspiracion-que-nos-identifica-en-la-gastronomia-mundial\/\">mole<\/a>.<br \/>\nn<br \/>\nnPara leer m\u00e1s: <a href=\"https:\/\/www.gob.mx\/siap\/articulos\/el-chile-corazon-de-la-gastronomia-mexicana\">El coraz\u00f3n de la gastronom\u00eda mexicana<\/a><\/p>\n","protected":false},"excerpt":{"rendered":"<p>Chiles secos son una parte escencial de la alimentaci\u00f3n en M\u00e9xico, estos son agroecol\u00f3gicos y puedes elegir la variedad que m\u00e1s te guste para elaborar tus platos favoritos.<\/p>\n","protected":false},"featured_media":0,"comment_status":"open","ping_status":"closed","template":"","meta":[],"product_brand":[],"product_cat":[577],"product_tag":[],"class_list":{"0":"post-5527","1":"product","2":"type-product","3":"status-publish","5":"product_cat-super-foods-productos-alimenticios-productos-alimenticios","7":"first","8":"instock","9":"shipping-taxable","10":"product-type-variable"},"_links":{"self":[{"href":"https:\/\/tlalixpan.com\/index.php?rest_route=\/wp\/v2\/product\/5527","targetHints":{"allow":["GET"]}}],"collection":[{"href":"https:\/\/tlalixpan.com\/index.php?rest_route=\/wp\/v2\/product"}],"about":[{"href":"https:\/\/tlalixpan.com\/index.php?rest_route=\/wp\/v2\/types\/product"}],"replies":[{"embeddable":true,"href":"https:\/\/tlalixpan.com\/index.php?rest_route=%2Fwp%2Fv2%2Fcomments&post=5527"}],"wp:attachment":[{"href":"https:\/\/tlalixpan.com\/index.php?rest_route=%2Fwp%2Fv2%2Fmedia&parent=5527"}],"wp:term":[{"taxonomy":"product_brand","embeddable":true,"href":"https:\/\/tlalixpan.com\/index.php?rest_route=%2Fwp%2Fv2%2Fproduct_brand&post=5527"},{"taxonomy":"product_cat","embeddable":true,"href":"https:\/\/tlalixpan.com\/index.php?rest_route=%2Fwp%2Fv2%2Fproduct_cat&post=5527"},{"taxonomy":"product_tag","embeddable":true,"href":"https:\/\/tlalixpan.com\/index.php?rest_route=%2Fwp%2Fv2%2Fproduct_tag&post=5527"}],"curies":[{"name":"wp","href":"https:\/\/api.w.org\/{rel}","templated":true}]}}