
{"id":5513,"date":"2026-04-19T17:47:43","date_gmt":"2026-04-19T17:47:43","guid":{"rendered":"https:\/\/tlalixpan.com\/?post_type=product&#038;p=5513"},"modified":"2026-04-20T00:02:09","modified_gmt":"2026-04-20T00:02:09","slug":"arroz-integral-100-grs","status":"publish","type":"product","link":"https:\/\/tlalixpan.com\/?product=arroz-integral-100-grs","title":{"rendered":"Arroz Integral 100 grs"},"content":{"rendered":"<h3>Arroz Integral<\/h3>\n<p>n<\/p>\n<h4>&#8211; Presentaci\u00f3n a granel 100 GRS<\/h4>\n<p>nDe producci\u00f3n agroecol\u00f3gica, es un cereal entero, de la variedad Morelos producido en el mismo estado, grano de tipo medio, producto Libre de Agro t\u00f3xicos, metales pesados y ars\u00e9nico. Es un alimento natural rico en nutrientes y vitaminas.<br \/>\nn<br \/>\nnEste es un cultivo conocido desde hace 8000 a\u00f1os, y uno de los principales alimentos en el mundo, el que tiene su cascarilla, cuenta con un alto en contenido de fibra, vitaminas B1 y B6, minerales como: Magnesio, F\u00f3sforo, Manganeso y Selenio.<br \/>\nn<br \/>\nnAl ser un alimento bajo en calor\u00edas ayuda en el control de peso, y puede ayudar a reducir el \u00edndice de masa corporal, al contener \u00e1cido f\u00edtico, es mejor remojarlo un poco antes de cocinarlo, para que no reduzca la absorci\u00f3n de otros minerales.<br \/>\nn<br \/>\nnEs un cereal recomendado en personas que viven con diabetes, sustituyendo al blanco, que aumenta el \u00edndice glic\u00e9mico. Puedes preparar la versi\u00f3n de tu platillo favorito, risotto, paella, hervido, a la mexicana, con <a href=\"https:\/\/tlalixpan.com\/alimenticio\/cereales-semillas-granos-y-derivados\/frijol-rojo\/\">frijoles<\/a>, con<a href=\"https:\/\/tlalixpan.com\/alimenticio\/cereales-semillas-granos-y-derivados\/coco-rallado\/\"> coco<\/a>, o con leche, su cocci\u00f3n es un poco mas lenta pero bien lavado y remojado tarda entre 20 a 30 min, al vapor.<br \/>\nn<br \/>\nnEl arroz integral es f\u00e1cil de prepara solo ponlo a remojar un m\u00ednimo de 15 min, escurrelo y luego preparalo en tu receta favorita el remojo lo hace m\u00e1s suave para la cocci\u00f3n y puede cocerse m\u00e1s r\u00e1pido.<br \/>\nn<br \/>\nnPara leer m\u00e1s: <a href=\"https:\/\/elpoderdelconsumidor.org\/2016\/06\/el-poder-de-el-arroz-integral\/\">El poder de&#8230;<\/a><br \/>\nn<\/p>\n<h3><\/h3>\n","protected":false},"excerpt":{"rendered":"<p>Arroz integral agroecol\u00f3gico producido en en estado de Morelos, es un cereal con mucha fibra y gracias a que conserva su cascara es un grano entero que cuenta adem\u00e1s con vitaminas y minerales.<\/p>\n","protected":false},"featured_media":355,"comment_status":"open","ping_status":"closed","template":"","meta":[],"product_brand":[],"product_cat":[516],"product_tag":[],"class_list":{"0":"post-5513","1":"product","2":"type-product","3":"status-publish","4":"has-post-thumbnail","6":"product_cat-cereales-y-semillas-granos-y-derivados-productos-alimenticios","8":"first","9":"instock","10":"shipping-taxable","11":"purchasable","12":"product-type-simple"},"_links":{"self":[{"href":"https:\/\/tlalixpan.com\/index.php?rest_route=\/wp\/v2\/product\/5513","targetHints":{"allow":["GET"]}}],"collection":[{"href":"https:\/\/tlalixpan.com\/index.php?rest_route=\/wp\/v2\/product"}],"about":[{"href":"https:\/\/tlalixpan.com\/index.php?rest_route=\/wp\/v2\/types\/product"}],"replies":[{"embeddable":true,"href":"https:\/\/tlalixpan.com\/index.php?rest_route=%2Fwp%2Fv2%2Fcomments&post=5513"}],"wp:featuredmedia":[{"embeddable":true,"href":"https:\/\/tlalixpan.com\/index.php?rest_route=\/wp\/v2\/media\/355"}],"wp:attachment":[{"href":"https:\/\/tlalixpan.com\/index.php?rest_route=%2Fwp%2Fv2%2Fmedia&parent=5513"}],"wp:term":[{"taxonomy":"product_brand","embeddable":true,"href":"https:\/\/tlalixpan.com\/index.php?rest_route=%2Fwp%2Fv2%2Fproduct_brand&post=5513"},{"taxonomy":"product_cat","embeddable":true,"href":"https:\/\/tlalixpan.com\/index.php?rest_route=%2Fwp%2Fv2%2Fproduct_cat&post=5513"},{"taxonomy":"product_tag","embeddable":true,"href":"https:\/\/tlalixpan.com\/index.php?rest_route=%2Fwp%2Fv2%2Fproduct_tag&post=5513"}],"curies":[{"name":"wp","href":"https:\/\/api.w.org\/{rel}","templated":true}]}}