
{"id":5512,"date":"2026-04-19T17:47:11","date_gmt":"2026-04-19T17:47:11","guid":{"rendered":"https:\/\/tlalixpan.com\/?post_type=product&#038;p=5512"},"modified":"2026-04-20T00:02:09","modified_gmt":"2026-04-20T00:02:09","slug":"amaranto-inflado-100-grs","status":"publish","type":"product","link":"https:\/\/tlalixpan.com\/?product=amaranto-inflado-100-grs","title":{"rendered":"Amaranto Inflado 100 grs"},"content":{"rendered":"<h3>Amaranto Inflado<\/h3>\n<p>n<\/p>\n<h4>&#8211; Presentaci\u00f3n a granel,\u00a0 100 GRS<\/h4>\n<p>nOrg\u00e1nico u agroecol\u00f3gico natural sin az\u00facar ni aditivos, producido en Puebla. Este cereal era uno de los alimentos estrella entre los habitantes de Mesoam\u00e9rica, contiene mucha fibra y prote\u00ednas, en algunas cooperativas de Puebla y centro &#8211; sur de M\u00e9xico se usa para evitar y combatir la anemia entre ni\u00f1os y adultos. Conocido como Huautli en lengua Nahuatl.<br \/>\nn<br \/>\nnUna tasa de este cereal inflado, puede tener hasta 7 grs de prote\u00ednas, adem\u00e1s contiene una cantidad alta de minerales como: Manganeso, Magnesio, F\u00f3sforo, Hierro, Selenio y Cobre, adem\u00e1s de antioxidantes. Incluso sobrepasa las necesidades diarias de Manganeso, importante para el funcionamiento del cerebro, las reacciones enzim\u00e1ticas del cuerpo, las respuestas inmunes, la formaci\u00f3n de nuevas hormonas, la creaci\u00f3n de sangre y huesos. Adem\u00e1s es un grano completamente libre de gluten, ideal para personas celi\u00e1ticas y con alergias al trigo.<br \/>\nn<br \/>\nnPuede tener beneficios como antiinflamatorio, promotor de antioxidantes, para reducir el colesterol y para el control de peso.<br \/>\nn<br \/>\nnEs un cereal facil de integrar a la dieta diaria, se puede agregar en licuados, en guisados, como cereal solo o acompa\u00f1ado con yogurt o leche (de vaca o semillas), para hacer barras energ\u00e9ticas mezclado con <a href=\"https:\/\/tlalixpan.com\/frutos-secos\/\">nueces y frutos secos<\/a>, alegr\u00edas, en panes y galletas (su harina para sustituir la harina de trigo).<br \/>\nn<br \/>\nnPara leer m\u00e1s: <a href=\"https:\/\/www.cicy.mx\/Documentos\/CICY\/Desde_Herbario\/2023\/2023-06-22-JAraujo-al-Amaranto-huauhtli-sagrado-del-Mexico.pdf\">Huautli alimento sagrado<\/a><br \/>\nn<br \/>\nn&nbsp;<\/p>\n","protected":false},"excerpt":{"rendered":"<p>Amaranto inflado puede ser org\u00e1nico o agroecol\u00f3gico, producido en el estado de Puebla, se agrega facilmente a la dieta diaria y aporta grandes beneficios para su salud, por su alto contenido nutricional, se vende a granel desde 100gr.<\/p>\n","protected":false},"featured_media":344,"comment_status":"open","ping_status":"closed","template":"","meta":[],"product_brand":[],"product_cat":[516],"product_tag":[],"class_list":{"0":"post-5512","1":"product","2":"type-product","3":"status-publish","4":"has-post-thumbnail","6":"product_cat-cereales-y-semillas-granos-y-derivados-productos-alimenticios","8":"first","9":"instock","10":"shipping-taxable","11":"purchasable","12":"product-type-simple"},"_links":{"self":[{"href":"https:\/\/tlalixpan.com\/index.php?rest_route=\/wp\/v2\/product\/5512","targetHints":{"allow":["GET"]}}],"collection":[{"href":"https:\/\/tlalixpan.com\/index.php?rest_route=\/wp\/v2\/product"}],"about":[{"href":"https:\/\/tlalixpan.com\/index.php?rest_route=\/wp\/v2\/types\/product"}],"replies":[{"embeddable":true,"href":"https:\/\/tlalixpan.com\/index.php?rest_route=%2Fwp%2Fv2%2Fcomments&post=5512"}],"wp:featuredmedia":[{"embeddable":true,"href":"https:\/\/tlalixpan.com\/index.php?rest_route=\/wp\/v2\/media\/344"}],"wp:attachment":[{"href":"https:\/\/tlalixpan.com\/index.php?rest_route=%2Fwp%2Fv2%2Fmedia&parent=5512"}],"wp:term":[{"taxonomy":"product_brand","embeddable":true,"href":"https:\/\/tlalixpan.com\/index.php?rest_route=%2Fwp%2Fv2%2Fproduct_brand&post=5512"},{"taxonomy":"product_cat","embeddable":true,"href":"https:\/\/tlalixpan.com\/index.php?rest_route=%2Fwp%2Fv2%2Fproduct_cat&post=5512"},{"taxonomy":"product_tag","embeddable":true,"href":"https:\/\/tlalixpan.com\/index.php?rest_route=%2Fwp%2Fv2%2Fproduct_tag&post=5512"}],"curies":[{"name":"wp","href":"https:\/\/api.w.org\/{rel}","templated":true}]}}