
{"id":5510,"date":"2026-04-19T23:45:01","date_gmt":"2026-04-19T23:45:01","guid":{"rendered":"https:\/\/tlalixpan.com\/?product=aceite-de-oliva"},"modified":"2026-04-20T00:02:09","modified_gmt":"2026-04-20T00:02:09","slug":"aceite-de-oliva","status":"publish","type":"product","link":"https:\/\/tlalixpan.com\/?product=aceite-de-oliva","title":{"rendered":"Aceite de Oliva"},"content":{"rendered":"<h3>Aceite de oliva<\/h3>\n<p>n<\/p>\n<h4>&#8211; Presentaci\u00f3n Frasco<\/h4>\n<p>nArtesanal extra virgen, agroecol\u00f3gico producido en el Edo. De M\u00e9xico. Contiene omega 3 y 6, que son buenos para el cerebro, vitaminas E y K, antioxidantes, propiedades anti inflamatorias y propiedades antibacteriales.<br \/>\nn<br \/>\nnEl aceite de oliva se consume en grandes cantidades en las dietas mediterr\u00e1neas, donde la obesidad es poco com\u00fan, por lo tanto (demostrado en algunos estudios) no se relaciona con obesidad y si con el aumento de antioxidantes, este tipo de dieta tambi\u00e9n a visto efectos ben\u00e9ficos en las condiciones cerebrales de quienes la consumen.<br \/>\nn<br \/>\nnSu punto cr\u00edtico de calor es de 210 grados, por lo que se puede consumir en frio, en ensaladas o gazpachos o en caliente en sofritos, para saltear, hornear, en guisados, o en preparados a la plancha.<br \/>\nn<br \/>\nnPara hacer una vinagreta s\u00f3lo mezclalo en partes iguales con<a href=\"https:\/\/tlalixpan.com\/alimenticio\/especias-e-infusiones\/vinagre-de-manzana\/\"> vinagre de manzana<\/a> y <a href=\"https:\/\/tlalixpan.com\/especias-e-infusiones\/\">especias<\/a> de tu gusto.<br \/>\nn<br \/>\nnAdem\u00e1s es de uso cosm\u00e9tico, para elaborar jabones, cremas, para el cabello y piel, tambi\u00e9n se puede usar directo.<br \/>\nn<br \/>\nnPara leer m\u00e1s: <a href=\"https:\/\/www.nationalgeographic.es\/ciencia\/2023\/11\/aceite-oliva-beneficio-salud-alimento-medicina\">Ning\u00fan alimento o medicina puede hacer lo que el aceite de oliva<\/a><br \/>\nn<br \/>\nn&nbsp;<\/p>\n","protected":false},"excerpt":{"rendered":"<p>El aceite de oliva es un producto ampliamente reconocido por su calidad y beneficios para la salud. Su sabor y aroma \u00fanicos lo convierten en un ingrediente esencial en muchas cocinas. Adem\u00e1s, su contenido en grasas saludables lo convierte en una opci\u00f3n ideal para una dieta equilibrada. Aproveche las propiedades del aceite de oliva y disfrute de una experiencia culinaria excepcional. Este es agroecol\u00f3gico producido en el Estado de M\u00e9xico.<br \/>\nn<br \/>\nn&nbsp;<\/p>\n","protected":false},"featured_media":0,"comment_status":"open","ping_status":"closed","template":"","meta":[],"product_brand":[],"product_cat":[627],"product_tag":[],"class_list":{"0":"post-5510","1":"product","2":"type-product","3":"status-publish","5":"product_cat-aceites-productos-alimenticios","7":"first","8":"instock","9":"shipping-taxable","10":"product-type-variable"},"_links":{"self":[{"href":"https:\/\/tlalixpan.com\/index.php?rest_route=\/wp\/v2\/product\/5510","targetHints":{"allow":["GET"]}}],"collection":[{"href":"https:\/\/tlalixpan.com\/index.php?rest_route=\/wp\/v2\/product"}],"about":[{"href":"https:\/\/tlalixpan.com\/index.php?rest_route=\/wp\/v2\/types\/product"}],"replies":[{"embeddable":true,"href":"https:\/\/tlalixpan.com\/index.php?rest_route=%2Fwp%2Fv2%2Fcomments&post=5510"}],"wp:attachment":[{"href":"https:\/\/tlalixpan.com\/index.php?rest_route=%2Fwp%2Fv2%2Fmedia&parent=5510"}],"wp:term":[{"taxonomy":"product_brand","embeddable":true,"href":"https:\/\/tlalixpan.com\/index.php?rest_route=%2Fwp%2Fv2%2Fproduct_brand&post=5510"},{"taxonomy":"product_cat","embeddable":true,"href":"https:\/\/tlalixpan.com\/index.php?rest_route=%2Fwp%2Fv2%2Fproduct_cat&post=5510"},{"taxonomy":"product_tag","embeddable":true,"href":"https:\/\/tlalixpan.com\/index.php?rest_route=%2Fwp%2Fv2%2Fproduct_tag&post=5510"}],"curies":[{"name":"wp","href":"https:\/\/api.w.org\/{rel}","templated":true}]}}