{"id":323,"date":"2026-04-15T01:03:37","date_gmt":"2026-04-15T01:03:37","guid":{"rendered":"https:\/\/tlalixpan.com\/?post_type=product&#038;p=323"},"modified":"2026-04-15T01:04:33","modified_gmt":"2026-04-15T01:04:33","slug":"toalla-pantiprotector-1-pza","status":"publish","type":"product","link":"https:\/\/tlalixpan.com\/?product=toalla-pantiprotector-1-pza","title":{"rendered":"Toalla Pantiprotector 1 pza."},"content":{"rendered":"<h2>Toalla Pantiprotector &#8211; Higiene Femenina<\/h2>\n<h4>Marca Toalla Sana &#8211; Presentaci\u00f3n 1 pza<\/h4>\n<p>Son confeccionadas de manera artesanal por mujeres de por uin colectivo feminista de educadoras y activistas menstruales,.que trabajan desde casa con textiles especializados y de la m\u00e1s alta calidad. El proceso artesanal que se realiza con cada pieza le otorga un car\u00e1cter de c\u00e1lido y \u00fanico.<\/p>\n<p>Se utilizan insumos de la m\u00e1s alta calidad, el principal par\u00e1metro que Toalla Sana elige siempre es la salud. elaboradas de forma artesanal en tela de algod\u00f3n org\u00e1nico.<\/p>\n<p>Tama\u00f1o mini, ideal para su uso diario. Estampados variables.<\/p>\n<p>CUBIERTA SUPERIOR (tela en contacto con tu piel) compuesta de 70% bamb\u00fa y 30% algod\u00f3n org\u00e1nico, libre de glifosato, blanqueadores, tintas y perfumes. Esta tela est\u00e1 certificada por Oeko Tex y GOTS las cuales tiene criterios muy claros de cuidado del medio ambiente a lo largo de toda la cadena productiva, adem\u00e1s de incluir criterios sociales.<\/p>\n<p>CAPA ABSORBENTE de algod\u00f3n crudo compactado, libre de absorbentes qu\u00edmicos, geles absorbentes resinas o pegamentos.<\/p>\n<p>CAPA IMPERMEABLE 100% poliuretano laminado (pul) s\u00faper efectivo contra goteos.<\/p>\n<p>CUBIERTA INFERIOR popelina estampada 100% coqueta y 100% algod\u00f3n.<\/p>\n<p>Se lavan muy bien con el <a href=\"https:\/\/tlalixpan.com\/limpieza\/jabon-de-lavanderia\/\">jab\u00f3n garcia<\/a>.<\/p>\n<p>Contamos con varios tama\u00f1os, no dejes que tus hijas usen toallas llenas de t\u00f3xinas.<\/p>\n<p>M\u00e1s informaci\u00f3n entra <a href=\"https:\/\/www.rutinasustentable.cl\/el-gran-problema-de-las-toallas-higienicas-y-los-tampones\">aqui.<\/a><\/p>\n","protected":false},"excerpt":{"rendered":"<p>Toalla pantiprotector para higiene femenina, elaboradas de algod\u00f3n org\u00e1nico de forma artesanal, ideales para tener un periodo libre de basura y de t\u00f3xicos, comodas y absorbentes. Tama\u00f1o mini para uso diario<\/p>\n","protected":false},"featured_media":0,"comment_status":"open","ping_status":"closed","template":"","meta":[],"product_brand":[],"product_cat":[133,342],"product_tag":[502,503,504,505],"class_list":{"0":"post-323","1":"product","2":"type-product","3":"status-publish","5":"product_cat-alternativas-y-microdosis","6":"product_cat-vida-cero","7":"product_tag-cuidado-femenino","8":"product_tag-toallas-femeninas","9":"product_tag-toallas-sanitarias","10":"product_tag-toallitas","12":"first","13":"instock","14":"shipping-taxable","15":"purchasable","16":"product-type-simple"},"_links":{"self":[{"href":"https:\/\/tlalixpan.com\/index.php?rest_route=\/wp\/v2\/product\/323","targetHints":{"allow":["GET"]}}],"collection":[{"href":"https:\/\/tlalixpan.com\/index.php?rest_route=\/wp\/v2\/product"}],"about":[{"href":"https:\/\/tlalixpan.com\/index.php?rest_route=\/wp\/v2\/types\/product"}],"replies":[{"embeddable":true,"href":"https:\/\/tlalixpan.com\/index.php?rest_route=%2Fwp%2Fv2%2Fcomments&post=323"}],"wp:attachment":[{"href":"https:\/\/tlalixpan.com\/index.php?rest_route=%2Fwp%2Fv2%2Fmedia&parent=323"}],"wp:term":[{"taxonomy":"product_brand","embeddable":true,"href":"https:\/\/tlalixpan.com\/index.php?rest_route=%2Fwp%2Fv2%2Fproduct_brand&post=323"},{"taxonomy":"product_cat","embeddable":true,"href":"https:\/\/tlalixpan.com\/index.php?rest_route=%2Fwp%2Fv2%2Fproduct_cat&post=323"},{"taxonomy":"product_tag","embeddable":true,"href":"https:\/\/tlalixpan.com\/index.php?rest_route=%2Fwp%2Fv2%2Fproduct_tag&post=323"}],"curies":[{"name":"wp","href":"https:\/\/api.w.org\/{rel}","templated":true}]}}