{"id":318,"date":"2026-04-15T01:02:56","date_gmt":"2026-04-15T01:02:56","guid":{"rendered":"https:\/\/tlalixpan.com\/?post_type=product&#038;p=318"},"modified":"2026-04-15T01:03:53","modified_gmt":"2026-04-15T01:03:53","slug":"humus-de-lombriz-organica-28-lts","status":"publish","type":"product","link":"https:\/\/tlalixpan.com\/?product=humus-de-lombriz-organica-28-lts","title":{"rendered":"Humus de lombriz org\u00e1nica 28 lts"},"content":{"rendered":"<h3>Lombricomposta, Vermicomposta o Humus de lombriz<\/h3>\n<h4>&#8211; Presentaci\u00f3n costal 28 lt<\/h4>\n<p>De elaboraci\u00f3n agroecol\u00f3gico en Jalisco \/ Nayarit, \u00f3ptimo para integrar materia org\u00e1nica al suelo o en maceta.<\/p>\n<p>Se puede usar solo en suelos muy pobres o en mezcla como mejorador, para elaborar sustratos, se recomienda como mejorador o como sustrato para germinar semillas.<\/p>\n<p>Tambi\u00e9n sirve como abono, si se aplica de forma peri\u00f3dica en los cultivos o plantas de ornato, esto permite el constante mejoramiento del sustrato y la constante adici\u00f3n de nuetrientes consumidos.<\/p>\n<p>Aplica entre 15 y 30 grs. por planta peque\u00f1a o mediana por semana. Adem\u00e1s combinalo con la aplicaci\u00f3n regular al follaje de <a href=\"https:\/\/tlalixpan.com\/jardineria-y-huertos\/lixiviado-de-lombriz\">lixiviado<\/a> de lombriz (recuerda siempre diluirlo).<\/p>\n<p>M\u00e1s sobre<a href=\"https:\/\/biotecarios.es\/por-que-fertilizar-y-abonar-no-significan-lo-mismo\/\"> abonos<\/a>.<\/p>\n","protected":false},"excerpt":{"rendered":"<p>Lombricomposta, tambien conocida como vermicomposta o humus de lombriz, se produce en un huerta agroecol\u00f3gica de Nayarit. Es un mejorador de suelos \u00fanico, pues acondiciona, pero tambien es un abono org\u00e1nico que aporta nutrientes al suelo, gracias a los \u00e1cidos humicos y fulvicos que producen las lombrices.<\/p>\n","protected":false},"featured_media":0,"comment_status":"open","ping_status":"closed","template":"","meta":[],"product_brand":[],"product_cat":[142],"product_tag":[384,385,386,387,388,389,390,391],"class_list":{"0":"post-318","1":"product","2":"type-product","3":"status-publish","5":"product_cat-jardinerias-y-huertos","6":"product_tag-presentacion-aproximadamente-30-kg","7":"product_tag-abono","8":"product_tag-humus-solido","9":"product_tag-lombricomposta","10":"product_tag-lombriz","11":"product_tag-sustrato","12":"product_tag-tierra","13":"product_tag-vermicomposta","15":"first","16":"instock","17":"shipping-taxable","18":"purchasable","19":"product-type-simple"},"_links":{"self":[{"href":"https:\/\/tlalixpan.com\/index.php?rest_route=\/wp\/v2\/product\/318","targetHints":{"allow":["GET"]}}],"collection":[{"href":"https:\/\/tlalixpan.com\/index.php?rest_route=\/wp\/v2\/product"}],"about":[{"href":"https:\/\/tlalixpan.com\/index.php?rest_route=\/wp\/v2\/types\/product"}],"replies":[{"embeddable":true,"href":"https:\/\/tlalixpan.com\/index.php?rest_route=%2Fwp%2Fv2%2Fcomments&post=318"}],"wp:attachment":[{"href":"https:\/\/tlalixpan.com\/index.php?rest_route=%2Fwp%2Fv2%2Fmedia&parent=318"}],"wp:term":[{"taxonomy":"product_brand","embeddable":true,"href":"https:\/\/tlalixpan.com\/index.php?rest_route=%2Fwp%2Fv2%2Fproduct_brand&post=318"},{"taxonomy":"product_cat","embeddable":true,"href":"https:\/\/tlalixpan.com\/index.php?rest_route=%2Fwp%2Fv2%2Fproduct_cat&post=318"},{"taxonomy":"product_tag","embeddable":true,"href":"https:\/\/tlalixpan.com\/index.php?rest_route=%2Fwp%2Fv2%2Fproduct_tag&post=318"}],"curies":[{"name":"wp","href":"https:\/\/api.w.org\/{rel}","templated":true}]}}