{"id":311,"date":"2026-04-15T01:02:56","date_gmt":"2026-04-15T01:02:56","guid":{"rendered":"https:\/\/tlalixpan.com\/?post_type=product&#038;p=311"},"modified":"2026-04-15T01:03:13","modified_gmt":"2026-04-15T01:03:13","slug":"cepillo-capilar-mini-1-pza","status":"publish","type":"product","link":"https:\/\/tlalixpan.com\/?product=cepillo-capilar-mini-1-pza","title":{"rendered":"Cepillo Capilar Mini 1 pza"},"content":{"rendered":"<h2>Cepillo Capilar Mini<\/h2>\n<h3>Cerdas naturales &#8211; Artesanal<\/h3>\n<p>Elaborado en el estado de M\u00e9xico, de forma artesanal.<\/p>\n<p>De tama\u00f1o mini y cerdas naturales es lo mejor para cabello, adem\u00e1s de ser biodegradable y retornar al ambiente sin dejar residuos, es bueno para controlar el frizz y para esos cabellos que amanecen con intenciones propias. La madera y las cerdas naturales funcionan un poco como aislantes y por eso ayudan a controlar estas condiciones.<\/p>\n<p>El masaje que aportan las fibras naturales en el cuero cabelludo ayudan a distribiur los aceites que se general naturalmente en el cuero cabelludo, con lo cual mejora la elasticidad del mismo, y sus caracteristicas de resistencia al agua y por lo tanto promueven un crecimiento sano del cabello.<\/p>\n<p>El masaje tambien permite una mejor circulaci\u00f3n de la sangre en el cuero cabelludo y por lo tanto ayuda a tener poros limpios y descongestionados.<\/p>\n<p>Adem\u00e1s es un cepillo artesanal, que se elabora en el pais y con su compra apoyas la continuidad de las labores artesanael mexicanas, tambi\u00e9n es elaborado con fibras vegatales, por lo que es\u00a0 completamente vegano.<\/p>\n<p>Por su tama\u00f1o es un cepillo ideal para viajes o para los m\u00e1s peques de la casa.<\/p>\n<p>Puedes ver otros productos de fibras naturales\u00a0 en nuetra <a href=\"http:\/\/tlalixpan.com\/tienda\">tienda.<\/a><\/p>\n<p>Para leer m\u00e1s y saber escoger el mejor cepillo de acuerdo a tu tipo de cabello lee <a href=\"https:\/\/www.ceroresiduo.com\/como-elegir-cepillo-pelo\/?srsltid=AfmBOor8E1AIwLnFHi7vxvVzDoBx4p2ufrP0Lo1M_-wXm4Di2Cob8AFP\">aqui.<\/a><\/p>\n<p>&nbsp;<\/p>\n<p>&nbsp;<\/p>\n","protected":false},"excerpt":{"rendered":"<p>Novedoso cepillo capilar mini de cerdas naturales, totalmente vegano y de producci\u00f3n nacional, ayuda a mantener tu cuero cabelludo en equilibrio y un cabello m\u00e1s majestuoso. Es un cepillo peque\u00f1o de 12 cm de largo y con cerdas suaves<\/p>\n","protected":false},"featured_media":0,"comment_status":"open","ping_status":"closed","template":"","meta":[],"product_brand":[],"product_cat":[332,342],"product_tag":[21,343,344,345,346,347,348,349,350,34],"class_list":{"0":"post-311","1":"product","2":"type-product","3":"status-publish","5":"product_cat-cosmetica","6":"product_cat-vida-cero","7":"product_tag-artesanal","8":"product_tag-cepillo-de-cabello-vegano","9":"product_tag-cepillo-de-madera","10":"product_tag-cepillo-para-cabello","11":"product_tag-comercio-justo","12":"product_tag-consumo-local","13":"product_tag-fibras-naturales","14":"product_tag-producto-mexicano","15":"product_tag-sisal","16":"product_tag-vegano","18":"first","19":"instock","20":"shipping-taxable","21":"purchasable","22":"product-type-simple"},"_links":{"self":[{"href":"https:\/\/tlalixpan.com\/index.php?rest_route=\/wp\/v2\/product\/311","targetHints":{"allow":["GET"]}}],"collection":[{"href":"https:\/\/tlalixpan.com\/index.php?rest_route=\/wp\/v2\/product"}],"about":[{"href":"https:\/\/tlalixpan.com\/index.php?rest_route=\/wp\/v2\/types\/product"}],"replies":[{"embeddable":true,"href":"https:\/\/tlalixpan.com\/index.php?rest_route=%2Fwp%2Fv2%2Fcomments&post=311"}],"wp:attachment":[{"href":"https:\/\/tlalixpan.com\/index.php?rest_route=%2Fwp%2Fv2%2Fmedia&parent=311"}],"wp:term":[{"taxonomy":"product_brand","embeddable":true,"href":"https:\/\/tlalixpan.com\/index.php?rest_route=%2Fwp%2Fv2%2Fproduct_brand&post=311"},{"taxonomy":"product_cat","embeddable":true,"href":"https:\/\/tlalixpan.com\/index.php?rest_route=%2Fwp%2Fv2%2Fproduct_cat&post=311"},{"taxonomy":"product_tag","embeddable":true,"href":"https:\/\/tlalixpan.com\/index.php?rest_route=%2Fwp%2Fv2%2Fproduct_tag&post=311"}],"curies":[{"name":"wp","href":"https:\/\/api.w.org\/{rel}","templated":true}]}}