{"id":267,"date":"2026-04-15T01:01:02","date_gmt":"2026-04-15T01:01:02","guid":{"rendered":"https:\/\/tlalixpan.com\/?post_type=product&#038;p=267"},"modified":"2026-04-15T01:02:30","modified_gmt":"2026-04-15T01:02:30","slug":"esponja-corporal-1pza","status":"publish","type":"product","link":"https:\/\/tlalixpan.com\/?product=esponja-corporal-1pza","title":{"rendered":"Esponja Corporal 1pza"},"content":{"rendered":"<h2>Espoja Corporal<\/h2>\n<h4>&#8211; Presentaci\u00f3n 1 PIEZA<\/h4>\n<p>Fibra de tejido en crochet, de fibras naturales de sisal (henequ\u00e9n), para el lavado del cuerpo o multiusos, promueve una exfoliaci\u00f3n profunda, para retirar celulas muertas, todos los residuos de suciedad, polvo y contaminantes ambientales, acompa\u00f1ada con tu <a href=\"https:\/\/tlalixpan.com\/cosmetico\/jabon-de-tocador\/\">jab\u00f3n<\/a> preferido, es la mejor forma de obtener una limpieza a profundidad.<\/p>\n<p>Al lavar tu piel con estas fibras puedes disminuir problemas de celulitis y mejorar la circulaci\u00f3n.<\/p>\n<p>Totalmente biodegradable -compostable. Elaborados artesanalmente en el Edo. de M\u00e9xico, tu compra ayuda a reproducir cultivos tradicionales y conservar el trabajo artesanal de las comunidades.<\/p>\n<p>Para leer mas: <a href=\"https:\/\/www.fao.org\/economic\/futurefibres\/fibres\/sisal\/es\/\">Future fibers<\/a><\/p>\n","protected":false},"excerpt":{"rendered":"<p>Esponja corporal o multiusos, de crochet en fibras naturales de henequ\u00e9n, tejida en forma de panal, para limpieza profunda y exfoliante, elimina c\u00e9lulas muertas y estimula la circulaci\u00f3n.<\/p>\n","protected":false},"featured_media":0,"comment_status":"open","ping_status":"closed","template":"","meta":[],"product_brand":[],"product_cat":[332,337,342],"product_tag":[467,468,469,470,471,472,350,36],"class_list":{"0":"post-267","1":"product","2":"type-product","3":"status-publish","5":"product_cat-cosmetica","6":"product_cat-limpieza","7":"product_cat-vida-cero","8":"product_tag-bano","9":"product_tag-estropajo","10":"product_tag-fibra-natural","11":"product_tag-henequen","12":"product_tag-jabonera","13":"product_tag-kigen","14":"product_tag-sisal","15":"product_tag-zerowaste","17":"first","18":"instock","19":"shipping-taxable","20":"purchasable","21":"product-type-simple"},"_links":{"self":[{"href":"https:\/\/tlalixpan.com\/index.php?rest_route=\/wp\/v2\/product\/267","targetHints":{"allow":["GET"]}}],"collection":[{"href":"https:\/\/tlalixpan.com\/index.php?rest_route=\/wp\/v2\/product"}],"about":[{"href":"https:\/\/tlalixpan.com\/index.php?rest_route=\/wp\/v2\/types\/product"}],"replies":[{"embeddable":true,"href":"https:\/\/tlalixpan.com\/index.php?rest_route=%2Fwp%2Fv2%2Fcomments&post=267"}],"wp:attachment":[{"href":"https:\/\/tlalixpan.com\/index.php?rest_route=%2Fwp%2Fv2%2Fmedia&parent=267"}],"wp:term":[{"taxonomy":"product_brand","embeddable":true,"href":"https:\/\/tlalixpan.com\/index.php?rest_route=%2Fwp%2Fv2%2Fproduct_brand&post=267"},{"taxonomy":"product_cat","embeddable":true,"href":"https:\/\/tlalixpan.com\/index.php?rest_route=%2Fwp%2Fv2%2Fproduct_cat&post=267"},{"taxonomy":"product_tag","embeddable":true,"href":"https:\/\/tlalixpan.com\/index.php?rest_route=%2Fwp%2Fv2%2Fproduct_tag&post=267"}],"curies":[{"name":"wp","href":"https:\/\/api.w.org\/{rel}","templated":true}]}}