{"id":265,"date":"2026-04-15T01:01:02","date_gmt":"2026-04-15T01:01:02","guid":{"rendered":"https:\/\/tlalixpan.com\/?post_type=product&#038;p=265"},"modified":"2026-04-15T01:02:14","modified_gmt":"2026-04-15T01:02:14","slug":"esponja-panal-corazon-1-pza","status":"publish","type":"product","link":"https:\/\/tlalixpan.com\/?product=esponja-panal-corazon-1-pza","title":{"rendered":"Esponja panal (Coraz\u00f3n) 1 pza"},"content":{"rendered":"<h3>Esponja panal (Coraz\u00f3n)<\/h3>\n<h4>&#8211; Presentaci\u00f3n 1 pieza<\/h4>\n<p>Esponja multiproposito en tejido en crochet, tipo panal,\u00a0 con forma de coraz\u00f3n, de fibras naturales de <a href=\"https:\/\/www.botanical-online.com\/plantas-medicinales\/sisal-propiedades\">sisal (henequ\u00e9n)<\/a>, para el lavado corporal, tiene un excelente agarre y es \u00f3ptima para una buena exfoliaci\u00f3n, hecho de<a href=\"https:\/\/tlalixpan.com\/vida-cero\/estropajo-papalote\/\"> fibra natural<\/a> suave con la piel, puedes ponerle tu jab\u00f3n favorito para lavar tu cuerpo (u otras superficies o art\u00edculos).<\/p>\n<p>Al lavar tu piel con estas fibras puedes disminuir problemas de celulitis y mejorar la circulaci\u00f3n.<\/p>\n<p>Totalmente biodegradable, por lo que es buena para conservar el medio ambiente. Elaborados artesanalmente en el Edo. de M\u00e9xico. Ideal para regalos y detalles.<\/p>\n","protected":false},"excerpt":{"rendered":"<p>Esponja panal, multiusos con forma de coraz\u00f3n, hecha de forma artesanal en el Estado de M\u00e9xico, con fibras naturales de henequ\u00e9n. Puede usarse para cuerpo o para labar utencilios. Totalmente biodegradable<\/p>\n<p>&nbsp;<\/p>\n","protected":false},"featured_media":0,"comment_status":"open","ping_status":"closed","template":"","meta":[],"product_brand":[],"product_cat":[332,337,342],"product_tag":[21,467,468,469,470,471,472,350],"class_list":{"0":"post-265","1":"product","2":"type-product","3":"status-publish","5":"product_cat-cosmetica","6":"product_cat-limpieza","7":"product_cat-vida-cero","8":"product_tag-artesanal","9":"product_tag-bano","10":"product_tag-estropajo","11":"product_tag-fibra-natural","12":"product_tag-henequen","13":"product_tag-jabonera","14":"product_tag-kigen","15":"product_tag-sisal","17":"first","18":"instock","19":"shipping-taxable","20":"purchasable","21":"product-type-simple"},"_links":{"self":[{"href":"https:\/\/tlalixpan.com\/index.php?rest_route=\/wp\/v2\/product\/265","targetHints":{"allow":["GET"]}}],"collection":[{"href":"https:\/\/tlalixpan.com\/index.php?rest_route=\/wp\/v2\/product"}],"about":[{"href":"https:\/\/tlalixpan.com\/index.php?rest_route=\/wp\/v2\/types\/product"}],"replies":[{"embeddable":true,"href":"https:\/\/tlalixpan.com\/index.php?rest_route=%2Fwp%2Fv2%2Fcomments&post=265"}],"wp:attachment":[{"href":"https:\/\/tlalixpan.com\/index.php?rest_route=%2Fwp%2Fv2%2Fmedia&parent=265"}],"wp:term":[{"taxonomy":"product_brand","embeddable":true,"href":"https:\/\/tlalixpan.com\/index.php?rest_route=%2Fwp%2Fv2%2Fproduct_brand&post=265"},{"taxonomy":"product_cat","embeddable":true,"href":"https:\/\/tlalixpan.com\/index.php?rest_route=%2Fwp%2Fv2%2Fproduct_cat&post=265"},{"taxonomy":"product_tag","embeddable":true,"href":"https:\/\/tlalixpan.com\/index.php?rest_route=%2Fwp%2Fv2%2Fproduct_tag&post=265"}],"curies":[{"name":"wp","href":"https:\/\/api.w.org\/{rel}","templated":true}]}}