{"id":260,"date":"2026-04-15T01:01:02","date_gmt":"2026-04-15T01:01:02","guid":{"rendered":"https:\/\/tlalixpan.com\/?post_type=product&#038;p=260"},"modified":"2026-04-15T01:01:33","modified_gmt":"2026-04-15T01:01:33","slug":"exfoliante-70-grs","status":"publish","type":"product","link":"https:\/\/tlalixpan.com\/?product=exfoliante-70-grs","title":{"rendered":"Exfoliante 70 grs"},"content":{"rendered":"<h3>Exfoliante (Jab\u00f3n)<\/h3>\n<h4>Marca Amani Piel en Armon\u00eda &#8211; Presentaci\u00f3n 1 pieza aproximadamente 70 grs<\/h4>\n<p>Para rostro y cuerpo, artesanal elaborado con insumos org\u00e1nicos y\/o agroecol\u00f3gicos, con base de glicerina hipoalergenica y biodegradable. Para una exfolaci\u00f3n nutritiva de la piel, completamente natural, solo debe remojarse ligeramente y lavar la cara o la parte del cuerpo deseada con \u00e9l.<\/p>\n<p>Este tipo de jab\u00f3n es especialmente \u00fatil para la piel delicada, propensa a espinillas, irritaci\u00f3n o manchas.<\/p>\n<p>Ayuda a limpiar los poros del \u00e1rea facial u otras partes del cuerpo y desobstruirlos, retirar celulas muertas e impurezas, promueven la regeneraci\u00f3n celular y flujo sangu\u00edneo.<\/p>\n<p>Ingredientes: Aceite de uva agroecol\u00f3gico, azucar, arroz, lavanda, salvia y aceite escencial org\u00e1nico de lavanda, con pigmetos biodegradables.<\/p>\n<p>Acompa\u00f1alo con un <a href=\"https:\/\/tlalixpan.com\/cosmetico\/cepillo-facial\/\">cepillado facial<\/a> semanal y consigue una piel con mejor salud y apariencia.<\/p>\n<p>Para conocer m\u00e1s visita <a href=\"https:\/\/www.facebook.com\/people\/AMANI-Piel-en-Armonia\/100027992875570\/?locale=be_BY&amp;_rdr\">aqui<\/a><\/p>\n","protected":false},"excerpt":{"rendered":"<p>Jab\u00f3n exfoliante, natural con insumos org\u00e1nicos y agroecol\u00f3gicos. Ideal para una limpieza profunda evitar y reducir acn\u00e9, mejorar la salud del cutis, debe usarse con moderaci\u00f3n e intercalado con algun jab\u00f3n suave.<\/p>\n","protected":false},"featured_media":0,"comment_status":"open","ping_status":"closed","template":"","meta":[],"product_brand":[],"product_cat":[332,342],"product_tag":[134,288,478,109,25,30,479],"class_list":{"0":"post-260","1":"product","2":"type-product","3":"status-publish","5":"product_cat-cosmetica","6":"product_cat-vida-cero","7":"product_tag-cosmetica-solida","8":"product_tag-crema","9":"product_tag-crema-solida","10":"product_tag-cuidado-personal","11":"product_tag-natural","12":"product_tag-organico","13":"product_tag-piel-seca","15":"first","16":"instock","17":"shipping-taxable","18":"purchasable","19":"product-type-simple"},"_links":{"self":[{"href":"https:\/\/tlalixpan.com\/index.php?rest_route=\/wp\/v2\/product\/260","targetHints":{"allow":["GET"]}}],"collection":[{"href":"https:\/\/tlalixpan.com\/index.php?rest_route=\/wp\/v2\/product"}],"about":[{"href":"https:\/\/tlalixpan.com\/index.php?rest_route=\/wp\/v2\/types\/product"}],"replies":[{"embeddable":true,"href":"https:\/\/tlalixpan.com\/index.php?rest_route=%2Fwp%2Fv2%2Fcomments&post=260"}],"wp:attachment":[{"href":"https:\/\/tlalixpan.com\/index.php?rest_route=%2Fwp%2Fv2%2Fmedia&parent=260"}],"wp:term":[{"taxonomy":"product_brand","embeddable":true,"href":"https:\/\/tlalixpan.com\/index.php?rest_route=%2Fwp%2Fv2%2Fproduct_brand&post=260"},{"taxonomy":"product_cat","embeddable":true,"href":"https:\/\/tlalixpan.com\/index.php?rest_route=%2Fwp%2Fv2%2Fproduct_cat&post=260"},{"taxonomy":"product_tag","embeddable":true,"href":"https:\/\/tlalixpan.com\/index.php?rest_route=%2Fwp%2Fv2%2Fproduct_tag&post=260"}],"curies":[{"name":"wp","href":"https:\/\/api.w.org\/{rel}","templated":true}]}}