{"id":253,"date":"2026-04-15T01:01:00","date_gmt":"2026-04-15T01:01:00","guid":{"rendered":"https:\/\/tlalixpan.com\/?post_type=product&#038;p=253"},"modified":"2026-04-15T01:01:17","modified_gmt":"2026-04-15T01:01:17","slug":"cepillo-facial-gota-1-pza","status":"publish","type":"product","link":"https:\/\/tlalixpan.com\/?product=cepillo-facial-gota-1-pza","title":{"rendered":"Cepillo facial gota 1 pza"},"content":{"rendered":"<h2>Cepillo facial gota<\/h2>\n<p>El cepillado facial ayuda a depurar el sistema lif\u00e1tico del rostro, por lo que ayuda a reducir las lineas de expresi\u00f3n y a dar luminosidad al rostro.<\/p>\n<p>Con el esta herramienta se pueden remover las celulas muertas y por lo tanto la piel queda exfoliada y con mayor firmeza y menor hinchaz\u00f3n.<\/p>\n<p>El cepillado puede ayudar a prevenir brotes de acn\u00e9. Puede ser \u00fatil en la mayoria de las pieles, no olvides que el cepillado se debe hacer sobre piel limpia y que despues del cepillado deberas enjuagar e hidratar.<\/p>\n<p>Estos cepillos se elaboran de forma artesanal por artesanos del centro de M\u00e9xico con fibras naturales de la comunidad.<\/p>\n<p>Si tu piel es delicada puedes humedecerlo un poco antes de usar.\u00a0Despu\u00e9s de utilizar tu cepillo hidrata tu piel con nuestra crema facial nutritiva.<\/p>\n<p>Su forma de gota lo hace muy manejable y su tama\u00f1o peque\u00f1o facilita que lo lleves a todos tus viajes o al gym. Puedes tambi\u00e9n adquirir el <a href=\"https:\/\/tlalixpan.com\/?post_type=product&amp;p=9255&amp;preview=true\">cepillo facial chico<\/a>.<\/p>\n<p>Para leer sobre sus beneficios para la piel entra <a href=\"https:\/\/www.vogue.mx\/belleza\/articulo\/cepillarse-la-cara-rutina-de-belleza\">aqui.<\/a><\/p>\n","protected":false},"excerpt":{"rendered":"<p>Cepillo facial gota, elaborado con cerdas naturales, son biodegradables de elaboraci\u00f3n artesanal del Edo. de M\u00e9xico. Ideales para exfoliaci\u00f3n y limpieza profunda, mejorar la firmeza de la piel y retirar celulas muertas y toxinas.<\/p>\n","protected":false},"featured_media":0,"comment_status":"open","ping_status":"closed","template":"","meta":[],"product_brand":[],"product_cat":[332],"product_tag":[],"class_list":{"0":"post-253","1":"product","2":"type-product","3":"status-publish","5":"product_cat-cosmetica","7":"first","8":"instock","9":"shipping-taxable","10":"purchasable","11":"product-type-simple"},"_links":{"self":[{"href":"https:\/\/tlalixpan.com\/index.php?rest_route=\/wp\/v2\/product\/253","targetHints":{"allow":["GET"]}}],"collection":[{"href":"https:\/\/tlalixpan.com\/index.php?rest_route=\/wp\/v2\/product"}],"about":[{"href":"https:\/\/tlalixpan.com\/index.php?rest_route=\/wp\/v2\/types\/product"}],"replies":[{"embeddable":true,"href":"https:\/\/tlalixpan.com\/index.php?rest_route=%2Fwp%2Fv2%2Fcomments&post=253"}],"wp:attachment":[{"href":"https:\/\/tlalixpan.com\/index.php?rest_route=%2Fwp%2Fv2%2Fmedia&parent=253"}],"wp:term":[{"taxonomy":"product_brand","embeddable":true,"href":"https:\/\/tlalixpan.com\/index.php?rest_route=%2Fwp%2Fv2%2Fproduct_brand&post=253"},{"taxonomy":"product_cat","embeddable":true,"href":"https:\/\/tlalixpan.com\/index.php?rest_route=%2Fwp%2Fv2%2Fproduct_cat&post=253"},{"taxonomy":"product_tag","embeddable":true,"href":"https:\/\/tlalixpan.com\/index.php?rest_route=%2Fwp%2Fv2%2Fproduct_tag&post=253"}],"curies":[{"name":"wp","href":"https:\/\/api.w.org\/{rel}","templated":true}]}}