{"id":223,"date":"2026-04-15T00:59:39","date_gmt":"2026-04-15T00:59:39","guid":{"rendered":"https:\/\/tlalixpan.com\/?post_type=product&#038;p=223"},"modified":"2026-04-15T00:59:56","modified_gmt":"2026-04-15T00:59:56","slug":"arena-para-gatos-5kg","status":"publish","type":"product","link":"https:\/\/tlalixpan.com\/?product=arena-para-gatos-5kg","title":{"rendered":"Arena para gatos 5KG"},"content":{"rendered":"<h3>Arena para gatos Biogato<\/h3>\n<h4>&#8211; Presentaci\u00f3n bolsa de\u00a0 5 KG<\/h4>\n<p>Producto mexicano de<a href=\"https:\/\/tlalixpan.com\/cosmetico\/arcilla-blanca-grano-grueso\/\"> arcilla<\/a> 100% natural, biodegradable, aglutina y neutraliza olores, libre de qu\u00edmicos y empacada sin pl\u00e1sticos.<\/p>\n<p>Gracias a ser un producto natural puedes compostearlo y esta composta aplicarla en plantas de ornato o \u00e1rboles forestales.<\/p>\n<div id=\"fws_67254fe8e5bf2\" class=\"wpb_row vc_row-fluid vc_row inner_row vc_row-o-equal-height vc_row-flex standard_section \" data-midnight=\"\" data-column-margin=\"default\">\n<div class=\"row_col_wrap_12_inner col span_12 left\">\n<div class=\"vc_col-sm-6 beneficios-derecha wpb_column column_container vc_column_container col child_column has-animation no-extra-padding inherit_tablet inherit_phone instance-8 animated-in\" data-t-w-inherits=\"default\" data-bg-cover=\"\" data-padding-pos=\"all\" data-has-bg-color=\"false\" data-bg-color=\"\" data-bg-opacity=\"1\" data-hover-bg=\"\" data-hover-bg-opacity=\"1\" data-animation=\"fade-in-from-left\" data-delay=\"0\">\n<div class=\"vc_column-inner\">\n<div class=\"wpb_wrapper\">\n<div class=\"iwithtext\">\n<div class=\"iwt-text\">\n<div class=\"row-bg-wrap\">\n<div class=\"row-bg\"><\/div>\n<\/div>\n<div class=\"row_col_wrap_12_inner col span_12 left\">\n<div class=\"vc_col-sm-6 beneficios-derecha wpb_column column_container vc_column_container col child_column has-animation no-extra-padding inherit_tablet inherit_phone instance-8 animated-in\" data-t-w-inherits=\"default\" data-bg-cover=\"\" data-padding-pos=\"all\" data-has-bg-color=\"false\" data-bg-color=\"\" data-bg-opacity=\"1\" data-hover-bg=\"\" data-hover-bg-opacity=\"1\" data-animation=\"fade-in-from-left\" data-delay=\"0\">\n<div class=\"vc_column-inner\">\n<div class=\"column-bg-overlay-wrap\" data-bg-animation=\"none\">\n<div class=\"column-bg-overlay\"><\/div>\n<\/div>\n<div class=\"wpb_wrapper\">\n<div class=\"iwithtext\">\n<div class=\"iwt-icon\"><img decoding=\"async\" src=\"https:\/\/biogato.mx\/wp-content\/uploads\/2022\/01\/aglutina.png\" alt=\"\" \/><\/div>\n<\/div>\n<\/div>\n<\/div>\n<\/div>\n<\/div>\n<p><span class=\"beneficios-titulo-verde\">Aglutina \u00a1al instante!<\/span><br \/>\nSu gran poder aglutinante, permite concentrar los residuos en una zona y limpiarlos f\u00e1cilmente. No es necesario cambiar toda la arena, \u00fanicamente se retiran los terrones sucios y se reemplaza la porci\u00f3n utilizada, mientras que el resto de la arena se conserva limpia y fresca.<\/p>\n<\/div>\n<div class=\"clear\"><\/div>\n<\/div>\n<\/div>\n<\/div>\n<\/div>\n<div class=\"vc_col-sm-6 wpb_column column_container vc_column_container col child_column has-animation no-extra-padding inherit_tablet inherit_phone instance-9 animated-in\" data-t-w-inherits=\"default\" data-bg-cover=\"\" data-padding-pos=\"all\" data-has-bg-color=\"false\" data-bg-color=\"\" data-bg-opacity=\"1\" data-hover-bg=\"\" data-hover-bg-opacity=\"1\" data-animation=\"fade-in-from-right\" data-delay=\"0\">\n<div class=\"vc_column-inner\">\n<div class=\"column-bg-overlay-wrap\" data-bg-animation=\"none\">\n<div class=\"column-bg-overlay\"><\/div>\n<\/div>\n<div class=\"wpb_wrapper\">\n<div class=\"iwithtext\">\n<div class=\"iwt-icon\"><img decoding=\"async\" src=\"https:\/\/biogato.mx\/wp-content\/uploads\/2022\/01\/arcilla-natural.png\" alt=\"\" \/><\/div>\n<div class=\"iwt-text\"><span class=\"beneficios-titulo-verde\">Arcilla 100% Natural Libre de Qu\u00edmicos<\/span><br \/>\nNuestra arena mineral BioGato se produce a partir de arcilla de alta calidad, 100% pura y natural, para una m\u00e1xima eficiencia. Elimina los malos olores provenientes de la bandeja de arena.<\/div>\n<div class=\"clear\"><\/div>\n<\/div>\n<\/div>\n<\/div>\n<\/div>\n<\/div>\n<\/div>\n<div id=\"fws_67254fe8e6b9b\" class=\"wpb_row vc_row-fluid vc_row inner_row vc_row-o-equal-height vc_row-flex standard_section \" data-midnight=\"\" data-column-margin=\"default\">\n<div class=\"row-bg-wrap\">\n<div class=\"row-bg\"><\/div>\n<\/div>\n<div class=\"row_col_wrap_12_inner col span_12 left\">\n<div class=\"vc_col-sm-6 beneficios-derecha wpb_column column_container vc_column_container col child_column has-animation no-extra-padding inherit_tablet inherit_phone instance-10 animated-in\" data-t-w-inherits=\"default\" data-bg-cover=\"\" data-padding-pos=\"all\" data-has-bg-color=\"false\" data-bg-color=\"\" data-bg-opacity=\"1\" data-hover-bg=\"\" data-hover-bg-opacity=\"1\" data-animation=\"fade-in-from-bottom\" data-delay=\"0\">\n<div class=\"vc_column-inner\">\n<div class=\"column-bg-overlay-wrap\" data-bg-animation=\"none\">\n<div class=\"column-bg-overlay\"><\/div>\n<\/div>\n<div class=\"wpb_wrapper\">\n<div class=\"iwithtext\">\n<div class=\"iwt-icon\"><img decoding=\"async\" src=\"https:\/\/biogato.mx\/wp-content\/uploads\/2022\/01\/neutraliza.png\" alt=\"\" \/><\/div>\n<div class=\"iwt-text\"><span class=\"beneficios-titulo-verde\">Neutraliza Olores<\/span><br \/>\nSus excelentes propiedades de absorci\u00f3n disminuyen sensiblemente los malos olores de la orina y las heces.<\/div>\n<div class=\"clear\"><\/div>\n<\/div>\n<\/div>\n<\/div>\n<\/div>\n<div class=\"vc_col-sm-6 wpb_column column_container vc_column_container col child_column has-animation no-extra-padding inherit_tablet inherit_phone instance-11 animated-in\" data-t-w-inherits=\"default\" data-bg-cover=\"\" data-padding-pos=\"all\" data-has-bg-color=\"false\" data-bg-color=\"\" data-bg-opacity=\"1\" data-hover-bg=\"\" data-hover-bg-opacity=\"1\" data-animation=\"fade-in-from-bottom\" data-delay=\"0\">\n<div class=\"vc_column-inner\">\n<div class=\"column-bg-overlay-wrap\" data-bg-animation=\"none\">\n<div class=\"column-bg-overlay\"><\/div>\n<\/div>\n<div class=\"wpb_wrapper\">\n<div class=\"iwithtext\">\n<div class=\"iwt-icon\"><img decoding=\"async\" src=\"https:\/\/biogato.mx\/wp-content\/uploads\/2022\/01\/producto-ecofriendly.png\" alt=\"\" \/><\/div>\n<div class=\"iwt-text\"><span class=\"beneficios-titulo-verde\">Producto 100% Ecofriendly<\/span><br \/>\nNuestros EMPAQUES SON LIBRES DE PL\u00c1STICOS DE UN SOLO USO, SON REUTILIZABLES Y RECICLABLES, benefician las practicas que promovemos a favor de la naturaleza.<\/div>\n<\/div>\n<div>Para conocer m\u00e1s <a href=\"https:\/\/www.instagram.com\/biogato.mx\/?hl=es\">aqui.<\/a><\/div>\n<\/div>\n<\/div>\n<\/div>\n<\/div>\n<\/div>\n","protected":false},"excerpt":{"rendered":"<p>Arena para gatos, marca Biogato, biodegradable, no produce olores,\u00a0 aglutina bien la orina, producto 100% mexicano y natural.<\/p>\n","protected":false},"featured_media":0,"comment_status":"open","ping_status":"closed","template":"","meta":[],"product_brand":[],"product_cat":[420],"product_tag":[20,21,490,40,422,25,26,491,492,32,493,43,33,35,36],"class_list":{"0":"post-223","1":"product","2":"type-product","3":"status-publish","5":"product_cat-mascotas","6":"product_tag-alimentos-limpios","7":"product_tag-artesanal","8":"product_tag-galletas-para-perro","9":"product_tag-gluten-free","10":"product_tag-mascotas","11":"product_tag-natural","12":"product_tag-nutricion","13":"product_tag-perro-sano","14":"product_tag-premios-para-perro","15":"product_tag-salud","16":"product_tag-salud-de-mascotas","17":"product_tag-sin-gluten","18":"product_tag-sin-toxicos","19":"product_tag-vida-cero","20":"product_tag-zerowaste","22":"first","23":"instock","24":"shipping-taxable","25":"purchasable","26":"product-type-simple"},"_links":{"self":[{"href":"https:\/\/tlalixpan.com\/index.php?rest_route=\/wp\/v2\/product\/223","targetHints":{"allow":["GET"]}}],"collection":[{"href":"https:\/\/tlalixpan.com\/index.php?rest_route=\/wp\/v2\/product"}],"about":[{"href":"https:\/\/tlalixpan.com\/index.php?rest_route=\/wp\/v2\/types\/product"}],"replies":[{"embeddable":true,"href":"https:\/\/tlalixpan.com\/index.php?rest_route=%2Fwp%2Fv2%2Fcomments&post=223"}],"wp:attachment":[{"href":"https:\/\/tlalixpan.com\/index.php?rest_route=%2Fwp%2Fv2%2Fmedia&parent=223"}],"wp:term":[{"taxonomy":"product_brand","embeddable":true,"href":"https:\/\/tlalixpan.com\/index.php?rest_route=%2Fwp%2Fv2%2Fproduct_brand&post=223"},{"taxonomy":"product_cat","embeddable":true,"href":"https:\/\/tlalixpan.com\/index.php?rest_route=%2Fwp%2Fv2%2Fproduct_cat&post=223"},{"taxonomy":"product_tag","embeddable":true,"href":"https:\/\/tlalixpan.com\/index.php?rest_route=%2Fwp%2Fv2%2Fproduct_tag&post=223"}],"curies":[{"name":"wp","href":"https:\/\/api.w.org\/{rel}","templated":true}]}}