
{"id":222,"date":"2026-04-15T00:59:39","date_gmt":"2026-04-15T00:59:39","guid":{"rendered":"https:\/\/tlalixpan.com\/?post_type=product&#038;p=222"},"modified":"2026-04-15T00:59:39","modified_gmt":"2026-04-15T00:59:39","slug":"tamarindo-100-grs","status":"publish","type":"product","link":"https:\/\/tlalixpan.com\/?product=tamarindo-100-grs","title":{"rendered":"Tamarindo 100 grs"},"content":{"rendered":"<h2>Tamarindo<\/h2>\n<h4>&#8211; Presentaci\u00f3n a granel 100 grs<\/h4>\n<p>Agroecol\u00f3gico producido en Colima o el sur de Jalisco, aunque no es un alimento nativo, se ha acriollado en nuestro pa\u00eds y genera una bebidas muy refrescantes y dulces tradicionales.<\/p>\n<p>Tiene propiedades antiinflamatorias y algunos antioxidantes; se ha usado tradicionalmente para tratar constipaci\u00f3n, diarrea, fiebre y \u00falceras p\u00e9pticas.<\/p>\n<p>Adem\u00e1s de ser un alimento nutritivo con minerales como: Magnesio, Hierro, Potasio, Calcio y F\u00f3sforo <span style=\"font-size: 16px; font-style: normal; font-weight: 400;\">y trazas de otros minerales.<\/span><\/p>\n<p><span style=\"font-size: 16px;\">Contiene tambi\u00e9n vitaminas del complejo B, sobre todo tiamina, vitamina C, vitamina K y \u00e1cido f\u00f3lico,\u00a0<\/span><\/p>\n<p>Prepara agua fresca, infusiones, chutneys, dulces tradicionales, salsas y chiles, o s\u00f3lo comerlos crudos.<\/p>\n<p>Lee m\u00e1s sobre este fruto <a href=\"https:\/\/www.bonviveur.es\/gastroteca\/el-tamarindo-sabroso-y-bueno-para-tu-salud#:~:text=Para%20qu%C3%A9%20sirve%20el%20tamarindo&amp;text=Su%20sabor%20agridulce%20imprime%20car%C3%A1cter,adobar%2C%20deshidratar%20y%20confitar%20alimentos.\">aqui<\/a> y encuentra algunas <a href=\"https:\/\/www.hola.com\/cocina\/noticias\/20210316186029\/que-es-tamarindo-y-recetas\/\">recetas.<\/a><\/p>\n<p>Combina muy bien en chutneys con <a href=\"https:\/\/tlalixpan.com\/alimenticio\/chile\/\">picante.<\/a><\/p>\n<p>&nbsp;<\/p>\n","protected":false},"excerpt":{"rendered":"<p>Tamarindo de producci\u00f3n agroecol\u00f3gica, ideal para eleborar dulces, infusiones, chutneys,\u00a0 aderezos para ensaladas, platos tailandeses, asiaticos o indus con leguminosas.<\/p>\n","protected":false},"featured_media":0,"comment_status":"open","ping_status":"closed","template":"","meta":[],"product_brand":[],"product_cat":[49,59,16],"product_tag":[18,19,20,21,25,26,30,31,33,486,487,488,489,34,35,36],"class_list":{"0":"post-222","1":"product","2":"type-product","3":"status-publish","5":"product_cat-especias-e-infusiones","6":"product_cat-frutos-secos","7":"product_cat-productos-alimenticios","8":"product_tag-agroecologico","9":"product_tag-agroecologicos","10":"product_tag-alimentos-limpios","11":"product_tag-artesanal","12":"product_tag-natural","13":"product_tag-nutricion","14":"product_tag-organico","15":"product_tag-organicos","16":"product_tag-sin-toxicos","17":"product_tag-tamarind","18":"product_tag-tamarindo","19":"product_tag-tamrain","20":"product_tag-tamrindus","21":"product_tag-vegano","22":"product_tag-vida-cero","23":"product_tag-zerowaste","25":"first","26":"instock","27":"shipping-taxable","28":"purchasable","29":"product-type-simple"},"_links":{"self":[{"href":"https:\/\/tlalixpan.com\/index.php?rest_route=\/wp\/v2\/product\/222","targetHints":{"allow":["GET"]}}],"collection":[{"href":"https:\/\/tlalixpan.com\/index.php?rest_route=\/wp\/v2\/product"}],"about":[{"href":"https:\/\/tlalixpan.com\/index.php?rest_route=\/wp\/v2\/types\/product"}],"replies":[{"embeddable":true,"href":"https:\/\/tlalixpan.com\/index.php?rest_route=%2Fwp%2Fv2%2Fcomments&post=222"}],"wp:attachment":[{"href":"https:\/\/tlalixpan.com\/index.php?rest_route=%2Fwp%2Fv2%2Fmedia&parent=222"}],"wp:term":[{"taxonomy":"product_brand","embeddable":true,"href":"https:\/\/tlalixpan.com\/index.php?rest_route=%2Fwp%2Fv2%2Fproduct_brand&post=222"},{"taxonomy":"product_cat","embeddable":true,"href":"https:\/\/tlalixpan.com\/index.php?rest_route=%2Fwp%2Fv2%2Fproduct_cat&post=222"},{"taxonomy":"product_tag","embeddable":true,"href":"https:\/\/tlalixpan.com\/index.php?rest_route=%2Fwp%2Fv2%2Fproduct_tag&post=222"}],"curies":[{"name":"wp","href":"https:\/\/api.w.org\/{rel}","templated":true}]}}