
{"id":216,"date":"2026-04-15T00:58:52","date_gmt":"2026-04-15T00:58:52","guid":{"rendered":"https:\/\/tlalixpan.com\/?post_type=product&#038;p=216"},"modified":"2026-04-15T00:59:22","modified_gmt":"2026-04-15T00:59:22","slug":"popote-de-acero-inoxidable-1-pza","status":"publish","type":"product","link":"https:\/\/tlalixpan.com\/?product=popote-de-acero-inoxidable-1-pza","title":{"rendered":"Popote de acero inoxidable 1 pza."},"content":{"rendered":"<h2>Popote de acero inoxidable<\/h2>\n<h4>Presentaci\u00f3n 1 pza o paq.<\/h4>\n<p>Ideales para toda la familia, carga tu popote en lugar de usar desechables en restaurantes o en casa, lavables duran a\u00f1os y a\u00f1os.<\/p>\n<p>Puede variar su color. Acompa\u00f1alos de su <a href=\"https:\/\/tlalixpan.com\/vida-cero\/cepillo-para-popote\/\">cepillo limpiador.<\/a><\/p>\n<p>Se estima que, desde el comienzo de su producci\u00f3n masiva en 1950, se han generado en el mundo unas 8 mil 300 millones de toneladas m\u00e9tricas de\u00a0<strong>pl\u00e1stico<\/strong>. Algo as\u00ed como 80 millones de ballenas azules o mil millones de elefantes. -fuente animal pol\u00edtico.com.<\/p>\n<p>Se cree que unas decenas de a\u00f1os habr\u00e1 m\u00e1s pl\u00e1stico en el oceano que peces, aunque las pajillas no son toda la causa de este problema, si son gran parte del problema es importante modificar nuestros h\u00e1bitos de consumo y una forma f\u00e1cil de empezar es cambiar, por insumos reutilizables, como estos.<\/p>\n<p>Para leer m\u00e1s sobre este tema entra <a href=\"https:\/\/www.worldwildlife.org\/descubre-wwf\/historias\/el-gran-impacto-ambiental-de-una-pequena-pajilla-o-popote\">aqui<\/a>.<\/p>\n","protected":false},"excerpt":{"rendered":"<p>Popote de acero inoxidable reutilizable. Con una buena lavada es un producto que puede durar toda una vida, f\u00e1cil de llevar en la bolsa para usarlo en todo momento.<\/p>\n","protected":false},"featured_media":0,"comment_status":"open","ping_status":"closed","template":"","meta":[],"product_brand":[],"product_cat":[342],"product_tag":[481,482,483,484,36],"class_list":{"0":"post-216","1":"product","2":"type-product","3":"status-publish","5":"product_cat-vida-cero","6":"product_tag-popote","7":"product_tag-popote-de-bambu","8":"product_tag-popote-de-carrizo","9":"product_tag-vidacero","10":"product_tag-zerowaste","12":"first","13":"outofstock","14":"shipping-taxable","15":"product-type-variable"},"_links":{"self":[{"href":"https:\/\/tlalixpan.com\/index.php?rest_route=\/wp\/v2\/product\/216","targetHints":{"allow":["GET"]}}],"collection":[{"href":"https:\/\/tlalixpan.com\/index.php?rest_route=\/wp\/v2\/product"}],"about":[{"href":"https:\/\/tlalixpan.com\/index.php?rest_route=\/wp\/v2\/types\/product"}],"replies":[{"embeddable":true,"href":"https:\/\/tlalixpan.com\/index.php?rest_route=%2Fwp%2Fv2%2Fcomments&post=216"}],"wp:attachment":[{"href":"https:\/\/tlalixpan.com\/index.php?rest_route=%2Fwp%2Fv2%2Fmedia&parent=216"}],"wp:term":[{"taxonomy":"product_brand","embeddable":true,"href":"https:\/\/tlalixpan.com\/index.php?rest_route=%2Fwp%2Fv2%2Fproduct_brand&post=216"},{"taxonomy":"product_cat","embeddable":true,"href":"https:\/\/tlalixpan.com\/index.php?rest_route=%2Fwp%2Fv2%2Fproduct_cat&post=216"},{"taxonomy":"product_tag","embeddable":true,"href":"https:\/\/tlalixpan.com\/index.php?rest_route=%2Fwp%2Fv2%2Fproduct_tag&post=216"}],"curies":[{"name":"wp","href":"https:\/\/api.w.org\/{rel}","templated":true}]}}