{"id":161,"date":"2026-04-15T00:54:29","date_gmt":"2026-04-15T00:54:29","guid":{"rendered":"https:\/\/tlalixpan.com\/?post_type=product&#038;p=161"},"modified":"2026-04-15T01:00:20","modified_gmt":"2026-04-15T01:00:20","slug":"semillas-para-siembra-1pza","status":"publish","type":"product","link":"https:\/\/tlalixpan.com\/?product=semillas-para-siembra-1pza","title":{"rendered":"Semillas para siembra 1pza"},"content":{"rendered":"<h2>Semillas para siembra<\/h2>\n<h4>Marca: Semilla Negra o Colibr\u00ed &#8211; Presentaci\u00f3n 1 Sobre<\/h4>\n<p>De hortalizas y otros cultivos para siembra, de polinizaci\u00f3n abierta, autogestiva, sin tratamiento qu\u00edmico de producci\u00f3n agroecol\u00f3gica en Jalisco.<\/p>\n<p>Tener huertos urbanos, familiares, escolares o comunitarios, aportan grandes beneficios para quienes los manejan y promueven, pueden ayudar a controlar el estres y ansiedad de ni\u00f1os y adolescentes, le proporcionan una actividad f\u00edsica a las personas mayores.<\/p>\n<p>Promueven la buena alimentaci\u00f3n en la familia o en las escuelas, ayudan a que las infancias aprendan sobre finanzas. Adem\u00e1s promueven el cuidado del medio ambiente y el aprendizaje sobre sustentabilidad y consumo responsable, adem\u00e1s de mejorar la convivencia familiar o entre veninos\/as.<\/p>\n<p>Encuentra tambien abonos y otros insumos en <a href=\"https:\/\/tlalixpan.com\/jardineria-y-huertos\/\">nuestra tienda<\/a><\/p>\n<p>Para leer m\u00e1s:\u00a0 <a href=\"https:\/\/www.gob.mx\/agricultura\/articulos\/semillas-sostenibilidad-y-seguridad-alimentaria?idiom=es\">sostenibilidad y seguridad alimentaria<\/a><\/p>\n","protected":false},"excerpt":{"rendered":"<p>Semilla para siembra, variedades criollas y\/o nativas y de producci\u00f3n agroecol\u00f3gica de Jalisco. pregunta por variedades disponibles o cultivos de temporada.<\/p>\n","protected":false},"featured_media":0,"comment_status":"open","ping_status":"closed","template":"","meta":[],"product_brand":[],"product_cat":[142],"product_tag":[18,19,495,496,399,497,498,87,499,500,35,36],"class_list":{"0":"post-161","1":"product","2":"type-product","3":"status-publish","5":"product_cat-jardinerias-y-huertos","6":"product_tag-agroecologico","7":"product_tag-agroecologicos","8":"product_tag-huerto","9":"product_tag-huerto-en-casa","10":"product_tag-huerto-urbano","11":"product_tag-huertos","12":"product_tag-semilla-para-huerto","13":"product_tag-semillas","14":"product_tag-semillasagroecologicas","15":"product_tag-siembra-en-casa","16":"product_tag-vida-cero","17":"product_tag-zerowaste","19":"first","20":"outofstock","21":"shipping-taxable","22":"product-type-variable"},"_links":{"self":[{"href":"https:\/\/tlalixpan.com\/index.php?rest_route=\/wp\/v2\/product\/161","targetHints":{"allow":["GET"]}}],"collection":[{"href":"https:\/\/tlalixpan.com\/index.php?rest_route=\/wp\/v2\/product"}],"about":[{"href":"https:\/\/tlalixpan.com\/index.php?rest_route=\/wp\/v2\/types\/product"}],"replies":[{"embeddable":true,"href":"https:\/\/tlalixpan.com\/index.php?rest_route=%2Fwp%2Fv2%2Fcomments&post=161"}],"wp:attachment":[{"href":"https:\/\/tlalixpan.com\/index.php?rest_route=%2Fwp%2Fv2%2Fmedia&parent=161"}],"wp:term":[{"taxonomy":"product_brand","embeddable":true,"href":"https:\/\/tlalixpan.com\/index.php?rest_route=%2Fwp%2Fv2%2Fproduct_brand&post=161"},{"taxonomy":"product_cat","embeddable":true,"href":"https:\/\/tlalixpan.com\/index.php?rest_route=%2Fwp%2Fv2%2Fproduct_cat&post=161"},{"taxonomy":"product_tag","embeddable":true,"href":"https:\/\/tlalixpan.com\/index.php?rest_route=%2Fwp%2Fv2%2Fproduct_tag&post=161"}],"curies":[{"name":"wp","href":"https:\/\/api.w.org\/{rel}","templated":true}]}}