{"id":159,"date":"2026-04-15T00:54:28","date_gmt":"2026-04-15T00:54:28","guid":{"rendered":"https:\/\/tlalixpan.com\/?post_type=product&#038;p=159"},"modified":"2026-04-15T00:58:34","modified_gmt":"2026-04-15T00:58:34","slug":"crema-corporal-solida-30-grs","status":"publish","type":"product","link":"https:\/\/tlalixpan.com\/?product=crema-corporal-solida-30-grs","title":{"rendered":"Crema Corporal s\u00f3lida 30 grs"},"content":{"rendered":"<h3>Crema Corporal s\u00f3lida<\/h3>\n<h4>Marca Amani Piel en Armonia &#8211; Presentaci\u00f3n 1 Pieza<\/h4>\n<h4>Aproximadamente\u00a0 30 grs<\/h4>\n<p>Artesanal elaborada con insumos org\u00e1nicos y\/o agroecol\u00f3gicos para piel delicada y reseca, con cal\u00e9ndula y aceites ricos en nutrientes completamente natural, solo debe untarse en la piel y expandirse con las manos.<\/p>\n<p>Por su elaboraci\u00f3n es bastante concentrada por lo que si se usa adecuadamente puede rendir como un frasco de 300 ml. Si eres una persona viajera frecuente, te ofrece la ventaja de no infringir la regla y cantidad m\u00e1xima de l\u00edquidos, y puedes llevarla en tu bolsa de mano, ni desecharas cuando se termine pl\u00e1sticos contaminantes.<\/p>\n<p>Ingredientes: Cera de abeja, cera de candelilla, aceite agroecol\u00f3gico de uva, oliva y <a href=\"https:\/\/tlalixpan.com\/alimenticio\/aceites\/aceite-de-coco\/\">aceite org\u00e1nico de coco<\/a>, aceite escencial organico de lavanda, manteca organica de karite, mateca de cacao y vitamina E.<\/p>\n<p>Para leer sobre los beneficios de la cosm\u00e9tica s\u00f3lida entra <a href=\"https:\/\/colombia.pochteca.net\/cosmetica-solida-que-es-y-por-que-es-tendencia\/\">aqui.<\/a><\/p>\n","protected":false},"excerpt":{"rendered":"<p>Crema corporal s\u00f3lida, nutritiva para piel reseca, ideal para uso en invierno, pues hidrata a la vez nutre la piel del cuerpo. Es muy pr\u00e1ctica para llevarla en viajes, pues utiliza poco espacio y no se considera como un l\u00edquido. Elaborada de forma artesanal con insumos agroecol\u00f3gicos y\/o org\u00e1nicos<\/p>\n","protected":false},"featured_media":0,"comment_status":"open","ping_status":"closed","template":"","meta":[],"product_brand":[],"product_cat":[332,342],"product_tag":[134,288,478,109,25,30,479],"class_list":{"0":"post-159","1":"product","2":"type-product","3":"status-publish","5":"product_cat-cosmetica","6":"product_cat-vida-cero","7":"product_tag-cosmetica-solida","8":"product_tag-crema","9":"product_tag-crema-solida","10":"product_tag-cuidado-personal","11":"product_tag-natural","12":"product_tag-organico","13":"product_tag-piel-seca","15":"first","16":"instock","17":"shipping-taxable","18":"purchasable","19":"product-type-simple"},"_links":{"self":[{"href":"https:\/\/tlalixpan.com\/index.php?rest_route=\/wp\/v2\/product\/159","targetHints":{"allow":["GET"]}}],"collection":[{"href":"https:\/\/tlalixpan.com\/index.php?rest_route=\/wp\/v2\/product"}],"about":[{"href":"https:\/\/tlalixpan.com\/index.php?rest_route=\/wp\/v2\/types\/product"}],"replies":[{"embeddable":true,"href":"https:\/\/tlalixpan.com\/index.php?rest_route=%2Fwp%2Fv2%2Fcomments&post=159"}],"wp:attachment":[{"href":"https:\/\/tlalixpan.com\/index.php?rest_route=%2Fwp%2Fv2%2Fmedia&parent=159"}],"wp:term":[{"taxonomy":"product_brand","embeddable":true,"href":"https:\/\/tlalixpan.com\/index.php?rest_route=%2Fwp%2Fv2%2Fproduct_brand&post=159"},{"taxonomy":"product_cat","embeddable":true,"href":"https:\/\/tlalixpan.com\/index.php?rest_route=%2Fwp%2Fv2%2Fproduct_cat&post=159"},{"taxonomy":"product_tag","embeddable":true,"href":"https:\/\/tlalixpan.com\/index.php?rest_route=%2Fwp%2Fv2%2Fproduct_tag&post=159"}],"curies":[{"name":"wp","href":"https:\/\/api.w.org\/{rel}","templated":true}]}}