{"id":140,"date":"2026-04-15T00:51:10","date_gmt":"2026-04-15T00:51:10","guid":{"rendered":"https:\/\/tlalixpan.com\/?post_type=product&#038;p=140"},"modified":"2026-04-15T00:57:19","modified_gmt":"2026-04-15T00:57:19","slug":"cm7-obesidad","status":"publish","type":"product","link":"https:\/\/tlalixpan.com\/?product=cm7-obesidad","title":{"rendered":"CM7. Obesidad"},"content":{"rendered":"<h3>Obesidad<\/h3>\n<h3>Marca Lebom \u2013 Presentaci\u00f3n gotero 36 ml<\/h3>\n<p>Compuesto en microdosis para obesidad, colesterol alto, h\u00edgado graso, cirrosis, \u00e1cido \u00farico alto, az\u00facar alta, ri\u00f1ones. \u00a0Uso oral.<\/p>\n<p>Multiples factores influyen para que el cuerpo aumente de peso, guardando un exceso de energ\u00eda o reteniendo l\u00edquidos como una forma de defensa. Para lograr movilizar esta energ\u00eda y l\u00edquidos es necesario utilizar diversas estrategias. Este compuesto, gracias al \u00e1cidohidroxic\u00edtrico, \u00e1cido urs\u00f3litic, ajoeno, alicina, betalainas, boldina, borneal, carotenos, catequina, cinarina, curcumina, curcominiodes, eugenol, fitoesteroles, flovonoides, garcina, lecitina, papa\u00edna, saponina, silimarina, taraxacina, trigonelina y turmenona:<\/p>\n<ul>\n<li>Disminuye o retrasa la absorci\u00f3n de las grasas, por el sistema digestivo, dando tiempo a las fibraspara desecharlas.<\/li>\n<li>&#8220;Quema&#8221; las grasas al favorecer el aumento de la temperatura corporal (contiene m\u00e1s sustancias termog\u00e9nicas: capsicina, cafequina, lipasa, peperina, teina).<\/li>\n<li>Ayuda a suprimir parcialmente la conversi\u00f3n de prote\u00ednasen azucares (glicaci\u00f3n)<\/li>\n<li>Tonifica el h\u00edgado, para que procese de manera \u00f3ptima las grasas, para que reduzca la s\u00edntesis de colesterol y triglic\u00e9ridos, para ayudarlo a desechar las grasas &#8220;quemadas&#8221; (cetosis) o para protegerlode prosibles da\u00f1os.<\/li>\n<li>Protege al h\u00edgado al aumentar el antioxidante glutati\u00f3n.<\/li>\n<li>Ayuda al p\u00e1ncreas a producir insulina y procesar la glucosa (graciasa los terpenos).<\/li>\n<li>Estimula la tiroides, mejorando el metabolismo, por la piperina.<\/li>\n<li>Facilita la evacuaci\u00f3n, tanto del sistema digestivo como del sistema urinario (por el \u00e1cido cafeico, \u00e1cido glic\u00f3lico, asparagina, asparrasaponina, equisetonina, gengeroles, limoneno y selineno).<\/li>\n<\/ul>\n<p>Ingredientes: Cacao, Canela, Cardo mariano, Cebolla, Chile, Cola de caballo, C\u00farcuma, Diente de le\u00f3n, Esp\u00e1rragos, Fenogreco,Garcinia, Jengibre, Lim\u00f3n, Linaza, Moringa, Nispero, Papaya, Pimienta negra, R\u00e1bano, Remolacha, T\u00e9 rojo.<\/p>\n","protected":false},"excerpt":{"rendered":"<p>MARCA LEBOM. COMPUESTO EN MICRODOSIS PARA OBESIDAD, COLESTEROL ALTO, H\u00cdGADO GRASO, CIRROSIS, \u00c1CIDO \u00daRICO ALTO, AZ\u00daCAR ALTA, RI\u00d1ONES. \u00a0USO ORAL \u2013 PRESENTACI\u00d3N GOTERO 36 ML<\/p>\n","protected":false},"featured_media":0,"comment_status":"open","ping_status":"closed","template":"","meta":[],"product_brand":[],"product_cat":[133],"product_tag":[428,443,30,56,223,32],"class_list":{"0":"post-140","1":"product","2":"type-product","3":"status-publish","5":"product_cat-alternativas-y-microdosis","6":"product_tag-microdosis","7":"product_tag-obesidad","8":"product_tag-organico","9":"product_tag-plantas-medicinales","10":"product_tag-prevencion","11":"product_tag-salud","13":"first","14":"instock","15":"shipping-taxable","16":"purchasable","17":"product-type-simple"},"_links":{"self":[{"href":"https:\/\/tlalixpan.com\/index.php?rest_route=\/wp\/v2\/product\/140","targetHints":{"allow":["GET"]}}],"collection":[{"href":"https:\/\/tlalixpan.com\/index.php?rest_route=\/wp\/v2\/product"}],"about":[{"href":"https:\/\/tlalixpan.com\/index.php?rest_route=\/wp\/v2\/types\/product"}],"replies":[{"embeddable":true,"href":"https:\/\/tlalixpan.com\/index.php?rest_route=%2Fwp%2Fv2%2Fcomments&post=140"}],"wp:attachment":[{"href":"https:\/\/tlalixpan.com\/index.php?rest_route=%2Fwp%2Fv2%2Fmedia&parent=140"}],"wp:term":[{"taxonomy":"product_brand","embeddable":true,"href":"https:\/\/tlalixpan.com\/index.php?rest_route=%2Fwp%2Fv2%2Fproduct_brand&post=140"},{"taxonomy":"product_cat","embeddable":true,"href":"https:\/\/tlalixpan.com\/index.php?rest_route=%2Fwp%2Fv2%2Fproduct_cat&post=140"},{"taxonomy":"product_tag","embeddable":true,"href":"https:\/\/tlalixpan.com\/index.php?rest_route=%2Fwp%2Fv2%2Fproduct_tag&post=140"}],"curies":[{"name":"wp","href":"https:\/\/api.w.org\/{rel}","templated":true}]}}