{"id":138,"date":"2026-04-15T00:50:37","date_gmt":"2026-04-15T00:50:37","guid":{"rendered":"https:\/\/tlalixpan.com\/?post_type=product&#038;p=138"},"modified":"2026-04-15T00:57:03","modified_gmt":"2026-04-15T00:57:03","slug":"cm5-regenerador","status":"publish","type":"product","link":"https:\/\/tlalixpan.com\/?product=cm5-regenerador","title":{"rendered":"CM5. Regenerador"},"content":{"rendered":"<h3>Regenerador<\/h3>\n<h4>Marca Lebom \u2013 Presentaci\u00f3n Gotero 36 ml<\/h4>\n<p>Compuesto en microdosis para \u00falceras, osteoporosis, inflamaciones, v\u00e1rices, heridas, llagas. \u00a0Uso oral y t\u00f3pico.<\/p>\n<p>Este compuesto, gracias a sus sustancias (\u00e1cido gamma linol\u00e9nico, calendul\u00f3sidos, calendulina, aesculina, aescina, alanto\u00edna, capsaicina, silicio, alcaloides, pirrozicl\u00ednicas, aloeferon, antraquinona, acemannan):<\/p>\n<ul>\n<li>Reducelos procesos inflamatorios<\/li>\n<li>Detiene hemorragias<\/li>\n<li>Acelera los procesos de cicatrizaci\u00f3n<\/li>\n<li>Suaviza cicatrices y remueve c\u00e9lulas muertas<\/li>\n<li>Repara piel, tejidos y \u00f3rganos<\/li>\n<li>Protege vasos sangu\u00edneos<\/li>\n<li>Ayuda a &#8220;soldar&#8221; huesos<\/li>\n<\/ul>\n<p>Estas propiedades son muy \u00fatilesen caso de heridas, \u00falceras bucales (aftas), \u00falceras estomacales, llagas, grietas, quemaduras, hemorragias, picaduras de insectos, fracturas o quebraduras, esguinces, rotura de ligamentos, tendinitis, osteoporosis, dermatitis, manchas en la piel, v\u00e1rices, ara\u00f1as vasculares, flebitis, hemorroides, Alzheimer.<\/p>\n<p>Ingredientes: Borraja, Calendula, Casta\u00f1o de indias, Chile, Cola de caballo, Consuelda, Llant\u00e9n, Manzanilla, Ping\u00fcica, S\u00e1bila, Sangre de dragon, Simpre viva.<\/p>\n","protected":false},"excerpt":{"rendered":"<p>Marca Lebom. Compuesto en Microdosis Regenerador para ulceras, Osteoporosis, Inflamaciones, V\u00e1rices, Heridas, Llagas. Oral y T\u00f3pica<\/p>\n","protected":false},"featured_media":0,"comment_status":"open","ping_status":"closed","template":"","meta":[],"product_brand":[],"product_cat":[133],"product_tag":[428,439,30,56,440,32,433],"class_list":{"0":"post-138","1":"product","2":"type-product","3":"status-publish","5":"product_cat-alternativas-y-microdosis","6":"product_tag-microdosis","7":"product_tag-oral","8":"product_tag-organico","9":"product_tag-plantas-medicinales","10":"product_tag-regenerador-interno","11":"product_tag-salud","12":"product_tag-topico","14":"first","15":"instock","16":"shipping-taxable","17":"purchasable","18":"product-type-simple"},"_links":{"self":[{"href":"https:\/\/tlalixpan.com\/index.php?rest_route=\/wp\/v2\/product\/138","targetHints":{"allow":["GET"]}}],"collection":[{"href":"https:\/\/tlalixpan.com\/index.php?rest_route=\/wp\/v2\/product"}],"about":[{"href":"https:\/\/tlalixpan.com\/index.php?rest_route=\/wp\/v2\/types\/product"}],"replies":[{"embeddable":true,"href":"https:\/\/tlalixpan.com\/index.php?rest_route=%2Fwp%2Fv2%2Fcomments&post=138"}],"wp:attachment":[{"href":"https:\/\/tlalixpan.com\/index.php?rest_route=%2Fwp%2Fv2%2Fmedia&parent=138"}],"wp:term":[{"taxonomy":"product_brand","embeddable":true,"href":"https:\/\/tlalixpan.com\/index.php?rest_route=%2Fwp%2Fv2%2Fproduct_brand&post=138"},{"taxonomy":"product_cat","embeddable":true,"href":"https:\/\/tlalixpan.com\/index.php?rest_route=%2Fwp%2Fv2%2Fproduct_cat&post=138"},{"taxonomy":"product_tag","embeddable":true,"href":"https:\/\/tlalixpan.com\/index.php?rest_route=%2Fwp%2Fv2%2Fproduct_tag&post=138"}],"curies":[{"name":"wp","href":"https:\/\/api.w.org\/{rel}","templated":true}]}}