{"id":135,"date":"2026-04-15T00:49:49","date_gmt":"2026-04-15T00:49:49","guid":{"rendered":"https:\/\/tlalixpan.com\/?post_type=product&#038;p=135"},"modified":"2026-04-15T00:56:30","modified_gmt":"2026-04-15T00:56:30","slug":"cm2-colesterol","status":"publish","type":"product","link":"https:\/\/tlalixpan.com\/?product=cm2-colesterol","title":{"rendered":"CM2. Colesterol"},"content":{"rendered":"<h3>Colesterol<\/h3>\n<h4>Marca Lebom &#8211; Presentaci\u00f3n Gotero 37 ml<\/h4>\n<p>Compuesto en microdosis para colesterol, circulaci\u00f3n, digesti\u00f3n, h\u00edgado, estre\u00f1imiento. \u00a0Uso oral.<\/p>\n<ul>\n<li>Ayuda a elevar el colesterol &#8220;bueno &#8221; y reducir el &#8220;malo&#8221;, por los \u00e1cidos grasos monoindaturados como el omega 9, cafeico, linoleico, oleico.<\/li>\n<li>Evita la absorci\u00f3n del colesterol, gracias al escualeno, ayuda en el metabolismo de las grasas, disminuyelos iveles de triglic\u00e9rido y colesterol, por la lecitina, saponina, catequina, papa\u00ednay cinarina.<\/li>\n<li>Protege al h\u00edgado y ayuda a bajar de peso, lo que ayuda en caso de h\u00edgado graso y obesidad.<\/li>\n<li>Ayuda a &#8220;quemar&#8221; la grasa, gracias a la catequina que es termog\u00e9nica.<\/li>\n<li>Ayuda a fluidificar la sangre lo que previene la aparici\u00f3n de trombos y los disuelve, mejora la circulaci\u00f3n, en general, as\u00ed como la circulaci\u00f3n en las manos, los pies, dentro de la cabeza, por los componentes sulfurosos, rutina espiridina y cumarinas.<\/li>\n<\/ul>\n<p>Ingredientes: Aguacate, Ajo, Alcachofa, Alfalfa, Avena, Azafr\u00e1n, Berenjena, T\u00e9 rojo, Jengibre, Lim\u00f3n, Mu\u00e9rdago, Oliva, Papaya, Trigo<\/p>\n","protected":false},"excerpt":{"rendered":"<p>MARCA LEBOM. COMPUESTO EN MICRODOSIS PARA COLESTEROL, CIRCULACI\u00d3N, DIGESTI\u00d3N, H\u00cdGADO, ESTRE\u00d1IMIENTO. \u00a0USO ORAL\u00a0 &#8211; PRESENTACI\u00d3N GOTERO 37 ML<\/p>\n","protected":false},"featured_media":0,"comment_status":"open","ping_status":"closed","template":"","meta":[],"product_brand":[],"product_cat":[133],"product_tag":[434,428,31,223,32],"class_list":{"0":"post-135","1":"product","2":"type-product","3":"status-publish","5":"product_cat-alternativas-y-microdosis","6":"product_tag-colesterol","7":"product_tag-microdosis","8":"product_tag-organicos","9":"product_tag-prevencion","10":"product_tag-salud","12":"first","13":"instock","14":"shipping-taxable","15":"purchasable","16":"product-type-simple"},"_links":{"self":[{"href":"https:\/\/tlalixpan.com\/index.php?rest_route=\/wp\/v2\/product\/135","targetHints":{"allow":["GET"]}}],"collection":[{"href":"https:\/\/tlalixpan.com\/index.php?rest_route=\/wp\/v2\/product"}],"about":[{"href":"https:\/\/tlalixpan.com\/index.php?rest_route=\/wp\/v2\/types\/product"}],"replies":[{"embeddable":true,"href":"https:\/\/tlalixpan.com\/index.php?rest_route=%2Fwp%2Fv2%2Fcomments&post=135"}],"wp:attachment":[{"href":"https:\/\/tlalixpan.com\/index.php?rest_route=%2Fwp%2Fv2%2Fmedia&parent=135"}],"wp:term":[{"taxonomy":"product_brand","embeddable":true,"href":"https:\/\/tlalixpan.com\/index.php?rest_route=%2Fwp%2Fv2%2Fproduct_brand&post=135"},{"taxonomy":"product_cat","embeddable":true,"href":"https:\/\/tlalixpan.com\/index.php?rest_route=%2Fwp%2Fv2%2Fproduct_cat&post=135"},{"taxonomy":"product_tag","embeddable":true,"href":"https:\/\/tlalixpan.com\/index.php?rest_route=%2Fwp%2Fv2%2Fproduct_tag&post=135"}],"curies":[{"name":"wp","href":"https:\/\/api.w.org\/{rel}","templated":true}]}}