{"id":133,"date":"2026-04-15T00:49:16","date_gmt":"2026-04-15T00:49:16","guid":{"rendered":"https:\/\/tlalixpan.com\/?post_type=product&#038;p=133"},"modified":"2026-04-15T00:56:14","modified_gmt":"2026-04-15T00:56:14","slug":"dmso-37-ml","status":"publish","type":"product","link":"https:\/\/tlalixpan.com\/?product=dmso-37-ml","title":{"rendered":"DMSO 37 ml"},"content":{"rendered":"<h3>DMSO &#8211; DIMETILSULFIXIDO<\/h3>\n<h4>MARCA LEBOM &#8211; PRESENTACI\u00d3N GOTERO 37 ML<\/h4>\n<p>Dimetilsulf\u00edxido para inflamaciones, v\u00e1rices, contracturas, Uso T\u00f3pico.<\/p>\n<p>El DMSO, atraviesa f\u00e1cilmentela piel, las membranas mucosas y la membrana hematoencef\u00e1lica. Estudios realizados desde 1963 revelaron que pod\u00eda aliviar el dolor, reducir la inflamaci\u00f3n, impedir el crecimiento bacteriano, suvizar el tejido cicatrizado, mejorar el suministro sanguineo. Es un excelente calmante y relajante muscular y act\u00faa como freno contra la inflamaci\u00f3n en el cuerpo, tambi\u00e9n como diur\u00e9tico.<\/p>\n<p>Adicionalemente, se han observado mejor\u00edas en los siguientes s\u00edntomas: dolor de esguinces, torceduras, quemaduras, artritis, en huesos fracturados, ayuda a controlar los dolores, puede favorecer la regulaci\u00f3n del sistema inmune.<\/p>\n<p>Se ha demostrado que ayuda a eliminar virus y hongos, y puede ser eficaz contra las cataratas, lesiones deportivas, esclerodermina, miastenia grave y otras enfermedades. Encuentra m\u00e1s alternativas en nuetra <a href=\"https:\/\/tlalixpan.com\/alternativas\/\">tienda en linea.<\/a><\/p>\n<p><a href=\"https:\/\/palig.com\/es\/us\/wellness-hub\/p\/que-es-el-dmso-y-para-que-se-usa\">\u00bfQu\u00e9 es y para que se usa?<\/a><\/p>\n","protected":false},"excerpt":{"rendered":"<p>Marca LEBOM. DMSO, Dimetilsolf\u00edxido, \u00fatil para inflamaciones, v\u00e1rices , contracturas y dolor -GOTERO 37 ML<\/p>\n","protected":false},"featured_media":0,"comment_status":"open","ping_status":"closed","template":"","meta":[],"product_brand":[],"product_cat":[133],"product_tag":[430,431,432,55,428,32,433],"class_list":{"0":"post-133","1":"product","2":"type-product","3":"status-publish","5":"product_cat-alternativas-y-microdosis","6":"product_tag-dimetilsulfixido","7":"product_tag-dmso","8":"product_tag-doleres","9":"product_tag-medicina-alternativa","10":"product_tag-microdosis","11":"product_tag-salud","12":"product_tag-topico","14":"first","15":"instock","16":"shipping-taxable","17":"purchasable","18":"product-type-simple"},"_links":{"self":[{"href":"https:\/\/tlalixpan.com\/index.php?rest_route=\/wp\/v2\/product\/133","targetHints":{"allow":["GET"]}}],"collection":[{"href":"https:\/\/tlalixpan.com\/index.php?rest_route=\/wp\/v2\/product"}],"about":[{"href":"https:\/\/tlalixpan.com\/index.php?rest_route=\/wp\/v2\/types\/product"}],"replies":[{"embeddable":true,"href":"https:\/\/tlalixpan.com\/index.php?rest_route=%2Fwp%2Fv2%2Fcomments&post=133"}],"wp:attachment":[{"href":"https:\/\/tlalixpan.com\/index.php?rest_route=%2Fwp%2Fv2%2Fmedia&parent=133"}],"wp:term":[{"taxonomy":"product_brand","embeddable":true,"href":"https:\/\/tlalixpan.com\/index.php?rest_route=%2Fwp%2Fv2%2Fproduct_brand&post=133"},{"taxonomy":"product_cat","embeddable":true,"href":"https:\/\/tlalixpan.com\/index.php?rest_route=%2Fwp%2Fv2%2Fproduct_cat&post=133"},{"taxonomy":"product_tag","embeddable":true,"href":"https:\/\/tlalixpan.com\/index.php?rest_route=%2Fwp%2Fv2%2Fproduct_tag&post=133"}],"curies":[{"name":"wp","href":"https:\/\/api.w.org\/{rel}","templated":true}]}}