{"id":129,"date":"2026-04-15T00:48:03","date_gmt":"2026-04-15T00:48:03","guid":{"rendered":"https:\/\/tlalixpan.com\/?post_type=product&#038;p=129"},"modified":"2026-04-15T00:55:42","modified_gmt":"2026-04-15T00:55:42","slug":"jabon-de-lavanderia-400grs","status":"publish","type":"product","link":"https:\/\/tlalixpan.com\/?product=jabon-de-lavanderia-400grs","title":{"rendered":"Jab\u00f3n de Lavander\u00eda 400grs"},"content":{"rendered":"<h2>Jab\u00f3n de Lavander\u00eda Garcia<\/h2>\n<h4>Marca Jabones Garcia &#8211; Presentaci\u00f3n Barra de 400 grs<\/h4>\n<p>Es un detergente en barra amarilla, totalmente biodegradable hecho con productos naturales, no contamina y no contiene fosfatos.<\/p>\n<p>Hecho con <a href=\"https:\/\/tlalixpan.com\/alimenticio\/aceites\/aceite-de-coco\/\">Aceite de Coco<\/a> que se extrae de la pulpa o la carne del fruto; se prensa y se convierte en \u201ccopra\u201d, una sustancia que desecada da lugar al aceite de coco, muy apreciado en la industria cosm\u00e9tica para la fabricaci\u00f3n de jabones y cremas; y Brea de Pino que ess una sustancia pegajosa procesada desde la madera que se utiliza para la fabricaci\u00f3n de jabones, desinfectantes y medicinas.<\/p>\n<p>Usada en este producto funciona como un detergente natural que nos da el bosque, que desmancha y blanquea la ropa sin contaminar.<\/p>\n<p>Es multifuncionalidad\u00a0 por la seria de usos en los que se puede aplicar entre los que est\u00e1n el lavado de ropa, trastes, cuerpo y mas.\u00a0 Se puede derretir y aplicarse de muchas formas.<\/p>\n<p>Por sus ingredientes y proceso de saponificaci\u00f3n tiene propiedades antibacteriales y virales, pues rompe la capa externa de grasa de los microorganismos. Es por este mismo principio que es f\u00e1cil quitar las manchas de la ropa.<\/p>\n<p>Por ser biodegradable puedes derretirlo en 5 litros de agua y usarlo en tu huerto en aspersi\u00f3n en una dosis de 1 ml x litro de agua para controlar algunos insectos plaga, tambi\u00e9n.<\/p>\n<p>Para pedir una caja solicita 20 piezas.<\/p>\n<p>Para saber m\u00e1s de este producto entra<a href=\"https:\/\/www.facebook.com\/jabonesgarcia\"> aqui.<\/a><\/p>\n","protected":false},"excerpt":{"rendered":"<p>Jab\u00f3n de lavanderia 100% natural, biodegradable, ideal para el lavado de ropa, como desmanchante, pero apto para el ba\u00f1o diario, para lavar trastes, ba\u00f1os y otras superficies. De la marca tapat\u00eda Jabones Garcia. Pieza de jab\u00f3n de 300-400 grs<\/p>\n<p>&nbsp;<\/p>\n","protected":false},"featured_media":0,"comment_status":"open","ping_status":"closed","template":"","meta":[],"product_brand":[],"product_cat":[142,337],"product_tag":[262,380,412,413,414,407,415,36],"class_list":{"0":"post-129","1":"product","2":"type-product","3":"status-publish","5":"product_cat-jardinerias-y-huertos","6":"product_cat-limpieza","7":"product_tag-biodegradable","8":"product_tag-jabon","9":"product_tag-jabon-amarilllo","10":"product_tag-jabon-garcia","11":"product_tag-lavanderia","12":"product_tag-limpieza","13":"product_tag-ropa","14":"product_tag-zerowaste","16":"first","17":"instock","18":"shipping-taxable","19":"purchasable","20":"product-type-simple"},"_links":{"self":[{"href":"https:\/\/tlalixpan.com\/index.php?rest_route=\/wp\/v2\/product\/129","targetHints":{"allow":["GET"]}}],"collection":[{"href":"https:\/\/tlalixpan.com\/index.php?rest_route=\/wp\/v2\/product"}],"about":[{"href":"https:\/\/tlalixpan.com\/index.php?rest_route=\/wp\/v2\/types\/product"}],"replies":[{"embeddable":true,"href":"https:\/\/tlalixpan.com\/index.php?rest_route=%2Fwp%2Fv2%2Fcomments&post=129"}],"wp:attachment":[{"href":"https:\/\/tlalixpan.com\/index.php?rest_route=%2Fwp%2Fv2%2Fmedia&parent=129"}],"wp:term":[{"taxonomy":"product_brand","embeddable":true,"href":"https:\/\/tlalixpan.com\/index.php?rest_route=%2Fwp%2Fv2%2Fproduct_brand&post=129"},{"taxonomy":"product_cat","embeddable":true,"href":"https:\/\/tlalixpan.com\/index.php?rest_route=%2Fwp%2Fv2%2Fproduct_cat&post=129"},{"taxonomy":"product_tag","embeddable":true,"href":"https:\/\/tlalixpan.com\/index.php?rest_route=%2Fwp%2Fv2%2Fproduct_tag&post=129"}],"curies":[{"name":"wp","href":"https:\/\/api.w.org\/{rel}","templated":true}]}}